{"id":1074,"date":"2013-12-02T08:52:52","date_gmt":"2013-12-02T08:52:52","guid":{"rendered":"http:\/\/kellertheater-lindenhof.ch\/content\/?page_id=1074"},"modified":"2024-04-24T19:55:43","modified_gmt":"2024-04-24T19:55:43","slug":"gutscheine","status":"publish","type":"page","link":"https:\/\/kellertheater-lindenhof.ch\/content\/?page_id=1074","title":{"rendered":"Geschenk-Gutscheine"},"content":{"rendered":"<div>Sie sind zu einem Fest eingeladen, zu einem Abendessen, einer Jubil\u00e4umsveranstaltung? Sie m\u00f6chten ihren Mitarbeiter\/innen ihre Wertsch\u00e4tzung ausdr\u00fccken oder jemanden \u00fcberraschen? Sie haben noch kein passendes Weihnachts- oder Geburtstagsgeschenk?<\/div>\n<div>\u00a0<\/div>\n<div><strong>Mit einem Gutschein vom Kellertheater Lindenhof haben Sie immer ein passendes Pr\u00e4sent zur Hand. Ein Gutschein kostet CHF 35.00.<\/strong><\/div>\n<div>\u00a0<\/div>\n<blockquote>\n<div>Gutscheine erhalten Sie direkt an der Abendkasse oder unter: <a href=\"mailto:info@kellertheater-lindenhof.ch\">info@kellertheater-lindenhof.ch<\/a><\/div>\n<\/blockquote>\n<div>\u00a0<\/div>\n\n\n<hr class=\"wp-block-separator has-alpha-channel-opacity is-style-wide\"\/>\n\n\n\n<figure class=\"wp-block-image size-large\"><img loading=\"lazy\" decoding=\"async\" width=\"701\" height=\"1024\" src=\"https:\/\/kellertheater-lindenhof.ch\/content\/wp-content\/uploads\/2024\/04\/Gutschein_KTL-701x1024.png\" alt=\"\" class=\"wp-image-3461\" srcset=\"https:\/\/kellertheater-lindenhof.ch\/content\/wp-content\/uploads\/2024\/04\/Gutschein_KTL-701x1024.png 701w, https:\/\/kellertheater-lindenhof.ch\/content\/wp-content\/uploads\/2024\/04\/Gutschein_KTL-205x300.png 205w, https:\/\/kellertheater-lindenhof.ch\/content\/wp-content\/uploads\/2024\/04\/Gutschein_KTL-768x1122.png 768w, https:\/\/kellertheater-lindenhof.ch\/content\/wp-content\/uploads\/2024\/04\/Gutschein_KTL-1052x1536.png 1052w, https:\/\/kellertheater-lindenhof.ch\/content\/wp-content\/uploads\/2024\/04\/Gutschein_KTL-1402x2048.png 1402w, https:\/\/kellertheater-lindenhof.ch\/content\/wp-content\/uploads\/2024\/04\/Gutschein_KTL.png 1598w\" sizes=\"auto, (max-width: 701px) 100vw, 701px\" \/><\/figure>\n","protected":false},"excerpt":{"rendered":"<p>Sie sind zu einem Fest eingeladen, zu einem Abendessen, einer Jubil\u00e4umsveranstaltung? Sie m\u00f6chten ihren Mitarbeiter\/innen ihre Wertsch\u00e4tzung ausdr\u00fccken oder jemanden \u00fcberraschen? Sie haben noch kein passendes Weihnachts- oder Geburtstagsgeschenk? \u00a0 Mit einem Gutschein vom Kellertheater Lindenhof haben Sie immer ein &hellip; <a href=\"https:\/\/kellertheater-lindenhof.ch\/content\/?page_id=1074\">Weiterlesen <span class=\"meta-nav\">&rarr;<\/span><\/a><\/p>\n","protected":false},"author":8,"featured_media":0,"parent":1651,"menu_order":1,"comment_status":"closed","ping_status":"closed","template":"","meta":{"footnotes":""},"class_list":["post-1074","page","type-page","status-publish","hentry"],"_links":{"self":[{"href":"https:\/\/kellertheater-lindenhof.ch\/content\/index.php?rest_route=\/wp\/v2\/pages\/1074","targetHints":{"allow":["GET"]}}],"collection":[{"href":"https:\/\/kellertheater-lindenhof.ch\/content\/index.php?rest_route=\/wp\/v2\/pages"}],"about":[{"href":"https:\/\/kellertheater-lindenhof.ch\/content\/index.php?rest_route=\/wp\/v2\/types\/page"}],"author":[{"embeddable":true,"href":"https:\/\/kellertheater-lindenhof.ch\/content\/index.php?rest_route=\/wp\/v2\/users\/8"}],"replies":[{"embeddable":true,"href":"https:\/\/kellertheater-lindenhof.ch\/content\/index.php?rest_route=%2Fwp%2Fv2%2Fcomments&post=1074"}],"version-history":[{"count":14,"href":"https:\/\/kellertheater-lindenhof.ch\/content\/index.php?rest_route=\/wp\/v2\/pages\/1074\/revisions"}],"predecessor-version":[{"id":3465,"href":"https:\/\/kellertheater-lindenhof.ch\/content\/index.php?rest_route=\/wp\/v2\/pages\/1074\/revisions\/3465"}],"up":[{"embeddable":true,"href":"https:\/\/kellertheater-lindenhof.ch\/content\/index.php?rest_route=\/wp\/v2\/pages\/1651"}],"wp:attachment":[{"href":"https:\/\/kellertheater-lindenhof.ch\/content\/index.php?rest_route=%2Fwp%2Fv2%2Fmedia&parent=1074"}],"curies":[{"name":"wp","href":"https:\/\/api.w.org\/{rel}","templated":true}]}}