{"id":119,"date":"2012-06-11T07:08:47","date_gmt":"2012-06-11T07:08:47","guid":{"rendered":"http:\/\/kellertheater-lindenhof.ch\/content\/?page_id=119"},"modified":"2024-06-24T08:12:49","modified_gmt":"2024-06-24T08:12:49","slug":"unsere-partner","status":"publish","type":"page","link":"https:\/\/kellertheater-lindenhof.ch\/content\/?page_id=119","title":{"rendered":"Verein"},"content":{"rendered":"<p><span style=\"line-height: 1.6em;\">Der Verein Kellertheater Lindenhof konnte am 17. Oktober 2012 gegr\u00fcndet werden! Dies ist wahrlich ein historisches Datum f\u00fcr die Kultur in B\u00fcren a.A. Es w\u00fcrde uns freuen, wenn auch Sie Mitglied werden und dadurch helfen, dass der Verein seine ehrgeizigen Ziele erreichen kann.\u00a0 Unter \u201e<a href=\"http:\/\/kellertheater-lindenhof.ch\/content\/?page_id=1018\">Mitglied werden<\/a>\u201c finden Sie das Anmeldeformular das Sie uns per Post zuschicken, oder <a href=\"mailto:info@kellertheater-lindenhof.ch?subject=Kontaktformular\">per Mail<\/a> an <\/span><a href=\"mailto:info@kellertheater-lindenhof.ch?subject=Kontaktaufnahme%20Website\">info@kellertheater-lindenhof.ch<\/a><span style=\"line-height: 1.6em;\"> senden k\u00f6nnen.<\/span><\/p>\n<p><img decoding=\"async\" style=\"width: 476px; height: 640px; font-size: 13px; opacity: 0.9;\" src=\"http:\/\/kellertheater-lindenhof.ch\/content\/wp-content\/uploads\/2012\/10\/Foto.jpg\" alt=\"\" \/><\/p>\n<ul>\n<li><a href=\"http:\/\/kellertheater-lindenhof.ch\/content\/?page_id=1018\">Mitglied werden<\/a><\/li>\n<li><a href=\"http:\/\/kellertheater-lindenhof.ch\/content\/?page_id=385\">Sponsoren<\/a><\/li>\n<li><a href=\"http:\/\/kellertheater-lindenhof.ch\/content\/?page_id=168\">Organisation<\/a><\/li>\n<li><a href=\"http:\/\/kellertheater-lindenhof.ch\/content\/?page_id=170\">Statuten<\/a><\/li>\n<li><a href=\"https:\/\/kellertheater-lindenhof.ch\/content\/?page_id=1459\">Hauptversammlung<\/a><\/li>\n<li><a href=\"https:\/\/kellertheater-lindenhof.ch\/content\/?page_id=2403\">Datenschutz<\/a><\/li>\n<\/ul>\n","protected":false},"excerpt":{"rendered":"<p>Der Verein Kellertheater Lindenhof konnte am 17. Oktober 2012 gegr\u00fcndet werden! Dies ist wahrlich ein historisches Datum f\u00fcr die Kultur in B\u00fcren a.A. Es w\u00fcrde uns freuen, wenn auch Sie Mitglied werden und dadurch helfen, dass der Verein seine ehrgeizigen &hellip; <a href=\"https:\/\/kellertheater-lindenhof.ch\/content\/?page_id=119\">Weiterlesen <span class=\"meta-nav\">&rarr;<\/span><\/a><\/p>\n","protected":false},"author":8,"featured_media":0,"parent":0,"menu_order":1,"comment_status":"closed","ping_status":"closed","template":"","meta":{"footnotes":""},"class_list":["post-119","page","type-page","status-publish","hentry"],"_links":{"self":[{"href":"https:\/\/kellertheater-lindenhof.ch\/content\/index.php?rest_route=\/wp\/v2\/pages\/119","targetHints":{"allow":["GET"]}}],"collection":[{"href":"https:\/\/kellertheater-lindenhof.ch\/content\/index.php?rest_route=\/wp\/v2\/pages"}],"about":[{"href":"https:\/\/kellertheater-lindenhof.ch\/content\/index.php?rest_route=\/wp\/v2\/types\/page"}],"author":[{"embeddable":true,"href":"https:\/\/kellertheater-lindenhof.ch\/content\/index.php?rest_route=\/wp\/v2\/users\/8"}],"replies":[{"embeddable":true,"href":"https:\/\/kellertheater-lindenhof.ch\/content\/index.php?rest_route=%2Fwp%2Fv2%2Fcomments&post=119"}],"version-history":[{"count":17,"href":"https:\/\/kellertheater-lindenhof.ch\/content\/index.php?rest_route=\/wp\/v2\/pages\/119\/revisions"}],"predecessor-version":[{"id":3496,"href":"https:\/\/kellertheater-lindenhof.ch\/content\/index.php?rest_route=\/wp\/v2\/pages\/119\/revisions\/3496"}],"wp:attachment":[{"href":"https:\/\/kellertheater-lindenhof.ch\/content\/index.php?rest_route=%2Fwp%2Fv2%2Fmedia&parent=119"}],"curies":[{"name":"wp","href":"https:\/\/api.w.org\/{rel}","templated":true}]}}