{"id":13,"date":"2012-05-30T14:45:50","date_gmt":"2012-05-30T14:45:50","guid":{"rendered":"http:\/\/kellertheater-lindenhof.ch\/content\/?page_id=13"},"modified":"2016-05-06T13:15:04","modified_gmt":"2016-05-06T13:15:04","slug":"unterseite","status":"publish","type":"page","link":"https:\/\/kellertheater-lindenhof.ch\/content\/?page_id=13","title":{"rendered":"Archiv 2013\/2014"},"content":{"rendered":"<p><span style=\"font-size: 20px;\"><span style=\"color: rgb(0, 128, 0);\"><strong style=\"line-height: 1.6em;\">Programm 2013<\/strong><\/span><\/span><\/p>\n<table align=\"left\" border=\"0\" cellpadding=\"1\" cellspacing=\"1\" dir=\"ltr\" style=\"width: 100%;\">\n<tbody>\n<tr>\n<td>\n<p style=\"font-size: 13px;\"><span style=\"color: rgb(0, 128, 0); line-height: 1.6em;\">Freitag,<\/span><br \/>\n\t\t\t\t\t<span style=\"color: rgb(0, 128, 0); line-height: 1.6em;\">18.<\/span><span style=\"color: rgb(0, 128, 0); line-height: 1.6em;\">Oktober<\/span><br \/>\n\t\t\t\t\t<span style=\"color: rgb(0, 128, 0); line-height: 1.6em;\">2<\/span><span style=\"color: rgb(0, 128, 0); line-height: 1.6em;\">0.15 Uhr<\/span><\/p>\n<\/td>\n<td>\n<p><span style=\"color: rgb(0, 128, 0);\"><strong>Theater- und Saisoner\u00f6ffnung<\/strong><br \/>\n\t\t\t\t\tmit Tatort Kommissar Joachim Kr\u00f2l, (Frank Steier) liest (und spielt)<em><strong>&#8222;URFAUST&#8220;,<\/strong><\/em>ein Jugendwerk Johann Wolfgang von Goethes.<\/span><\/p>\n<p><a href=\"http:\/\/kellertheater-lindenhof.ch\/content\/?event=theater-und-saisoneroeffnung-mit-joachim-krol\">[Weiter lesen]<\/a><\/p>\n<\/td>\n<\/tr>\n<tr>\n<td><span style=\"color: rgb(0, 128, 0);\">Samstag,<br \/>\n\t\t\t\t19. Oktober<br \/>\n\t\t\t\t20.15 Uhr<\/span><\/td>\n<td>\n<p><span style=\"color: rgb(0, 128, 0);\"><strong>Theater- und Saisoner\u00f6ffnung<\/strong><br \/>\n\t\t\t\t\tmit Susanne Kunz \u201eElsbeth, eine Tischbombe reitet aus\u201c, bitterb\u00f6se Satire \u00fcber Instant-Promis.<\/span><\/p>\n<p><span style=\"color: rgb(0, 128, 0);\"><strong>A U S V E R K A U F T ! A U S V E R K A U F T !<\/strong><\/span><\/p>\n<p><a href=\"http:\/\/kellertheater-lindenhof.ch\/content\/?event=theater-und-saisoneroeffnung\">[Weiter lesen]<\/a><\/p>\n<\/td>\n<\/tr>\n<tr>\n<td>\n<p><span style=\"color: rgb(0, 128, 0);\">Samstag,<br \/>\n\t\t\t\t\t9.&nbsp;November<br \/>\n\t\t\t\t\t20.15 Uhr&nbsp;<\/span><\/p>\n<\/td>\n<td>\n<p><span style=\"color: rgb(0, 128, 0); line-height: 1.6em;\"><b>Lisa Catena, mit &#8222;W\u00e4utfriede&#8220;<\/b><br \/>\n\t\t\t\t\tMundart Satire, ein Blumenkind im betonharten Alltag! Die 68er haben Spuren hinterlassen &#8211; und eine Rudolf-Steiner-Generation, die sich in der kalten Realit\u00e4t behaupten muss.<\/span><\/p>\n<p><a href=\"http:\/\/kellertheater-lindenhof.ch\/content\/?event=waeutfriede-lisa-catena\">[Weiter lesen]<\/a><\/p>\n<\/td>\n<\/tr>\n<tr>\n<td><span style=\"color: rgb(0, 128, 0);\">Samstag,<br \/>\n\t\t\t\t30. November<br \/>\n\t\t\t\t20.15 Uhr<\/span><\/td>\n<td>\n<p><span style=\"color: rgb(0, 128, 0);\">\u201e<strong>Swing Time Big Band B\u00fcren<\/strong>\u201c,<br \/>\n\t\t\t\t\tgehobene Unterhaltungsmusik im Swingstil<\/span><\/p>\n<p><a href=\"http:\/\/kellertheater-lindenhof.ch\/content\/?event=swing-time-big-band-bueren\">[Weiter lesen]<\/a><\/p>\n<\/td>\n<\/tr>\n<tr>\n<td>\n<p><span style=\"color: rgb(0, 128, 0); line-height: 1.6em;\">Samstag,<br \/>\n\t\t\t\t\t7. Dezember<br \/>\n\t\t\t\t\t20.15 Uhr<\/span><\/p>\n<\/td>\n<td>\n<p><span style=\"color: rgb(0, 128, 0); line-height: 1.6em;\"><strong><em>\u201eLoriot\u201c,<\/em> mit Silvia Jost und Andreas Berger<\/strong><br \/>\n\t\t\t\t\t<em>\u201eIch sitze hier, weil es mir Spass macht&#8220;<\/em>&#8211; vereinigt Szenen und Sketches des grossen \u201eLoriot\u201c.<\/span><\/p>\n<p><a href=\"http:\/\/kellertheater-lindenhof.ch\/content\/?event=loriot\">[Weiter lesen]<\/a><\/p>\n<\/td>\n<\/tr>\n<tr>\n<td><font color=\"#008000\">(* <\/font><span style=\"color: rgb(0, 128, 0);\">Sonntag,<br \/>\n\t\t\t\t8. Dezember<br \/>\n\t\t\t\t16.00&nbsp;&#8211;<br \/>\n\t\t\t\t17.30 Uhr<\/span><\/td>\n<td>\n<p><span style=\"color: rgb(0, 128, 0);\"><strong>\u201eM\u00e4rchenzeit f\u00fcr Erwachsene\u201c<\/strong><br \/>\n\t\t\t\t\tmit den <em>Baerner Ploudertaesche<\/em><\/span><\/p>\n<p><a href=\"http:\/\/kellertheater-lindenhof.ch\/content\/?event=maerchenzeit-fuer-erwachsene-die-baerner-ploudertaesche\">[Weiter lesen]<\/a><\/p>\n<\/td>\n<\/tr>\n<tr>\n<td>\n<p><font color=\"#008000\">(* <\/font><span style=\"color: rgb(0, 128, 0);\">Samstag,<br \/>\n\t\t\t\t\t14. Dezember <\/span><br \/>\n\t\t\t\t\t<span style=\"color: rgb(0, 128, 0); line-height: 1.6em;\">20.15 Uhr<\/span><\/p>\n<\/td>\n<td>\n<p><span style=\"color: rgb(0, 128, 0);\"><strong>&#8222;Pasdetrois&#8220;,<\/strong>&nbsp; entf\u00fchren Sie&nbsp;mit Musik aus Jazz, Pop, Rock,&nbsp;<\/span><span style=\"color: rgb(0, 128, 0); line-height: 1.6em;\">Klassik und Jahrmarkt in eine wunderbare Klangwelt!<\/span><\/p>\n<p><a href=\"http:\/\/kellertheater-lindenhof.ch\/content\/?event=pasdetrois\">[Weiter lesen]<\/a><\/p>\n<\/td>\n<\/tr>\n<tr>\n<td colspan=\"2\">\n<p><strong><font color=\"#008080\" size=\"5\">Programm <\/font><\/strong><strong style=\"color: rgb(0, 128, 128); line-height: 1.6em; font-size: 20px;\">2014<\/strong><\/p>\n<\/td>\n<\/tr>\n<tr>\n<td><span style=\"color: rgb(0, 128, 128);\">Freitag,<br \/>\n\t\t\t\t10. Januar<br \/>\n\t\t\t\t20.00 Uhr<\/span><\/td>\n<td><span style=\"color: rgb(0, 128, 128);\"><strong>Schnitzelbankabend<\/strong><\/span><br \/>\n\t\t\t\t<font color=\"#008080\">Es werden keine Reservierungen entgegengenommen!<\/font><\/td>\n<\/tr>\n<tr>\n<td><span style=\"color: rgb(0, 128, 128);\">Samstag,<br \/>\n\t\t\t\t25.&nbsp;Januar<br \/>\n\t\t\t\t20.15 Uhr&nbsp;<\/span><\/td>\n<td>\n<p><span style=\"color: rgb(0, 128, 128);\"><strong>Esther Hasler, \u201eBefl\u00fcgelt\u201c<\/strong><br \/>\n\t\t\t\t\tSolo im Duo mit Piano<\/span><\/p>\n<p><a href=\"http:\/\/kellertheater-lindenhof.ch\/content\/?event=esther-hasler-befluegelt-im-duo-mit-piano\">[Weiter lesen]<\/a><\/p>\n<\/td>\n<\/tr>\n<tr>\n<td><span style=\"color: rgb(0, 128, 128);\">Samstag,<br \/>\n\t\t\t\t8. Februar<br \/>\n\t\t\t\t20.15 Uhr&nbsp;<\/span><\/td>\n<td>\n<p><span style=\"color: rgb(0, 128, 128);\"><strong>\u201eRiscant\u201c, Theaterlieder von Ulrike Dissmann<\/strong><br \/>\n\t\t\t\t\t\u201eWitzig, aber kein Kabarett, poetisch, tiefgr\u00fcndig&#8230;\u201c<\/span><\/p>\n<p><a href=\"http:\/\/kellertheater-lindenhof.ch\/content\/?event=das-trio-riscant\">[Weiter lesen]<\/a><\/p>\n<\/td>\n<\/tr>\n<tr>\n<td><span style=\"color: rgb(0, 128, 128);\">Samstag,<br \/>\n\t\t\t\t1.&nbsp;M\u00e4rz<br \/>\n\t\t\t\t20.15 Uhr<\/span><\/td>\n<td>\n<p><span style=\"color: rgb(0, 128, 128); line-height: 1.6em;\"><strong>Roland Binz und Thomas Aeschbacher<\/strong> <\/span><br \/>\n\t\t\t\t\t<span style=\"color: rgb(0, 128, 128); line-height: 1.6em;\">\u201eAlls im Anke \u2013 Spoken word mit Schwyzer\u00f6rgeli\u201c<\/span><\/p>\n<p><a href=\"http:\/\/kellertheater-lindenhof.ch\/content\/?event=alls-im-anke-spoken-word-mit-schwyzeroergeli\">[Weiter lesen]<\/a><\/p>\n<\/td>\n<\/tr>\n<tr>\n<td><span style=\"color: rgb(0, 128, 128);\">Samstag,<br \/>\n\t\t\t\t8.&nbsp;M\u00e4rz<br \/>\n\t\t\t\t20.15 Uhr<\/span><\/td>\n<td>\n<p><span style=\"color: rgb(0, 128, 128);\"><strong>Karim Slama, \u201eWelsch ein Slamassel\u201c<\/strong><br \/>\n\t\t\t\t\t<span style=\"line-height: 1.6em;\">Slapstick-Satire, Beobachtungen des allt\u00e4glichen Lebens<br \/>\n\t\t\t\t\tbeidseits des R\u00f6schtigrabens,<\/span>&nbsp;in poetisch-humoristisch-explosiver Weise<\/span><\/p>\n<p><a href=\"http:\/\/kellertheater-lindenhof.ch\/content\/?event=karim-slama-welsch-ein-slamassel\" style=\"line-height: 1.6em;\">[Weiter lesen]<\/a><\/p>\n<\/td>\n<\/tr>\n<tr>\n<td><span style=\"color: rgb(0, 128, 128);\">Samstag,<br \/>\n\t\t\t\t22.&nbsp;M\u00e4rz<br \/>\n\t\t\t\t20.15 Uhr&nbsp;<\/span><\/td>\n<td>\n<p><strong><font color=\"#008080\">&#8222;Runter zum Fluss&#8220;<\/font><\/strong><span style=\"color: rgb(0, 128, 128); line-height: 1.6em;\">, eine herrliche Zweipersonen-Kom\u00f6die. Die vermeintliche Ferien-Idylle ist im Eimer! Theater zum Lachen und jede Menge tiefsinnige Erkenntnisse \u00fcber M\u00e4nner, Frauen und Partnerschaft. Vorgetragen von Norbert Ostermeier und Sandra Wertli von der Liebhabertheater-Gesellschaft.<\/span><\/p>\n<p><a href=\"http:\/\/kellertheater-lindenhof.ch\/content\/?event=runter-zum-fluss\" style=\"line-height: 1.6em;\">[Weiter lesen]<\/a><\/p>\n<\/td>\n<\/tr>\n<tr>\n<td><span style=\"color: rgb(0, 128, 128);\">Freitag,<br \/>\n\t\t\t\t25.&nbsp;April<br \/>\n\t\t\t\t20.15 Uhr&nbsp;<\/span><\/td>\n<td>\n<p><strong><font color=\"#008080\">&#8222;Win<\/font><\/strong><span style=\"color: rgb(0, 128, 128); line-height: 1.6em;\"><strong>-Win&#8220; mit Anet Corti<\/strong>, Win-Win ist ein satirisch-kom\u00f6diantischer Abend, an dem der Zuschauer durchaus auch \u00fcber sich selber und seine eigenen beruflichen Erlebnisse und Sorgen lachen darf und soll.<\/span><\/p>\n<p><span style=\"color: rgb(0, 128, 128); line-height: 1.6em;\"><strong>A U S V E R K A U F T ! A U S V E R K A U F T !<\/strong><\/span><\/p>\n<p><a href=\"http:\/\/kellertheater-lindenhof.ch\/content\/?event=anet-corti-ch-win-win\" style=\"line-height: 1.6em;\">[Weiter lesen]<\/a><\/p>\n<\/td>\n<\/tr>\n<tr>\n<td><span style=\"color: rgb(0, 128, 128);\">Samstag,<br \/>\n\t\t\t\t10.&nbsp;Mai<br \/>\n\t\t\t\t20.15 Uhr<\/span><\/td>\n<td>\n<p><span style=\"color: rgb(0, 128, 128);\"><strong>&#8222;M U F F &#8222;, mit den&nbsp;Gebirgspoeten.<\/strong> Sie&nbsp;interessieren sich f\u00fcr das Skurrile, Morbide und Allt\u00e4gliche&nbsp;des&nbsp;d\u00f6rflichen Zusammenlebens. Geschichten und Gedichte voller strotziger Pointen,&nbsp;kruden Wendungen und schwarzem Humor erwarten sie.<\/span><\/p>\n<p><a href=\"http:\/\/kellertheater-lindenhof.ch\/content\/?event=die-gebirgspoeten-muff\">[Weiter lesen]<\/a><\/p>\n<\/td>\n<\/tr>\n<\/tbody>\n<\/table>\n<p style=\"font-size: 13px;\"><span style=\"line-height: 1.6em;\">&nbsp;<\/span><\/p>\n<table align=\"left\" border=\"0\" cellpadding=\"1\" cellspacing=\"1\" dir=\"ltr\" style=\"line-height: 20.7999992370605px; width: 764px;\">\n<tbody>\n<tr>\n<td colspan=\"2\">&nbsp;<\/td>\n<\/tr>\n<tr>\n<td><span style=\"color: rgb(0, 128, 0);\">Samstag,<br \/>\n\t\t\t\t25.Oktober<br \/>\n\t\t\t\t20:15h<\/span><\/td>\n<td>\n<p><span style=\"color: rgb(255, 0, 0);\">A u s v e r k a u f t &#8211; A u s v e r k a u f t<\/span><\/p>\n<p><span style=\"color: rgb(0, 128, 0);\"><strong>OBLADIBLADA\u2013BLINDDATE MIT DEM DUO LUNA-TIC,<\/strong><br \/>\n\t\t\t\t\tVon der Internetanzeige \u00fcber die Universumsbestellung bis zum schlichten Warten auf das Schicksal versuchen sie sich mit allen m\u00f6glichen und unm\u00f6glichen Strategien auf Wolke 7 zu bef\u00f6rdern. Und das Klavier rollt mit. Ein Duo \u2013 immer noch solo \u2013 das so gerne achth\u00e4ndig spielen w\u00fcrde. Olli und Claire spielen sich durch ein am\u00fcsantes Klavierakrobatik-liederkabarett.<\/span><\/p>\n<p><a href=\"http:\/\/kellertheater-lindenhof.ch\/content\/?event=obladiblada-blinddate-mit-dem-duo-luna-tic\">[Weiter lesen]<\/a><\/p>\n<\/td>\n<\/tr>\n<tr>\n<td><span style=\"color: rgb(0, 128, 0);\">Samstag,<br \/>\n\t\t\t\t1.November<br \/>\n\t\t\t\t20:15h<\/span><\/td>\n<td>\n<p><span style=\"color: rgb(0, 128, 0);\"><strong>SWING TIME BIG BAND B\u00dcREN und S\u00e4nger Gianfranco CARUSO<\/strong><br \/>\n\t\t\t\t\tDer Auftritt der STBB ist eine Tradition im KTL. Ein tolles Musikerlebnis f\u00fcr die Liebhaber des Swing. Unter der Leitung von Wolfgang Pemberger spielt die Band gehobene Unterhaltungsmusik. Mit dabei Gianfranco Caruso, er singt die Lieder von Frank Sinatra, uva.<\/span><\/p>\n<p><a href=\"http:\/\/kellertheater-lindenhof.ch\/content\/?event=swing-time-big-band-bueren-und-saenger-caruso\">[Weiter lesen]<\/a><\/p>\n<\/td>\n<\/tr>\n<tr>\n<td><span style=\"color: rgb(0, 128, 0);\">Freitag,<br \/>\n\t\t\t\t14.November<br \/>\n\t\t\t\t20:15h<\/span><\/td>\n<td>\n<p><span style=\"color: rgb(0, 128, 0);\"><strong>Christoph Grab\u2019s Raw Vision \u2013 Contemporary Jazz<\/strong><br \/>\n\t\t\t\t\tLine up: Christoph Grab, Saxes, Frank M\u00f6bus, guitar, Silvan Jeger, bass, Maxime Paratte, drums, Special guests: Thomas L\u00fcscher, accordion, Bernhard Bamert, tuba\/tb. Die neue Formation RAW VISION spielt dynamische, erz\u00e4hlerische Musik, Jazz ohne Klischees und Vorbilder, mit viel polyrhytmischen Elementen, vereint starke Stimmen zu einem Ganzen, l\u00e4sst Komplexes einfach erscheinen. Neuer Jazz mit Roots. Packende Musik, voll frischer Ideen, mit viel Freiraum f\u00fcr die ganz pers\u00f6nlichen Geschichten der Solisten.<\/span><\/p>\n<p><a href=\"http:\/\/kellertheater-lindenhof.ch\/content\/?event=christoph-grabs-raw-vision-contemporary-jazz\">[Weiter lesen]<\/a><\/p>\n<\/td>\n<\/tr>\n<tr>\n<td><span style=\"color: rgb(0, 128, 0);\">Freitag,<br \/>\n\t\t\t\t21.November<br \/>\n\t\t\t\t20:15h<\/span><\/td>\n<td>\n<p><span style=\"color: rgb(0, 128, 0);\"><strong>Tango Songbook mit Marcela Arroyo \/ Julio Azcano, und Sonia y Mario Labrunie, Tango Argentino<\/strong><br \/>\n\t\t\t\t\tDie Lieder von Astor Piazzolla. Der grosse argentinische Komponist ver\u00e4nderte den Klang von Buenos Aires f\u00fcr immer und brachte der Welt einen zeitgen\u00f6ssischen Tango mit Elementen aus dem Jazz. Die beiden argentinischen Musiker, Julio Azcano und Marcela Arroyo, lassen den zeitlosen Dialog zwischen Stimme und Gitarre in neuem Licht erscheinen. Begleitet werden sie vom&nbsp;Tango Tanzpaar Sonia und Mario Labrunie. Der Tango war es welcher die Br\u00fccke zwischen zwei Kulturen schlug. Sie beweisen, dass der Tango mehr als nur ein Tanz ist, Tango ist das Leben.<\/span><\/p>\n<p><a href=\"http:\/\/kellertheater-lindenhof.ch\/content\/?event=tango-songbook\">[Weiter lesen]<\/a><\/p>\n<\/td>\n<\/tr>\n<tr>\n<td><span style=\"color: rgb(0, 128, 0);\">Samstag,<br \/>\n\t\t\t\t6.Dezember<br \/>\n\t\t\t\t20:15h<\/span><\/td>\n<td>\n<p><span style=\"color: rgb(0, 128, 0);\"><strong>\u201eWeihnachten total Riscant\u201c, CHLOUSERABEND<br \/>\n\t\t\t\t\tmit dem Trio R I S C A N T<\/strong><br \/>\n\t\t\t\t\tSie singen weihnachtliche und unweihnachtliche Theaterlieder von Ulrike Dissmann. Die drei jungen Schauspieler und Musiker beschw\u00f6ren die Wunschtr\u00e4ume und Alptr\u00e4ume der angeblich staden Zeit. Nach dem Erfolg der letzten Saison wieder bei uns im KTL.<\/span><\/p>\n<p><a href=\"http:\/\/kellertheater-lindenhof.ch\/content\/?event=weihnachten-total-riscant\">[Weiter lesen]<\/a><\/p>\n<\/td>\n<\/tr>\n<tr>\n<td><span style=\"color: rgb(0, 128, 0);\">Freitag,<br \/>\n\t\t\t\t12.Dezember<br \/>\n\t\t\t\t20:15h<\/span><\/td>\n<td>\n<p><span style=\"color: rgb(255, 0, 0);\">A u s v e r k a u f t &#8211; A u s v e r k a u f t<\/span><\/p>\n<p><span style=\"color: rgb(0, 128, 0);\"><strong>Pedro Lenz und Patrik Neuhaus HOHE STIRNEN<\/strong><br \/>\n\t\t\t\t\t\u201eI bi meh aus eine\u201c \u2013 Die bemerkenswerte Geschichte eines Emmentaler Siedlers. Pedro Lenz (Text) und Patrik Neuhaus (Piano) verschmelzen in Ihrem Programm Literatur, Musik und historische Fakten zu einem atmosph\u00e4risch dichten Programm.<\/span><\/p>\n<p><a href=\"http:\/\/kellertheater-lindenhof.ch\/content\/?event=hohe-stirnen\">[Weiter lesen]<\/a><\/p>\n<\/td>\n<\/tr>\n<tr>\n<td><span style=\"color: rgb(0, 128, 0);\">Mittwoch,<br \/>\n\t\t\t\t31.Dezember<br \/>\n\t\t\t\t19:15h<\/span><\/td>\n<td>\n<p><span style=\"color: rgb(255, 0, 0);\">A u s v e r k a u f t &#8211; A u s v e r k a u f t<\/span><\/p>\n<p><span style=\"color: rgb(0, 128, 0);\"><strong>SILVESTER im KELLERTHEATER LINDENHOF mit viel Musik und Gesang<\/strong><br \/>\n\t\t\t\t\t\u201eZapzarap\u201c im neuen Programm \u201eOchsentour\u201c<br \/>\n\t\t\t\t\tSchweizerlieder- und texte, aussergew\u00f6hnlich und witzig, l\u00fcpfig, jauchzig, pfiffig und bauernschlau. Die Lieder werden theatralisch, eigenwillig inszeniert und zu bitters\u00fcssen Geschichten gezappt.<\/span><\/p>\n<p><a href=\"http:\/\/kellertheater-lindenhof.ch\/content\/?event=silvester-2014\">[Weiter lesen]<\/a><\/p>\n<\/td>\n<\/tr>\n<tr>\n<td colspan=\"2\"><span style=\"color: rgb(0, 128, 128); font-size: 20px;\"><strong style=\"line-height: 1.6em;\">Programm 2015<\/strong><\/span><\/td>\n<\/tr>\n<tr>\n<td><span style=\"color: rgb(0, 128, 128);\">Freitag,<br \/>\n\t\t\t\t9.Januar<br \/>\n\t\t\t\t20:15<\/span><\/td>\n<td><span style=\"color: rgb(0, 128, 128);\"><strong>SCHNITZELBANKABEND MIT DEN BESTEN VERSEN DER B\u00dcRENER FASNACHT 2015!<\/strong><br \/>\n\t\t\t\tKeine Reservationen m\u00f6glich. EINTRITT FREI! KOLLEKTE!<\/span><\/td>\n<\/tr>\n<tr>\n<td><span style=\"color: rgb(0, 128, 128);\">Freitag<br \/>\n\t\t\t\t16.Januar<br \/>\n\t\t\t\t20:15h<\/span><\/td>\n<td>\n<p><span style=\"color: rgb(255, 0, 0);\">A U S V E R K A U F T<\/span><\/p>\n<p><span style=\"color: rgb(0, 128, 128);\"><strong>Michel Gammenthaler &#8211; S C H A R L A T A N<\/strong><br \/>\n\t\t\t\t\tAugen auf bei der Berufswahl! Eine solide Grundausbildung: Zauberer! Wenn man einmal gelernt hat, Leuten falsche Tatsachen vorzuspiegeln, er\u00f6ffnen sich pl\u00f6tzlich viele Karriere-M\u00f6glichkeiten. Der mehrfach ausgezeichnete Kabarettist Michel Gammenthaler pr\u00e4sentiert sein neustes&nbsp;Soloprogramm SCHARLATAN. Ein Blick in die Kristallkugel offenbart: Dieses Programm ist vollkommen paranormal!<\/span><\/p>\n<p><a href=\"http:\/\/kellertheater-lindenhof.ch\/content\/?event=s-c-h-a-r-l-a-t-a-n\">[Weiter lesen]<\/a><\/p>\n<\/td>\n<\/tr>\n<tr>\n<td><span style=\"color: rgb(0, 128, 128);\">Freitag,<br \/>\n\t\t\t\t30.Januar<br \/>\n\t\t\t\t20:15h<\/span><\/td>\n<td>\n<p><span style=\"color: rgb(0, 128, 128);\"><strong>\u201eDie graue Spinne\u201c, ein Theaterabend mit Jobert &amp; Pancetta.<\/strong><br \/>\n\t\t\t\t\tAuf der B\u00fchne ein Kleiderst\u00e4nder und ein Podest mit Blumenvase. Angesagt ist die graue Spinne, Varianten in Gotthelf. Sie selbst sind im Publikum, Jobert und Pancetta sind auch da. So k\u00f6nnte ein sch\u00f6ner Theaterabend erfolgreich beginnen. Doch wenn Jobert und Pancetta anwesend sind, geht meistens etwas schief. Vors\u00e4tzlich ungewollt geraten sie auf die B\u00fchne und dort in peinliche, ja sogar bedrohliche Situationen.<\/span><\/p>\n<p><a href=\"http:\/\/kellertheater-lindenhof.ch\/content\/?event=die-graue-spinne\">[Weiter lesen]<\/a><\/p>\n<\/td>\n<\/tr>\n<tr>\n<td><span style=\"color: rgb(0, 128, 128);\">Samstag,<br \/>\n\t\t\t\t14.Februar<br \/>\n\t\t\t\t20:15h<\/span><\/td>\n<td>\n<p><span style=\"color: rgb(255, 0, 0);\">A U S V E R K A U F T &nbsp;&#8211; &nbsp;A U S V E R K A U F T<\/span><\/p>\n<p><span style=\"color: rgb(0, 128, 128);\"><strong>Zum Valentinstag<br \/>\n\t\t\t\t\t\u201eWybretten\u201c Silvia Hadorn &amp; Katharina Spielmann \u201eMann gut, alles gut\u201c,<\/strong><br \/>\n\t\t\t\t\tdie Dinge gestalten sich oft nicht ganz so \u00fcbersichtlich in Sachen Liebe, wie man denkt&#8230; Die Wybretten entz\u00fccken ihr Publikum seit vielen Jahren mit viel Witz, Humor, Gesang und musikalischer Qualit\u00e4t.<\/span><\/p>\n<p><a href=\"http:\/\/kellertheater-lindenhof.ch\/content\/?event=zum-muttertag\">[Weiter lesen]<\/a><\/p>\n<\/td>\n<\/tr>\n<tr>\n<td><span style=\"color: rgb(0, 128, 128);\">Freitag,<br \/>\n\t\t\t\t20.Februar<br \/>\n\t\t\t\t20:15h<\/span><\/td>\n<td>\n<p><span style=\"color: rgb(0, 128, 128);\"><strong>Swing Time<br \/>\n\t\t\t\t\tMit Thomas Stampbach und seinen \u201eSwing Kids\u201c&nbsp;<\/strong><br \/>\n\t\t\t\t\tThomas Stampbach ist Lehrer in B\u00fcren a. A. und ist mit den Swing Kids seit vielen Jahren unterwegs. Die weiteren Mitglieder des Quartetts sind Rolf H\u00e4sler (Saxophon), Michel Poffet (Bass) und David Elias (Drums). Die vier Musiker sind in verschiedenen Sparten des Jazz und der Jazz-Fusion-Musik aktiv und haben sich in dieser Formation dem Swing verschrieben.<\/span><\/p>\n<p><a href=\"http:\/\/kellertheater-lindenhof.ch\/content\/?event=the-swing-kids\">[Weiter lesen]<\/a><\/p>\n<\/td>\n<\/tr>\n<tr>\n<td><span style=\"color: rgb(0, 128, 128); line-height: 20.7999992370605px;\">Samstag,<\/span><br \/>\n\t\t\t\t<span style=\"color: rgb(0, 128, 128); line-height: 20.7999992370605px;\">28.Februar<\/span><br \/>\n\t\t\t\t<span style=\"color: rgb(0, 128, 128); line-height: 20.7999992370605px;\">20:15h<\/span><\/td>\n<td>\n<p><span style=\"color: rgb(0, 128, 128);\"><strong>M\u00e4rchen, Geschichten und was man sich sonst noch so erz\u00e4hlt<\/strong><br \/>\n\t\t\t\t\tEin mimisch-sprachlicher Cocktail in Schweizer Mundart! Das Duo Marlies K\u00e4ser und Samuel Sommer versteht es, Geschichten zum Leben zu erwecken. Ein Muss f\u00fcr alle, die gerne lachen und staunen.<\/span><\/p>\n<p><a href=\"http:\/\/kellertheater-lindenhof.ch\/content\/?event=maerchen-geschichten-und-was-man-sich-sonst-noch-so-erzaehlt\" style=\"line-height: 20.7999992370605px;\">[Weiter lesen]<\/a><\/p>\n<\/td>\n<\/tr>\n<tr>\n<td><span style=\"color: rgb(0, 128, 128);\">Samstag,<br \/>\n\t\t\t\t7.M\u00e4rz<br \/>\n\t\t\t\t20:15h<\/span><\/td>\n<td>\n<p><font color=\"#ff0000\"><b>A U S V E R K A U F T &nbsp;&#8211; &nbsp;A U S V E R K A U F T<\/b><\/font><\/p>\n<p><span style=\"color: rgb(0, 128, 128);\"><strong>B\u00e4nz Friedli \u2013 \u201eG\u00d6MMER STARBUCKS?\u201c<\/strong><br \/>\n\t\t\t\t\tWer den Slang der Jugendlichen festhalten will, hat schon verloren. Ein \u201eLexikon der Jugendsprache\u201c kommt immer zu sp\u00e4t, und wollen Werber sich der Jugend mit deren Sprache anbiedern, redet sie inzwischen l\u00e4ngst anders. \u201eDie Jugend\u201c gebe es sowieso nicht, meint B\u00e4nz Friedli. Modew\u00f6rter und Konsumwahn, Social Media und Sexualkunde kommen zur Sprache \u2013 ein aufschlussreicher Trip durch die Lebenswelten der Jugendlichen. Wenn Friedli die Jugend von heute erkl\u00e4rt, wird\u2019s lustig.<\/span><\/p>\n<p><a href=\"http:\/\/kellertheater-lindenhof.ch\/content\/?event=goemmer-starbucks\">[Weiter lesen]<\/a><\/p>\n<\/td>\n<\/tr>\n<tr>\n<td><span style=\"color: rgb(0, 128, 128);\">Samstag,<br \/>\n\t\t\t\t21.M\u00e4rz<br \/>\n\t\t\t\t20:15h<\/span><\/td>\n<td>\n<p><span style=\"color: rgb(0, 128, 128);\"><strong>Kilian Ziegler &amp; Samuel Blatter \u2013 \u201eThe Phantom of the Ap\u00e9ro\u201c<\/strong><br \/>\n\t\t\t\t\tDie Schweiz ist bekannt f\u00fcr Uhren, Schokolade und K\u00e4se, doch die Schweizerischste aller Errungenschaften steht in keinem Reisef\u00fchrer: Ap\u00e9ros! Diese k\u00f6nnten allgegenw\u00e4rtiger nicht sein: sobald es etwas zu feiern gibt, steht der Ap\u00e9ro bereit. Mit kritischem Blick und scharfer Zunge serviert der Wortakrobat Kilian Ziegler Text-H\u00e4ppchen der besonderen Art, humorvoll verpackt und sprachlich verspielt. Begleitet am Piano von Samuel Blatter, mal ruhig, mal virtuos, mal schr\u00e4g, gibt er den perfekten Side Kick.<\/span><\/p>\n<p><a href=\"http:\/\/kellertheater-lindenhof.ch\/content\/?event=the-phantom-of-the-apero\">[Weiter lesen]<\/a><\/p>\n<\/td>\n<\/tr>\n<tr>\n<td><span style=\"color: rgb(0, 128, 128);\">Samstag,<br \/>\n\t\t\t\t25.April<br \/>\n\t\t\t\t20:15h<\/span><\/td>\n<td>\n<p><span style=\"color: rgb(255, 0, 0);\">A U S V E R K A U F T &nbsp;&#8211; &nbsp;A U S V E R K A U F T<\/span><\/p>\n<p><span style=\"color: rgb(0, 128, 128);\"><strong>sch\u00f6n&amp;gut spielt \u201eSCH\u00d6NMATT\u201c. Von und mit Anna-Katharina Rickert &amp; Ralf Schlatter<\/strong><br \/>\n\t\t\t\t\tHeute schafft es Herr Sch\u00f6n. Wenn alles gut geht. Heute h\u00e4lt er endlich um die Hand von Frau Gut an. Auf der Sch\u00f6nmatt, zwischen Grossh\u00f6chstetten und Konolfingen. Der Ort ist sch\u00f6n, und es trifft sich gut: Auch die beiden Gemeinden wollen fusionieren. Der Reigen beginnt&#8230; Der vierte Streich von sch\u00f6n&amp;gut bietet einmal mehr Wortwitz, Gesang, Poesie, geistreiche Satire und \u00fcberbordende Fantasie. sch\u00f6n&amp;gut wurden mit dem Schweizer Kabarettpreis Cornichon 2014 ausgezeichnet!<\/span><\/p>\n<p><a href=\"http:\/\/kellertheater-lindenhof.ch\/content\/?event=schoenmatt\">[Weiter lesen | Reservation]<\/a><\/p>\n<\/td>\n<\/tr>\n<tr>\n<td><span style=\"color: rgb(0, 128, 128);\">Samstag,<br \/>\n\t\t\t\t9.Mai<br \/>\n\t\t\t\t20:15h<\/span><\/td>\n<td>\n<p><span style=\"color: rgb(0, 128, 128);\"><strong>\u201ePetticoat, the Showgroup\u201c, aus dem Berner Seeland<\/strong><br \/>\n\t\t\t\t\tSie begeistern das Publikum mit einem farbigen Zauber und entf\u00fchren<br \/>\n\t\t\t\t\tuns mit Tanz und Gesang in die Welt der 80er Jahre, des Souls, Pop, Salsa, Hip Hop oder in den Orient. Ein fliessender Wechsel zwischen ruhigen Balladen und schnellen Liedern. Evergreens und Ohrw\u00fcrmer, die jeder kennt und liebt. Starke Stimmen und furiose Tanzeinlagen.<br \/>\n\t\t\t\t\t<strong>Ein toller und fulminanter Saisonabschluss!<\/strong><\/span><\/p>\n<p><a href=\"http:\/\/kellertheater-lindenhof.ch\/content\/?event=petticoat-the-showgroup\">[Weiter lesen | Reservation]<\/a><\/p>\n<\/td>\n<\/tr>\n<\/tbody>\n<\/table>\n<p style=\"line-height: 20.7999992370605px;\"><span style=\"line-height: 1.6em;\">&nbsp;<\/span><\/p>\n","protected":false},"excerpt":{"rendered":"<p>Programm 2013 Freitag, 18.Oktober 20.15 Uhr Theater- und Saisoner\u00f6ffnung mit Tatort Kommissar Joachim Kr\u00f2l, (Frank Steier) liest (und spielt)&#8222;URFAUST&#8220;,ein Jugendwerk Johann Wolfgang von Goethes. [Weiter lesen] Samstag, 19. Oktober 20.15 Uhr Theater- und Saisoner\u00f6ffnung mit Susanne Kunz \u201eElsbeth, eine Tischbombe &hellip; <a href=\"https:\/\/kellertheater-lindenhof.ch\/content\/?page_id=13\">Weiterlesen <span class=\"meta-nav\">&rarr;<\/span><\/a><\/p>\n","protected":false},"author":8,"featured_media":0,"parent":4,"menu_order":0,"comment_status":"closed","ping_status":"closed","template":"","meta":{"footnotes":""},"class_list":["post-13","page","type-page","status-publish","hentry"],"_links":{"self":[{"href":"https:\/\/kellertheater-lindenhof.ch\/content\/index.php?rest_route=\/wp\/v2\/pages\/13","targetHints":{"allow":["GET"]}}],"collection":[{"href":"https:\/\/kellertheater-lindenhof.ch\/content\/index.php?rest_route=\/wp\/v2\/pages"}],"about":[{"href":"https:\/\/kellertheater-lindenhof.ch\/content\/index.php?rest_route=\/wp\/v2\/types\/page"}],"author":[{"embeddable":true,"href":"https:\/\/kellertheater-lindenhof.ch\/content\/index.php?rest_route=\/wp\/v2\/users\/8"}],"replies":[{"embeddable":true,"href":"https:\/\/kellertheater-lindenhof.ch\/content\/index.php?rest_route=%2Fwp%2Fv2%2Fcomments&post=13"}],"version-history":[{"count":153,"href":"https:\/\/kellertheater-lindenhof.ch\/content\/index.php?rest_route=\/wp\/v2\/pages\/13\/revisions"}],"predecessor-version":[{"id":1808,"href":"https:\/\/kellertheater-lindenhof.ch\/content\/index.php?rest_route=\/wp\/v2\/pages\/13\/revisions\/1808"}],"up":[{"embeddable":true,"href":"https:\/\/kellertheater-lindenhof.ch\/content\/index.php?rest_route=\/wp\/v2\/pages\/4"}],"wp:attachment":[{"href":"https:\/\/kellertheater-lindenhof.ch\/content\/index.php?rest_route=%2Fwp%2Fv2%2Fmedia&parent=13"}],"curies":[{"name":"wp","href":"https:\/\/api.w.org\/{rel}","templated":true}]}}