{"id":1592,"date":"2015-07-12T18:41:49","date_gmt":"2015-07-12T18:41:49","guid":{"rendered":"http:\/\/kellertheater-lindenhof.ch\/content\/?page_id=1592"},"modified":"2025-04-09T18:32:56","modified_gmt":"2025-04-09T18:32:56","slug":"abonnements","status":"publish","type":"page","link":"https:\/\/kellertheater-lindenhof.ch\/content\/?page_id=1592","title":{"rendered":"Abonnemente"},"content":{"rendered":"\n<p>Sie k\u00f6nnen wieder ein <strong>Saisonabonnement<\/strong> f\u00fcr 10 Vorstellungen der Saison 2025\/2026 f\u00fcr CHF 300.- bestellen. Sie profitieren somit von einem Rabatt von CHF 50.-. <br>Zudem bieten wir f\u00fcr \u00abRaschentschlossene\u00bb einen <strong>zus\u00e4tzlichen Fr\u00fchbuchungsrabatt von Fr. 10.- bis am 30. Juni 2025 an.&nbsp;<\/strong><\/p>\n\n\n\n<p><strong>Neu bieten wir auch ein Abonnement f\u00fcr 5 frei w\u00e4hlbare Vorstellungen f\u00fcr Fr. 160.&#8211; an. Sie profitieren somit von einem Rabatt von Fr. 15.&#8211;.<\/strong><br>Sie haben jedoch keinen reservierten Sitzplatz und m\u00fcssen f\u00fcr die gew\u00fcnschte Vorstellung \u00fcber das Buchungssystem des Kellertheaters Lindenhof einen Platz reservieren. Sollte die Vorstellung zu diesem Zeitpunkt bereits ausverkauft sein, k\u00f6nnen wir Ihnen keinen Eintritt garantieren.<\/p>\n\n\n\n<p>Silvester und Familienvorstellungen sowie weitere Vorstellungen, welche nicht auf dem Jahresprogrammflyer aufgef\u00fchrt sind, sind nicht Bestandteil der Abonnemente.<\/p>\n\n\n\n<blockquote class=\"wp-block-quote is-layout-flow wp-block-quote-is-layout-flow\">\n<p>Sie k\u00f6nnen Ihr Abo f\u00fcr die Saison 2025\/26 ab sofort unter <a href=\"mailto:info@kellertheater-lindenhof.ch?subject=Abonnement\" target=\"_blank\" rel=\"noreferrer noopener\">info@kellertheater-lindenhof.ch<\/a> bestellen.<\/p>\n<\/blockquote>\n\n\n\n<hr class=\"wp-block-separator has-alpha-channel-opacity is-style-wide\"\/>\n\n\n\n<figure class=\"wp-block-image size-full\"><a href=\"https:\/\/kellertheater-lindenhof.ch\/content\/wp-content\/uploads\/2025\/04\/image.png\"><img loading=\"lazy\" decoding=\"async\" width=\"608\" height=\"773\" src=\"https:\/\/kellertheater-lindenhof.ch\/content\/wp-content\/uploads\/2025\/04\/image.png\" alt=\"\" class=\"wp-image-3689\" srcset=\"https:\/\/kellertheater-lindenhof.ch\/content\/wp-content\/uploads\/2025\/04\/image.png 608w, https:\/\/kellertheater-lindenhof.ch\/content\/wp-content\/uploads\/2025\/04\/image-236x300.png 236w\" sizes=\"auto, (max-width: 608px) 100vw, 608px\" \/><\/a><\/figure>\n","protected":false},"excerpt":{"rendered":"<p>Sie k\u00f6nnen wieder ein Saisonabonnement f\u00fcr 10 Vorstellungen der Saison 2025\/2026 f\u00fcr CHF 300.- bestellen. Sie profitieren somit von einem Rabatt von CHF 50.-. Zudem bieten wir f\u00fcr \u00abRaschentschlossene\u00bb einen zus\u00e4tzlichen Fr\u00fchbuchungsrabatt von Fr. 10.- bis am 30. Juni 2025 &hellip; <a href=\"https:\/\/kellertheater-lindenhof.ch\/content\/?page_id=1592\">Weiterlesen <span class=\"meta-nav\">&rarr;<\/span><\/a><\/p>\n","protected":false},"author":8,"featured_media":0,"parent":1651,"menu_order":9,"comment_status":"closed","ping_status":"closed","template":"","meta":{"footnotes":""},"class_list":["post-1592","page","type-page","status-publish","hentry"],"_links":{"self":[{"href":"https:\/\/kellertheater-lindenhof.ch\/content\/index.php?rest_route=\/wp\/v2\/pages\/1592","targetHints":{"allow":["GET"]}}],"collection":[{"href":"https:\/\/kellertheater-lindenhof.ch\/content\/index.php?rest_route=\/wp\/v2\/pages"}],"about":[{"href":"https:\/\/kellertheater-lindenhof.ch\/content\/index.php?rest_route=\/wp\/v2\/types\/page"}],"author":[{"embeddable":true,"href":"https:\/\/kellertheater-lindenhof.ch\/content\/index.php?rest_route=\/wp\/v2\/users\/8"}],"replies":[{"embeddable":true,"href":"https:\/\/kellertheater-lindenhof.ch\/content\/index.php?rest_route=%2Fwp%2Fv2%2Fcomments&post=1592"}],"version-history":[{"count":39,"href":"https:\/\/kellertheater-lindenhof.ch\/content\/index.php?rest_route=\/wp\/v2\/pages\/1592\/revisions"}],"predecessor-version":[{"id":3702,"href":"https:\/\/kellertheater-lindenhof.ch\/content\/index.php?rest_route=\/wp\/v2\/pages\/1592\/revisions\/3702"}],"up":[{"embeddable":true,"href":"https:\/\/kellertheater-lindenhof.ch\/content\/index.php?rest_route=\/wp\/v2\/pages\/1651"}],"wp:attachment":[{"href":"https:\/\/kellertheater-lindenhof.ch\/content\/index.php?rest_route=%2Fwp%2Fv2%2Fmedia&parent=1592"}],"curies":[{"name":"wp","href":"https:\/\/api.w.org\/{rel}","templated":true}]}}