{"id":1810,"date":"2016-05-06T13:16:30","date_gmt":"2016-05-06T13:16:30","guid":{"rendered":"http:\/\/kellertheater-lindenhof.ch\/content\/?page_id=1810"},"modified":"2017-06-05T15:18:47","modified_gmt":"2017-06-05T15:18:47","slug":"20162017-2","status":"publish","type":"page","link":"https:\/\/kellertheater-lindenhof.ch\/content\/?page_id=1810","title":{"rendered":"Archiv 2016\/2017"},"content":{"rendered":"<table align=\"left\" border=\"0\" cellpadding=\"1\" cellspacing=\"1\" dir=\"ltr\" style=\"width: 100%;\">\n<tbody>\n<tr>\n<td colspan=\"2\"><span style=\"color: rgb(0, 128, 0); font-size: 20px;\"><strong style=\"line-height: 1.6em;\">Programm 2016<\/strong><\/span><\/td>\n<\/tr>\n<tr>\n<td><span style=\"color: rgb(0, 128, 0);\">Mittwoch,<br \/>\n\t\t\t\t9.September<br \/>\n\t\t\t\t20:15h<\/span><\/td>\n<td>\n<p><span style=\"font-size: 18px;\"><strong><span style=\"color: rgb(255, 0, 0);\">DIE VORSTELLUNG IST AUSVERKAUFT!<\/span><\/strong><\/span><\/p>\n<p><span style=\"color: rgb(0, 128, 0);\"><strong>Michael Elsener \u201eMediengeil\u201c &#8211; 1. CH &#8211; Vorpremiere<\/strong><br \/>\n\t\t\t\t\tZum 1. Mal in B\u00fcren a. A. und erst noch mit seinem neusten Programm <strong>\u201eMediengeil\u201c<\/strong>. Mit dabei hat er immer nur seine Stimme und ein Mikrophon. Denn sie reicht. Sie ist schnell, sogar sehr schnell. Sie \u00fcberrascht, sie trifft. Mal rau, mal fein, mal melodi\u00f6s. Sie l\u00e4sst uns lachen, prusten und kichern, auch in seinem neusten Programm!<\/span><\/p>\n<p><a href=\"http:\/\/kellertheater-lindenhof.ch\/content\/?event=michael-elsener-mediengeil\">[Weiter lesen]<\/a><\/p>\n<\/td>\n<\/tr>\n<tr>\n<td><span style=\"color: rgb(0, 128, 0);\">Samstag,<br \/>\n\t\t\t\t24.Oktober<br \/>\n\t\t\t\t20:15h<\/span><\/td>\n<td>\n<p><span style=\"color: rgb(0, 128, 0);\"><strong>\u201eBig Spender\u201c \u2013 Schweizer Premiere<\/strong><br \/>\n\t\t\t\t\tmit dem Ensemble \u201eDie Ruhest\u00f6rer\u201c der Theaterwerkstatt Spectaculum D Inszenierung und Autor: Corina Rues-Benz <strong>\u201eBig Spender\u201c das erste Reality Theater in B\u00fcren a. A.<\/strong><br \/>\n\t\t\t\t\tMit der Wucht einer Lawine rollen immer wieder noch verr\u00fccktere Reality-Formate, sogenannte Hilfs-Shows, in unsere behaglichen Wohnzimmer. Wir bringen im Lindenhof noch nicht betretenes B\u00fchnen-Terrain: DAS REALITY THEATER! W\u00fcrden Sie f\u00fcr Geld Ihre Seele verkaufen? Nein? Aber vielleicht ihre Prinzipien f\u00fcr jemanden, den Sie lieben &#8230;.?<\/span><\/p>\n<p><a href=\"http:\/\/kellertheater-lindenhof.ch\/content\/?event=big-spender\">[Weiter lesen]<\/a><\/p>\n<\/td>\n<\/tr>\n<tr>\n<td><span style=\"color: rgb(0, 128, 0);\">Samstag,<br \/>\n\t\t\t\t7.November<br \/>\n\t\t\t\t20:15h<\/span><\/td>\n<td>\n<p><span style=\"color: rgb(0, 128, 0);\"><strong>Marjolaine Minot<\/strong> \u201eMir stinkt das Gl\u00fcck\u201c<br \/>\n\t\t\t\t\t<strong>Tragikomisches Soloprogramm: <\/strong> 14, Rue du Moulin, eine Sackgasse, ein heruntergekommenes Vorstadth\u00e4uschen. Hier wohnt Claudine in einer eigenen kleinen Welt, mitten in ihrem staubigen Chaos. Das St\u00fcck, hervorragend gespielt von Marjolaine Minot, gibt uns Einblick in das Leben einer alten \u00fcberraschenden Frau, die hinter ihrer Barschheit eine Menschlichkeit versteckt, eine feine Freude und ein Glanz, der oft das Alter \u00fcberstrahlt. Eine echte Theaterdelikatesse.<\/span><\/p>\n<p><a href=\"http:\/\/kellertheater-lindenhof.ch\/content\/?event=marjolaine-minot\">[Weiter lesen]<\/a><\/p>\n<\/td>\n<\/tr>\n<tr>\n<td><span style=\"color: rgb(0, 128, 0);\">Samstag,<br \/>\n\t\t\t\t21.November<br \/>\n\t\t\t\t20:15h<\/span><\/td>\n<td>\n<p><span style=\"color: rgb(0, 128, 0);\"><strong>Christoph Simon<\/strong> \u201eWahre Freunde\u201c<br \/>\n\t\t\t\t\tIn seinem ersten abendf\u00fcllenden Kabarett-Programm erz\u00e4hlt <strong> Christoph Simon<\/strong>, Schweizermeister im Poetry-Slam 2014, in Berner Mundart von seinen Freunden: Von Serge, mit dem er das Konfirmationslager, an eine Tanne gefesselt, verbracht hat. Vom Wohngenossen Max \u2013 zusammengeschweisst dank Interrail und Baywatch. Was macht wahre Freundschaft aus? <\/span><\/p>\n<p><a href=\"http:\/\/kellertheater-lindenhof.ch\/content\/?event=christoph-simon\">[Weiter lesen]<\/a><\/p>\n<\/td>\n<\/tr>\n<tr>\n<td><span style=\"color: rgb(0, 128, 0);\">Samstag,<br \/>\n\t\t\t\t5.Dezember<br \/>\n\t\t\t\t20:15h<\/span><\/td>\n<td>\n<p><span style=\"color: rgb(0, 128, 0);\"><strong>Les Papillons<\/strong> \u201ePatchwork Classics\u201c<br \/>\n\t\t\t\t\tDie Jagd auf Ohrw\u00fcrmer im Notenwald der Musikgeschichte ist offen!<br \/>\n\t\t\t\t\tSeit 15 Jahren flattern Les Papillons schon durch das Universum der Musik. Giovanni Reber, Violine und Michael Giertz, Piano, sind bekannt als die Meister des Zitats und gelten wegen ihrer schwindelerregenden Loopingfahrt durch die Klassik-, Rock- und Popgeschichte zu den Pionieren des effizienten Musizierens. Auch in ihrem neuen Programm haben sich die beiden Musiker wieder zum Ziel gesetzt, rund 100 Hits aus Klassik, Film, Rock und Pop zu einem wilden Concerto Grosso zu vereinen.<\/span><\/p>\n<p><a href=\"http:\/\/kellertheater-lindenhof.ch\/content\/?event=les-papillons\">[Weiter lesen]<\/a><\/p>\n<\/td>\n<\/tr>\n<tr>\n<td><span style=\"color: rgb(0, 128, 0);\">Samstag,<br \/>\n\t\t\t\t12.Dezember<br \/>\n\t\t\t\t20:15h<\/span><\/td>\n<td>\n<p><span style=\"font-size: 18px;\"><span style=\"color: rgb(255, 0, 0);\"><strong>Die Vorstellung ist ausverkauft!&nbsp;<\/strong><\/span><\/span><\/p>\n<p><span style=\"color: rgb(0, 128, 0);\"><strong>Pedro Lenz und Werner Aeschbacher<\/strong> \u201eDuo L\u00e4ngs &amp; Breits&#8220;<br \/>\n\t\t\t\t\tPedro Lenz wieder im KTL mit einer Lesung aus seinem Mundart- Buch \u201eRADIO\u201c (Morgengeschichten). Werner Aeschbacher greift dazu in die Tasten seiner verschiedenen Schwyzer\u00f6rgeli.<\/span><\/p>\n<p><a href=\"http:\/\/kellertheater-lindenhof.ch\/content\/?event=laengs-breits\">[Weiter lesen]<\/a><\/p>\n<\/td>\n<\/tr>\n<tr>\n<td><span style=\"color: rgb(0, 128, 0);\">Donnerstag,<br \/>\n\t\t\t\t31.Dezember<br \/>\n\t\t\t\t19:15h<\/span><\/td>\n<td>\n<p><span style=\"font-size: 18px;\"><span style=\"color: rgb(255, 0, 0);\"><strong>Die Vorstellung ist ausverkauft!&nbsp;<\/strong><\/span><\/span><\/p>\n<p><span style=\"color: rgb(0, 128, 0);\"><strong>Silvestervorstellung mit Edelvoice<br \/>\n\t\t\t\t\t\u201eDie Lustige Witwe im Maxim\u201c<\/strong><br \/>\n\t\t\t\t\tDie weltber\u00fchmte Operette \u201eDie lustige Witwe\u201c von Franz Lehar wurde von Edelvoice neu inszeniert und in erfrischend witziger Weise f\u00fcr 4 S\u00e4ngerinnen und S\u00e4nger arrangiert. Edelvoice entf\u00fchrt uns in das ber\u00fchmte Caf\u00e9 Maxim in Paris, zur Zeit der Belle Epoque. Das Ensemble spielt in wundersch\u00f6nen stilechten Kost\u00fcmen. Der passsende Rahmen f\u00fcr Silvester.<\/span><\/p>\n<p><span style=\"color: rgb(0, 128, 0);\"><strong>Dazwischen geniessen wir das Buffet (s. Anhang &#8222;Buffet&#8220;)<br \/>\n\t\t\t\t\tEintritt: CHF 100.00 pro Person, inkl. Buffet und alle Getr\u00e4nke<\/strong><\/span><\/p>\n<p><a href=\"http:\/\/kellertheater-lindenhof.ch\/content\/?event=silvester-2015\">[Weiter lesen]<\/a><\/p>\n<\/td>\n<\/tr>\n<tr>\n<td colspan=\"2\"><span style=\"color: rgb(0, 128, 128); font-size: 20px;\"><strong style=\"line-height: 1.6em;\">Programm 2016<\/strong><\/span><\/td>\n<\/tr>\n<tr>\n<td><span style=\"color: rgb(0, 128, 128);\">Freitag,<br \/>\n\t\t\t\t8.Januar<br \/>\n\t\t\t\t20:00h<\/span><\/td>\n<td><span style=\"color: rgb(0, 128, 128);\"><strong>\u201eB\u00fcren\u00f6ijohr\u201c Schnitzelbankabend<\/strong><br \/>\n\t\t\t\tAlle Jahre wieder, das Beste von der B\u00fcrener Fasnacht. Es findet eine Kollekte statt.<\/span><\/p>\n<p>&nbsp;<\/p>\n<p>&nbsp;<\/p>\n<p>&nbsp;<\/p>\n<p>&nbsp;<\/p>\n<p>&nbsp;<\/p>\n<p>&nbsp;<\/p>\n<p><a href=\"#\">[Keine Reservationen m\u00f6glich. EINTRITT FREI!]<\/a><\/p>\n<\/td>\n<\/tr>\n<tr>\n<td><span style=\"color: rgb(0, 128, 128);\">Freitag<br \/>\n\t\t\t\t22.Januar<br \/>\n\t\t\t\t20:15h<\/span><\/td>\n<td>\n<h2><span style=\"color: rgb(255, 0, 0);\"><strong>Die Vorstellung ist ausverkauft!<\/strong><\/span><\/h2>\n<p><span style=\"color: rgb(0, 128, 128);\"><strong>Ex-Freundinnen<\/strong><br \/>\n\t\t\t\t\tMusikalische Therapie mit Nebenwirkungen<br \/>\n\t\t\t\t\tDrei verschiedene Haarfarben, aber eines haben sie gemeinsam: Den Exfreund. Gibt es \u00dcberlebende? Die Ex-Freundinnen: Drei Damen, an die Sie noch lange denken werden. Anika Donath, Isabelle Flachsmann und Martina Lory werden begleitet von der Multiinstrumentalistin Sonja F\u00fcchslin.<\/span><\/p>\n<p><a href=\"http:\/\/kellertheater-lindenhof.ch\/content\/?event=ex-freundinnen\">[Weiter lesen]<\/a><\/p>\n<\/td>\n<\/tr>\n<tr>\n<td><span style=\"color: rgb(0, 128, 128);\">Freitag<br \/>\n\t\t\t\t5.Februar<br \/>\n\t\t\t\t20:15h<\/span><\/td>\n<td>\n<p><span style=\"font-size: 18px;\"><strong><span style=\"color: rgb(255, 0, 0);\">Die Vorstellung ist ausverkauft!<\/span><\/strong><\/span><\/p>\n<p><span style=\"color: rgb(0, 128, 128);\"><strong>Duo Luna-tic<\/strong> \u201eTics on Air&#8220;<br \/>\n\t\t\t\t\tEin neues Klavierakrobatikliederkabarett mit Claire aus Berlin und Olli aus Ost Paris (oder doch eher Genf&#8230;.), zwei Frauen, die unter -schiedlicher nicht sein k\u00f6nnten, begleiten sich auch in ihrem neusten B\u00fchnenprogramm wieder gegenseitig am, auf, neben und unter dem Klavier. Diesmal steht \u201eErlebnis Radio\u201c auf dem Programm.<\/span><\/p>\n<p><a href=\"http:\/\/kellertheater-lindenhof.ch\/content\/?event=duo-luna-tic\">[Weiter lesen]<\/a><\/p>\n<\/td>\n<\/tr>\n<tr>\n<td><span style=\"color: rgb(0, 128, 128);\">Samstag<br \/>\n\t\t\t\t20.Februar<br \/>\n\t\t\t\t20:15h<\/span><\/td>\n<td>\n<p><span style=\"color: rgb(0, 128, 128);\"><strong>Valsecchi &amp; Nater<\/strong> \u201eHier oder Jetzt\u201c<br \/>\n\t\t\t\t\tSp\u00f6ttisch charmant, aber nie herablassend singen und erz\u00e4hlen Valsecchi und Nater Geschichten aus dem Mittelland, wo es alles gibt, was man zum Leben braucht: \u201eBundesverwaltungen, Milizschul-kommissionen und Mehr-zweckr\u00e4ume\u201c&#8230;. Was sie auf der B\u00fchne bieten, ist treffend, h\u00f6chst unterhaltsam und ungemein gut &#8230;&#8230;Die selbst geschriebenen Lieder sind mal inbr\u00fcnstig laut und lustig, dann wieder sehr poetisch.<\/span><\/p>\n<p><a href=\"http:\/\/kellertheater-lindenhof.ch\/content\/?event=valsecchi-nater\">[Weiter lesen]<\/a><\/p>\n<\/td>\n<\/tr>\n<tr>\n<td><span style=\"color: rgb(0, 128, 128);\">Samstag<br \/>\n\t\t\t\t5.M\u00e4rz<br \/>\n\t\t\t\t20:15h<\/span><\/td>\n<td>\n<p><span style=\"color: rgb(0, 128, 128);\"><strong>\u201eKleine Eheverbrechen\u201c<\/strong><br \/>\n\t\t\t\t\tein St\u00fcck von Eric-Emmanuel Schmitt mit Rosa Maria Paz und David K\u00f6hne, Regie: Andreas Jendrusch Inszenierung Regionentheater aus dem schwarzen Wald.<br \/>\n\t\t\t\t\tZwischen Gilles und Lisa, seit 15 Jahren verheiratet, ist nichts mehr wie es mal war. Gilles hat durch einen mysteri\u00f6sen Unfall sein Ged\u00e4chtnis verloren. Seine Ehefrau Lisa kehrt mit ihm in die gemeinsame Wohnung zur\u00fcck. M\u00fchsam versucht er seine Vergangenheit, sein Leben zu rekonstruieren. Das Drama kann beginnen.<\/span><\/p>\n<p><a href=\"http:\/\/kellertheater-lindenhof.ch\/content\/?event=kleine-eheverbrechen\">[Weiter lesen | Ticket buchen]<\/a><\/p>\n<\/td>\n<\/tr>\n<tr>\n<td><span style=\"color: rgb(0, 128, 128);\">Samstag<br \/>\n\t\t\t\t19.M\u00e4rz<br \/>\n\t\t\t\t20:15h<\/span><\/td>\n<td>\n<p><span style=\"font-size: 18px;\"><strong><span style=\"color: rgb(255, 0, 0);\">DIE VORSTELLUNG IST AUSVERKAUFT!<\/span><\/strong><\/span><\/p>\n<p><span style=\"color: rgb(0, 128, 128);\"><strong>Fr\u00f6lein Da Capo mit \u201eN\u00f6ies Z\u00f6igs\u201c<\/strong><br \/>\n\t\t\t\t\tAuch in ihrem neuen Programm \u00fcberzeugt Fr\u00f6lein Da Capo im solobesetzten Orchester mit multiinstrumentalen Loopen, parliert sich gekonnt in die Bredouille und fr\u00f6nt der bescheidenen Hochstapelei. In ihren Mundartliedern reimt sie sich die Ungereimtheiten des Lebens so zusammen, dass es passt. \u00d6mu f\u00fcr sie.<\/span><\/p>\n<p><a href=\"http:\/\/kellertheater-lindenhof.ch\/content\/?event=noeies-zoeigs\">[Weiter lesen | Ticket buchen]<\/a><\/p>\n<\/td>\n<\/tr>\n<tr>\n<td><span style=\"color: rgb(0, 128, 128);\">Samstag<br \/>\n\t\t\t\t23.April<br \/>\n\t\t\t\t20:15h<\/span><\/td>\n<td>\n<p><span style=\"color: rgb(0, 128, 128);\"><strong>\u201eConcerto Rumoristico\u201c zum Saisonabschluss<\/strong><br \/>\n\t\t\t\t\tmit Nina Dimitri und Silvana Gargiulo<br \/>\n\t\t\t\t\tDie sensible Pianistin (Silvana Gargiulo) wird von der arroganten S\u00e4ngerin (Nina Dimitri) gr\u00fcndlich eingesch\u00fcchtert, weil sie die lateinamerikan-ischen Lieder nicht wunschgem\u00e4ss begleitet. Die Missachtete steuert die feurige Auff\u00fchrung in die Katastrophe&#8230;&#8230;<br \/>\n\t\t\t\t\tNina Dimitri und Silvana Gargiulo garantieren f\u00fcr einen ber\u00fchrenden Abend mit zwei pr\u00e4senten Frauen.<\/span><\/p>\n<p><a href=\"http:\/\/kellertheater-lindenhof.ch\/content\/?event=concerto-rumoristico\">[Weiter lesen | Ticket buchen]<\/a><\/p>\n<\/td>\n<\/tr>\n<\/tbody>\n<\/table>\n<p style=\"font-size: 13px;\">&nbsp;<\/p>\n<p><span style=\"font-size: 16px;\">Das KTL wird von vielen Freunden, Firmen und Mitgliedern sowie der <a href=\"http:\/\/www.ernst-goehner-stiftung.ch\/\" target=\"_blank\">Ernst G\u00f6hner Stiftung<\/a> und dem <a href=\"http:\/\/www.migros-kulturprozent.ch\/\" target=\"_blank\">Migros-Kulturprozent<\/a> unterst\u00fctzt. <strong>Vielen Dank an alle unsere G\u00f6nner ob gross oder klein!<\/strong><\/span><\/p>\n","protected":false},"excerpt":{"rendered":"<p>Programm 2016 Mittwoch, 9.September 20:15h DIE VORSTELLUNG IST AUSVERKAUFT! Michael Elsener \u201eMediengeil\u201c &#8211; 1. CH &#8211; Vorpremiere Zum 1. Mal in B\u00fcren a. A. und erst noch mit seinem neusten Programm \u201eMediengeil\u201c. Mit dabei hat er immer nur seine Stimme &hellip; <a href=\"https:\/\/kellertheater-lindenhof.ch\/content\/?page_id=1810\">Weiterlesen <span class=\"meta-nav\">&rarr;<\/span><\/a><\/p>\n","protected":false},"author":8,"featured_media":0,"parent":4,"menu_order":0,"comment_status":"closed","ping_status":"closed","template":"","meta":{"footnotes":""},"class_list":["post-1810","page","type-page","status-publish","hentry"],"_links":{"self":[{"href":"https:\/\/kellertheater-lindenhof.ch\/content\/index.php?rest_route=\/wp\/v2\/pages\/1810","targetHints":{"allow":["GET"]}}],"collection":[{"href":"https:\/\/kellertheater-lindenhof.ch\/content\/index.php?rest_route=\/wp\/v2\/pages"}],"about":[{"href":"https:\/\/kellertheater-lindenhof.ch\/content\/index.php?rest_route=\/wp\/v2\/types\/page"}],"author":[{"embeddable":true,"href":"https:\/\/kellertheater-lindenhof.ch\/content\/index.php?rest_route=\/wp\/v2\/users\/8"}],"replies":[{"embeddable":true,"href":"https:\/\/kellertheater-lindenhof.ch\/content\/index.php?rest_route=%2Fwp%2Fv2%2Fcomments&post=1810"}],"version-history":[{"count":3,"href":"https:\/\/kellertheater-lindenhof.ch\/content\/index.php?rest_route=\/wp\/v2\/pages\/1810\/revisions"}],"predecessor-version":[{"id":2089,"href":"https:\/\/kellertheater-lindenhof.ch\/content\/index.php?rest_route=\/wp\/v2\/pages\/1810\/revisions\/2089"}],"up":[{"embeddable":true,"href":"https:\/\/kellertheater-lindenhof.ch\/content\/index.php?rest_route=\/wp\/v2\/pages\/4"}],"wp:attachment":[{"href":"https:\/\/kellertheater-lindenhof.ch\/content\/index.php?rest_route=%2Fwp%2Fv2%2Fmedia&parent=1810"}],"curies":[{"name":"wp","href":"https:\/\/api.w.org\/{rel}","templated":true}]}}