{"id":2092,"date":"2017-06-05T15:35:22","date_gmt":"2017-06-05T15:35:22","guid":{"rendered":"https:\/\/kellertheater-lindenhof.ch\/content\/?page_id=2092"},"modified":"2018-04-20T17:24:47","modified_gmt":"2018-04-20T17:24:47","slug":"20172018-2","status":"publish","type":"page","link":"https:\/\/kellertheater-lindenhof.ch\/content\/?page_id=2092","title":{"rendered":"Archiv 2017\/2018"},"content":{"rendered":"<table align=\"left\" border=\"0\" cellpadding=\"1\" cellspacing=\"1\" dir=\"ltr\" style=\"width: 100%;\">\n<tbody>\n<tr>\n<td colspan=\"2\"><span style=\"color: rgb(0, 128, 0); font-size: 20px;\"><strong style=\"line-height: 1.6em;\">Programm 2017<\/strong><\/span><\/td>\n<\/tr>\n<tr>\n<td><span style=\"color: rgb(0, 128, 0);\">Samstag,<br \/>\n\t\t\t\t14.Oktober<br \/>\n\t\t\t\t20:00h<\/span><\/td>\n<td>\n<p><a href=\"https:\/\/kellertheater-lindenhof.ch\/content\/?event=ay-carmela\" rel=\"\" style=\"\" target=\"\" title=\"\"><img loading=\"lazy\" decoding=\"async\" alt=\"\" class=\"alignright size-thumbnail wp-image-2120\" height=\"150\" src=\"https:\/\/kellertheater-lindenhof.ch\/content\/wp-content\/uploads\/2017\/06\/carmela-big-150x150.png\" style=\"\" title=\"\" width=\"150\" \/><\/a><span style=\"color: rgb(0, 128, 0);\"><strong>AY, CARMELA<\/strong><br \/>\n\t\t\t\t\tZum 1. Mal gastiert das Theater Ariane aus Winterthur bei uns im KTL. Ein hochtheatralisches Spiel zwischen Liebe und Tod, Heldenmut und Feigheit, auf der schmalen Scheide zwischen Berufsethos und Prostitution. Es spielen: Rachel Matter und Antonio da Silva. Regie: Jordi Vilardaga (Weitere Infos: <a href=\"http:\/\/www.theaterariane.ch\" target=\"_blank\">www.theaterariane.ch<\/a>).&nbsp; &nbsp;<\/span><\/p>\n<p><a href=\"https:\/\/kellertheater-lindenhof.ch\/content\/?event=ay-carmela\">[Weiter lesen]<\/a><\/p>\n<\/td>\n<\/tr>\n<tr>\n<td><span style=\"color: rgb(0, 128, 0);\">Samstag,<br \/>\n\t\t\t\t28.Oktober<br \/>\n\t\t\t\t20:00h<\/span><\/td>\n<td>\n<p><a href=\"https:\/\/kellertheater-lindenhof.ch\/content\/?event=birkenmeier-theaterkabarett-freiheit-gleichheit-kopf-ab\" rel=\"\" style=\"\" target=\"\" title=\"\"><img loading=\"lazy\" decoding=\"async\" alt=\"\" class=\"alignright size-thumbnail wp-image-2132\" height=\"150\" src=\"https:\/\/kellertheater-lindenhof.ch\/content\/wp-content\/uploads\/2017\/06\/birkenmeier-150x150.png\" style=\"\" title=\"\" width=\"150\" \/><\/a><span style=\"color: rgb(0, 128, 0);\"><strong>Birkenmeier Theaterkabarett &#8211; \u201eFreiheit Gleichheit Kopf ab!\u201c<\/strong><br \/>\n\t\t\t\t\tEin blutiger Abend? Nein, das ist Vollblutkabarett! Ein Abend der Sie neu be-hauptet! (Weitere Infos:&nbsp;<a href=\"http:\/\/www.theater-kabarett.ch\" target=\"_blank\">www.theater-kabarett.ch<\/a>).<\/span><\/p>\n<p><a href=\"https:\/\/kellertheater-lindenhof.ch\/content\/?event=birkenmeier-theaterkabarett-freiheit-gleichheit-kopf-ab\">[Weiter lesen]<\/a><\/p>\n<\/td>\n<\/tr>\n<tr>\n<td><span style=\"color: rgb(0, 128, 0);\">Freitag,<br \/>\n\t\t\t\t10.November<br \/>\n\t\t\t\t20:00h<\/span><\/td>\n<td>\n<p><a href=\"https:\/\/kellertheater-lindenhof.ch\/content\/?event=arno-camenisch\"><img loading=\"lazy\" decoding=\"async\" alt=\"\" class=\"alignright size-thumbnail wp-image-2138\" height=\"150\" src=\"https:\/\/kellertheater-lindenhof.ch\/content\/wp-content\/uploads\/2017\/06\/camenisch-150x150.png\" width=\"150\" \/><\/a><span style=\"color: rgb(0, 128, 0);\"><strong>ARNO CAMENISCH &#8211; \u201eDie Launen des Tages\u201c<\/strong><br \/>\n\t\t\t\t\tDer B\u00fcndner Autor und Performer Arno Camenisch liest aus seinen B\u00fcchern und Spoken Word Texte \u2013 frische, witzige und skurille Geschichten zmitzt aus dem Leben gegriffen, die einem direkt ans Herz gehen Seine Lesungen sind Kult. Musikalische Begleitung: Roman Nowka (Piano)<\/span><\/p>\n<p><a href=\"https:\/\/kellertheater-lindenhof.ch\/content\/?event=arno-camenisch\">[Weiter lesen]<\/a><\/p>\n<\/td>\n<\/tr>\n<tr>\n<td><span style=\"color: rgb(0, 128, 0);\">Freitag,<br \/>\n\t\t\t\t24.November<br \/>\n\t\t\t\t20:00h<\/span><\/td>\n<td>\n<p><a href=\"https:\/\/kellertheater-lindenhof.ch\/content\/?event=reeto-von-gunten-isee-three\"><img loading=\"lazy\" decoding=\"async\" alt=\"\" class=\"alignright size-thumbnail wp-image-2141\" height=\"150\" src=\"https:\/\/kellertheater-lindenhof.ch\/content\/wp-content\/uploads\/2017\/06\/Reeto-von-gunten-150x150.png\" width=\"150\" \/><\/a><span style=\"color: rgb(0, 128, 0);\"><strong>REETO VON GUNTEN &#8211; \u201eISee three\u201c<\/strong><br \/>\n\t\t\t\t\tDie Perfektion des Diaabends. Nach iSee und iSeemore der dritte Streich des Diaabend-Revoluzzers. Ein unterhaltsamer Abend im Stil der klassischen Dia-Vorstellungen \u2013 nur moderner. Geschichten mit Bildern und Musik (Weitere Infos: <a href=\"http:\/\/www.reetovongunten.com\" target=\"_blank\">www.reetovongunten.com<\/a>)<\/span><\/p>\n<p><a href=\"https:\/\/kellertheater-lindenhof.ch\/content\/?event=reeto-von-gunten-isee-three\">[Weiter lesen]<\/a><\/p>\n<\/td>\n<\/tr>\n<tr>\n<td><span style=\"color: rgb(0, 128, 0);\">Freitag,<br \/>\n\t\t\t\t15.Dezember<br \/>\n\t\t\t\t20:00h<\/span><\/td>\n<td>\n<p><a href=\"https:\/\/kellertheater-lindenhof.ch\/content\/?event=heiniger-abend-mit-tschan-tinu-heiniger-und-gerhard-tschan-feiern-advent\"><img loading=\"lazy\" decoding=\"async\" alt=\"\" class=\"alignright size-thumbnail wp-image-2144\" height=\"150\" src=\"https:\/\/kellertheater-lindenhof.ch\/content\/wp-content\/uploads\/2017\/06\/heiniger-abend-150x150.png\" width=\"150\" \/><\/a><span style=\"color: rgb(0, 128, 0);\"><strong>\u201eHeiniger Abend\u201c &#8211; Tinu Heiniger und Gerhard Tschan feiern Advent<\/strong><br \/>\n\t\t\t\t\tWer Tinu Heiniger kennt, der kennt auch seinen \u201eHeiniger Abend\u201c. Nun taucht Gerhard Tschan vom Duo Schertenlaib + Jegerlehner bei ihm auf, und das heitere, besinnliche &nbsp;und traditionelle Adventsprogramm hebt ab in eine neue Dimension. Ein witziger und musikalischer Advent erwartet Sie (Weitere Infos: <a href=\"http:\/\/www.tinu-heiniger.ch\" target=\"_blank\">www.tinu-heiniger.ch<\/a>)<\/span><\/p>\n<p><a href=\"https:\/\/kellertheater-lindenhof.ch\/content\/?event=heiniger-abend-mit-tschan-tinu-heiniger-und-gerhard-tschan-feiern-advent\">[Weiter lesen]<\/a><\/p>\n<\/td>\n<\/tr>\n<tr>\n<td><span style=\"color: rgb(0, 128, 0);\">Sonntag,<br \/>\n\t\t\t\t31.Dezember<br \/>\n\t\t\t\tab 19:15h<\/span><\/td>\n<td>\n<p><a href=\"https:\/\/kellertheater-lindenhof.ch\/content\/?event=silvester-mit-edelvoice\"><img loading=\"lazy\" decoding=\"async\" alt=\"\" class=\"alignright size-thumbnail wp-image-2147\" height=\"150\" src=\"https:\/\/kellertheater-lindenhof.ch\/content\/wp-content\/uploads\/2017\/06\/silvester-2017-150x150.png\" width=\"150\" \/><\/a><span style=\"color: rgb(0, 128, 0);\"><strong>SILVESTER im KTL, MIT DER OPERETTE \u201eIM WEISSEN R\u00d6SSEL\u201c<\/strong><br \/>\n\t\t\t\t\tEin Wiedersehen mit den Edelvoice aus Bern. Es erwartet uns ein bunter und musikalischer Silvesterabend. Wie immer mit einem reichhaltigen Buffet, mit allem Drum und Dran in den Pausen.<\/span><\/p>\n<p><a href=\"https:\/\/kellertheater-lindenhof.ch\/content\/?event=silvester-mit-edelvoice\">[Weiter lesen]<\/a><\/p>\n<\/td>\n<\/tr>\n<tr>\n<td colspan=\"2\"><span style=\"color: rgb(0, 128, 128); font-size: 20px;\"><strong style=\"line-height: 1.6em;\">Programm 2018<\/strong><\/span><\/td>\n<\/tr>\n<tr>\n<td><span style=\"color: rgb(0, 128, 128);\">Montag,<br \/>\n\t\t\t\t1. &amp; Freitag,<br \/>\n\t\t\t\t12. Januar<br \/>\n\t\t\t\tjeweils ab 20:30h<\/span><\/td>\n<td>\n<p><span style=\"color:#FF0000;\"><strong>Zweimal Fasnacht im KTL!&nbsp;<\/strong><\/span><\/p>\n<p><span style=\"color: rgb(0, 128, 128);\"><strong>Montag, 1. Januar 2018 \u2013 20:30h<\/strong><br \/>\n\t\t\t\t\tEr\u00f6ffnung der Fasnacht im KTL mit allen Schnitzelb\u00e4nken, mit Bistrobestuhlung.&nbsp;Eintrittspreis: CHF 12.00 inkl. 1 Getr\u00e4nk n. Wahl.<\/span><\/p>\n<p><a href=\"https:\/\/kellertheater-lindenhof.ch\/content\/?event=zweimal-fasnacht-im-ktl\">[Weiter lesen]<\/a><\/p>\n<p><span style=\"color: rgb(0, 128, 128);\"><strong>Freitag, 12. Januar 2018 \u2013 20:30h<\/strong><br \/>\n\t\t\t\t\tDer traditionelle Schnitzelbank Abend &#8211; Nachlese.&nbsp;Eintrittspreis: Kollekte<\/span><\/p>\n<p><a href=\"#\">[Keine Buchung m\u00f6glich!]<\/a><\/p>\n<\/td>\n<\/tr>\n<tr>\n<td><span style=\"color: rgb(0, 128, 128);\">Samstag,<br \/>\n\t\t\t\t13. Januar<br \/>\n\t\t\t\t20:00h<\/span><\/td>\n<td>\n<p><a href=\"https:\/\/kellertheater-lindenhof.ch\/content\/?event=ueli-schmezers-matterlive-band-2\"><img loading=\"lazy\" decoding=\"async\" alt=\"\" class=\"alignright size-thumbnail wp-image-2150\" height=\"150\" src=\"https:\/\/kellertheater-lindenhof.ch\/content\/wp-content\/uploads\/2017\/06\/matterlive-150x150.png\" width=\"150\" \/><\/a><span style=\"color: rgb(0, 128, 128);\"><strong>Ueli Schmezer\u2019s Matter-Live Band<\/strong><br \/>\n\t\t\t\t\t<em>Weiter auf Jubil\u00e4umstour, mit neuen Liedern von Mani Matter.<\/em><\/span><\/p>\n<p><span style=\"color: rgb(0, 128, 128);\">Nach dem erfolgreichen Auftritt im Herbst 2016 kommen sie nochmals auf vielseitigen Wunsch und mit neuen Liedern. Drei tolle Musiker erwarten Sie (weitere Infos: <a href=\"http:\/\/www.matterlive.ch\" target=\"_blank\">www.matterlive.ch<\/a>).<\/span><\/p>\n<p><a href=\"https:\/\/kellertheater-lindenhof.ch\/content\/?event=ueli-schmezers-matterlive-band-2\">[Weiter lesen]<\/a><\/p>\n<\/td>\n<\/tr>\n<tr>\n<td><span style=\"color: rgb(0, 128, 128);\">Samstag,<br \/>\n\t\t\t\t27. Januar<br \/>\n\t\t\t\t20:00h<\/span><\/td>\n<td>\n<p><a href=\"https:\/\/kellertheater-lindenhof.ch\/content\/?event=nico-brina-boogie-blues-in-concert\"><img loading=\"lazy\" decoding=\"async\" alt=\"\" class=\"alignright size-thumbnail wp-image-2153\" height=\"150\" src=\"https:\/\/kellertheater-lindenhof.ch\/content\/wp-content\/uploads\/2017\/06\/nico-brina-150x150.png\" width=\"150\" \/><\/a><span style=\"color: rgb(0, 128, 128);\"><strong>NICO BRINA &#8211; BOOGIE &amp; BLUES IN CONCERT<\/strong><br \/>\n\t\t\t\t\tNico Brina, erstmals im KTL. Die Kombination-BBB &nbsp;\u201eBoogie &amp; Blues &amp; Brina\u201c ist das perfekte Rezept f\u00fcr eine hoch-potente Gl\u00fccksdroge. Ganz ohne Nebenwirkungen nat\u00fcrlich (Weitere Infos: <a href=\"http:\/\/www.brina.ch\" target=\"_blank\">www.brina.ch<\/a>).<\/span><\/p>\n<p><a href=\"https:\/\/kellertheater-lindenhof.ch\/content\/?event=nico-brina-boogie-blues-in-concert\">[Weiter lesen]<\/a><\/p>\n<\/td>\n<\/tr>\n<tr>\n<td><span style=\"color: rgb(0, 128, 128);\">Samstag,<br \/>\n\t\t\t\t10. Februar<br \/>\n\t\t\t\t20:00h<\/span><\/td>\n<td>\n<p><a href=\"https:\/\/kellertheater-lindenhof.ch\/content\/?event=anet-corti-optimum\"><img loading=\"lazy\" decoding=\"async\" alt=\"\" class=\"alignright size-thumbnail wp-image-2156\" height=\"150\" src=\"https:\/\/kellertheater-lindenhof.ch\/content\/wp-content\/uploads\/2017\/06\/anet-corti-150x150.png\" width=\"150\" \/><\/a><span style=\"color: rgb(0, 128, 128);\"><strong>A N E T &nbsp;C O R T I &#8211; \u201eOPTIMUM\u201c \u2013 Bis zum bitteren Maxium<\/strong><br \/>\n\t\t\t\t\tOptimiere dich selbst! Dieser Herausforderung stellt sich Anet Corti und nimmt in ihrem neuen Programm unsere Leitungsge-sellschaft und deren Ego-Tuning-Manie ins Visier. Mittelmass macht keinen Spass! Was wir wollen ist das Optimum.<\/span><\/p>\n<p><a href=\"https:\/\/kellertheater-lindenhof.ch\/content\/?event=anet-corti-optimum\">[Weiter lesen]<\/a><\/p>\n<\/td>\n<\/tr>\n<tr>\n<td><span style=\"color: rgb(0, 128, 128);\">Freitag,<br \/>\n\t\t\t\t23. Februar<br \/>\n\t\t\t\t20:00h<\/span><\/td>\n<td>\n<p><a href=\"https:\/\/kellertheater-lindenhof.ch\/content\/?event=ex-freundinnen-zum-fressen-gern\"><img loading=\"lazy\" decoding=\"async\" alt=\"\" class=\"alignright size-thumbnail wp-image-2160\" height=\"150\" src=\"https:\/\/kellertheater-lindenhof.ch\/content\/wp-content\/uploads\/2017\/06\/ex-freudinnen-1-150x150.png\" width=\"150\" \/><\/a><strong><span style=\"color:#FF0000;\">DIE VORSTELLUNG IST AUSVERKAUFT<\/span><\/strong><\/p>\n<p><span style=\"color: rgb(0, 128, 128);\"><strong>EX-FREUNDINNEN \u2013 \u201eZum&nbsp;Fressen&nbsp;gern\u201c<\/strong><br \/>\n\t\t\t\t\tM\u00e4nner kommen und gehen. Freundinnen bleiben. Doch Freundinnen sind kompliziert. Vor allem wenn sie Hunger haben. Davon k\u00f6nnen Aniko Donath, Isabelle Flachsmann und Martina Lory ein Liedchen singen. Pikant begleitet von Sonja F\u00fcchslin an Piano, Violine und Akkordeon. www.ex-freundinnen.ch<\/span><\/p>\n<p><a href=\"https:\/\/kellertheater-lindenhof.ch\/content\/?event=ex-freundinnen-zum-fressen-gern\">[Weiter lesen]<\/a><\/p>\n<\/td>\n<\/tr>\n<tr>\n<td><span style=\"color: rgb(0, 128, 128);\">Samstag,<br \/>\n\t\t\t\t10. M\u00e4rz<br \/>\n\t\t\t\t20:00h<\/span><\/td>\n<td>\n<p><a href=\"https:\/\/kellertheater-lindenhof.ch\/content\/?event=uta-koebernick\"><img loading=\"lazy\" decoding=\"async\" alt=\"\" class=\"alignright size-thumbnail wp-image-2162\" height=\"150\" src=\"https:\/\/kellertheater-lindenhof.ch\/content\/wp-content\/uploads\/2017\/06\/uta-koebernick-150x150.png\" width=\"150\" \/><\/a><span style=\"color: rgb(0, 128, 128);\"><strong>Uta K\u00f6bernick &#8211; \u201eGrund f\u00fcr Liebe \u2013 politisch, z\u00c4rtlich, sch\u00f6n\u201c<\/strong><br \/>\n\t\t\t\t\tAls scheinintegrierte Deutsche in der Schweiz schl\u00e4gt die ge-b\u00fcrtige Europ\u00e4erin ihre Ostberliner Wurzeln tief in die Blumen-t\u00f6pfe unserer Vorurteile. Grenzen verschwimmen zu einem Ozean im Wasserkocher und nach einem zauberhaften Abend versteht man die Welt zwar besser, aber sich selbst ein wenig mehr.<br \/>\n\t\t\t\t\tGewinnerin des Salzburger Stiers 2016 (weitere Infos: <a href=\"http:\/\/www.koebernick.ch\" target=\"_blank\">www.koebernick.ch<\/a>).<\/span><\/p>\n<p><a href=\"https:\/\/kellertheater-lindenhof.ch\/content\/?event=uta-koebernick\">[Weiter lesen]<\/a><\/p>\n<\/td>\n<\/tr>\n<tr>\n<td><span style=\"color: rgb(0, 128, 128);\">Samstag,<br \/>\n\t\t\t\t24. M\u00e4rz<br \/>\n\t\t\t\t20:00h<\/span><\/td>\n<td>\n<p><a href=\"https:\/\/kellertheater-lindenhof.ch\/content\/?event=das-wirtshaus-im-spessart\"><img loading=\"lazy\" decoding=\"async\" alt=\"\" class=\"alignright size-thumbnail wp-image-2166\" height=\"150\" src=\"https:\/\/kellertheater-lindenhof.ch\/content\/wp-content\/uploads\/2017\/06\/spessart-150x150.png\" width=\"150\" \/><\/a><span style=\"color: rgb(0, 128, 128);\"><strong>\u201eDas Wirtshaus im Spessart\u201c<\/strong><br \/>\n\t\t\t\t\tSo lustig, wie sich das manch einer vorstellen mag, mit dem \u201ein die Welt hinausziehen\u201c, ist es gar nicht im grossen schwarzen Wald. Dramatik im Dickicht von Angst, Macht, Geld und Liebe. Es spielen: Norma Anthes, Marianne Lindt, Max Dannecker, Finn Hansen, David K\u00f6hne, Markus Schl\u00fcter.&nbsp;Regie: Andreas Jendrusch.<\/span><\/p>\n<p><a href=\"https:\/\/kellertheater-lindenhof.ch\/content\/?event=das-wirtshaus-im-spessart\">[Weiter lesen]<\/a><\/p>\n<\/td>\n<\/tr>\n<tr>\n<td><span style=\"color: rgb(0, 128, 128);\">Sonntag,<br \/>\n\t\t\t\t25. M\u00e4rz<br \/>\n\t\t\t\t16:00h<\/span><\/td>\n<td>\n<p><a href=\"https:\/\/kellertheater-lindenhof.ch\/content\/?event=die-abenteuer-des-pettersson-und-findus\"><img loading=\"lazy\" decoding=\"async\" alt=\"\" class=\"alignright size-thumbnail wp-image-2169\" height=\"150\" src=\"https:\/\/kellertheater-lindenhof.ch\/content\/wp-content\/uploads\/2017\/06\/pettersson-findus-1-150x150.png\" width=\"150\" \/><\/a><span style=\"color: rgb(0, 128, 128);\"><strong>\u201eDie Abenteuer des Pettersson und Findus\u201c<\/strong><br \/>\n\t\t\t\t\t<em>Der Kinderbuchklassiker ab 4 Jahren<\/em><\/span><\/p>\n<p><span style=\"color: rgb(0, 128, 128);\">Erstmals bringt das KTL eine Auff\u00fchrung f\u00fcr unseren Nachwuchs. Aufgef\u00fchrt vom Regionentheater aus dem schwarzen Wald. Spieldauer ca. 50 Minuten.&nbsp;Eintrittspreise: Kollekte<\/span><\/p>\n<p><a href=\"https:\/\/kellertheater-lindenhof.ch\/content\/?event=die-abenteuer-des-pettersson-und-findus\">[Weiter lesen]<\/a><\/p>\n<\/td>\n<\/tr>\n<tr>\n<td><span style=\"color: rgb(0, 128, 128);\">Samstag,<br \/>\n\t\t\t\t8. September<br \/>\n\t\t\t\t20:00h<\/span><\/td>\n<td>\n<p><a href=\"https:\/\/kellertheater-lindenhof.ch\/content\/?event=heute-gemeindeversammlung-eine-komoedie-mit-mike-mueller\"><img loading=\"lazy\" decoding=\"async\" alt=\"\" class=\"alignright size-thumbnail wp-image-2213\" height=\"150\" src=\"https:\/\/kellertheater-lindenhof.ch\/content\/wp-content\/uploads\/2017\/11\/mike-mueller-150x150.jpg\" width=\"150\" \/><\/a><span style=\"color:#FF0000;\"><strong>Die Vorstellung ist ausverkauft und auch die Warteliste ist \u00fcbervoll!<\/strong><\/span><\/p>\n<p><span style=\"color: rgb(0, 128, 128);\"><strong>Heute Gemeindeversammlung \u2013 Eine Kom\u00f6die<\/strong><br \/>\n\t\t\t\t\t<em>mit Mike M\u00fcller<\/em><\/span><\/p>\n<p><span style=\"color: rgb(0, 128, 128);\">Raoul Furrler ist Gemeindepr\u00e4sident, oder besser gesagt: Er war es. Wie es dazu kam und wer da alles eine Rolle spielte, wird in \u201eHeute Gemeindeversammlung\u201c erz\u00e4hlt. Der dritte Soloabend ist reine Fiktion des Politikbetriebes auf der kleinsten Flamme, der Gemeindepolitik. Hier wird die Suppe heisser gegessen als sie gekocht wurde.<\/span><\/p>\n<p><a href=\"https:\/\/kellertheater-lindenhof.ch\/content\/?event=heute-gemeindeversammlung-eine-komoedie-mit-mike-mueller\">[Weiter lesen]<\/a><\/p>\n<\/td>\n<\/tr>\n<\/tbody>\n<\/table>\n<p style=\"font-size: 13px;\">&nbsp;<\/p>\n<p><span style=\"font-size: 16px;\">Das KTL wird von vielen Freunden, Firmen und Mitgliedern sowie der <a href=\"http:\/\/www.ernst-goehner-stiftung.ch\/\" target=\"_blank\">Ernst G\u00f6hner Stiftung<\/a> und dem <a href=\"http:\/\/www.migros-kulturprozent.ch\/\" target=\"_blank\">Migros-Kulturprozent<\/a> unterst\u00fctzt. <\/span><\/p>\n<p><span style=\"font-size: 16px;\"><strong>Vielen Dank an alle unsere G\u00f6nner ob gross oder klein!<\/strong><\/span><\/p>\n","protected":false},"excerpt":{"rendered":"<p>Programm 2017 Samstag, 14.Oktober 20:00h AY, CARMELA Zum 1. Mal gastiert das Theater Ariane aus Winterthur bei uns im KTL. Ein hochtheatralisches Spiel zwischen Liebe und Tod, Heldenmut und Feigheit, auf der schmalen Scheide zwischen Berufsethos und Prostitution. Es spielen: &hellip; <a href=\"https:\/\/kellertheater-lindenhof.ch\/content\/?page_id=2092\">Weiterlesen <span class=\"meta-nav\">&rarr;<\/span><\/a><\/p>\n","protected":false},"author":8,"featured_media":0,"parent":4,"menu_order":0,"comment_status":"closed","ping_status":"closed","template":"","meta":{"footnotes":""},"class_list":["post-2092","page","type-page","status-publish","hentry"],"_links":{"self":[{"href":"https:\/\/kellertheater-lindenhof.ch\/content\/index.php?rest_route=\/wp\/v2\/pages\/2092","targetHints":{"allow":["GET"]}}],"collection":[{"href":"https:\/\/kellertheater-lindenhof.ch\/content\/index.php?rest_route=\/wp\/v2\/pages"}],"about":[{"href":"https:\/\/kellertheater-lindenhof.ch\/content\/index.php?rest_route=\/wp\/v2\/types\/page"}],"author":[{"embeddable":true,"href":"https:\/\/kellertheater-lindenhof.ch\/content\/index.php?rest_route=\/wp\/v2\/users\/8"}],"replies":[{"embeddable":true,"href":"https:\/\/kellertheater-lindenhof.ch\/content\/index.php?rest_route=%2Fwp%2Fv2%2Fcomments&post=2092"}],"version-history":[{"count":51,"href":"https:\/\/kellertheater-lindenhof.ch\/content\/index.php?rest_route=\/wp\/v2\/pages\/2092\/revisions"}],"predecessor-version":[{"id":2305,"href":"https:\/\/kellertheater-lindenhof.ch\/content\/index.php?rest_route=\/wp\/v2\/pages\/2092\/revisions\/2305"}],"up":[{"embeddable":true,"href":"https:\/\/kellertheater-lindenhof.ch\/content\/index.php?rest_route=\/wp\/v2\/pages\/4"}],"wp:attachment":[{"href":"https:\/\/kellertheater-lindenhof.ch\/content\/index.php?rest_route=%2Fwp%2Fv2%2Fmedia&parent=2092"}],"curies":[{"name":"wp","href":"https:\/\/api.w.org\/{rel}","templated":true}]}}