{"id":2307,"date":"2018-04-20T17:26:26","date_gmt":"2018-04-20T17:26:26","guid":{"rendered":"https:\/\/kellertheater-lindenhof.ch\/content\/?page_id=2307"},"modified":"2019-04-30T16:04:57","modified_gmt":"2019-04-30T16:04:57","slug":"aktuell","status":"publish","type":"page","link":"https:\/\/kellertheater-lindenhof.ch\/content\/?page_id=2307","title":{"rendered":"Archiv 2018\/2019"},"content":{"rendered":"<p style=\"text-align: center;\"><span style=\"font-family: arial,helvetica,sans-serif;\"><strong>Wir freuen uns, Ihnen das neue Programm des KTL zu pr\u00e4sentieren!<\/strong><br \/>\n\tT\u00fcr\u00f6ffnung ist immer um 19:15h also 45 Minuten&nbsp;vor Vorstellungsbeginn.<br \/>\n\tDie Sitzpl\u00e4tze werden nach Eingang der Reservationen vergeben.<\/span><\/p>\n<p style=\"text-align: center;\"><span style=\"font-family: arial,helvetica,sans-serif;\"><u>Preise:<\/u><br \/>\n\tErwachsene CHF 30.00\/35.00, Jugendliche\/Studenten CHF 20.00 (sofern nicht&nbsp;anders deklariert).<br \/>\n\tAbo f\u00fcr alle Vorstellungen (ohne Silvester)&nbsp;CHF 250.00<\/span><\/p>\n<p style=\"text-align: center;\"><span style=\"font-family: arial,helvetica,sans-serif;\">Online Vorverkauf&nbsp;<strong><em>oder<\/em><\/strong> unter 077 529 51 09<\/span><\/p>\n<p><!-- Programm NEUES JAHR --><\/p>\n<table align=\"left\" border=\"0\" cellpadding=\"1\" cellspacing=\"1\" dir=\"ltr\" style=\"width: 100%;\">\n<tbody>\n<tr><!-- Programm NEUES JAHR --><!-- Programm NEUES JAHR --><!-- Programm NEUES JAHR --><!-- Programm NEUES JAHR --><\/p>\n<td colspan=\"2\"><span style=\"color: rgb(0, 128, 0); font-size: 20px;\"><strong style=\"line-height: 1.6em;\">Programm 2018<\/strong><\/span><\/td>\n<\/tr>\n<tr>\n<td><span style=\"color: rgb(0, 128, 0);\">Samstag,<br \/>\n\t\t\t\t8. September<br \/>\n\t\t\t\t20:00h<\/span><\/td>\n<td>\n<p><a href=\"https:\/\/kellertheater-lindenhof.ch\/content\/?event=heute-gemeindeversammlung-eine-komoedie-mit-mike-mueller\"><img loading=\"lazy\" decoding=\"async\" alt=\"\" class=\"alignright size-thumbnail wp-image-2213\" height=\"150\" src=\"https:\/\/kellertheater-lindenhof.ch\/content\/wp-content\/uploads\/2017\/11\/mike-mueller-150x150.jpg\" width=\"150\" \/><\/a><span style=\"color:#FF0000;\"><strong>Die Vorstellung ist ausverkauft!<\/strong><\/span><\/p>\n<p><span style=\"color: rgb(0, 128, 0);\"><strong>Heute Gemeindeversammlung \u2013 Eine Kom\u00f6die<\/strong> mit Mike M\u00fcller<\/span><\/p>\n<p><span style=\"color: rgb(0, 128, 0);\">Raoul Furrler ist Gemeindepr\u00e4sident, oder besser gesagt: Er war es. Wie es dazu kam und wer da alles eine Rolle spielte, wird in \u201eHeute Gemeindeversammlung\u201c erz\u00e4hlt. Der dritte Soloabend ist reine Fiktion des Politikbetriebes auf der kleinsten Flamme, der Gemeindepolitik. Hier wird die Suppe heisser gegessen als sie gekocht wurde.<\/span><\/p>\n<p><a href=\"https:\/\/kellertheater-lindenhof.ch\/content\/?event=heute-gemeindeversammlung-eine-komoedie-mit-mike-mueller\">[Weiter lesen]<\/a><\/p>\n<\/td>\n<\/tr>\n<tr>\n<td><span style=\"color: rgb(0, 128, 0);\">Samstag,<br \/>\n\t\t\t\t15.September<br \/>\n\t\t\t\tab 18:00h<\/span><\/td>\n<td>\n<p><a href=\"https:\/\/kellertheater-lindenhof.ch\/content\/?event=kulturnacht-der-musikschule-bueren-a-a\"><img loading=\"lazy\" decoding=\"async\" alt=\"\" class=\"alignright size-thumbnail wp-image-2353\" height=\"150\" src=\"https:\/\/kellertheater-lindenhof.ch\/content\/wp-content\/uploads\/2018\/04\/musikschule-bueren-150x150.jpg\" width=\"150\" \/><\/a><\/p>\n<p><span style=\"font-size:18px;\"><span style=\"color: rgb(0, 128, 0);\"><strong>Kulturnacht 2018<\/strong><\/span><\/span><\/p>\n<p><span style=\"color: rgb(0, 128, 0);\">5 verschiedene Vorstellungen &nbsp;<\/span><\/p>\n<p><span style=\"color: rgb(0, 128, 0);\">s. spezielles Programm unter www.kulturnacht-rlb.ch<\/span><\/p>\n<p><span style=\"color: rgb(0, 128, 0);\">Keine Buchungen m\u00f6glich.<\/span><\/p>\n<p>&nbsp;<\/p>\n<\/td>\n<\/tr>\n<tr>\n<td><span style=\"color: rgb(0, 128, 0);\">Samstag,<br \/>\n\t\t\t\t27.Oktober<br \/>\n\t\t\t\t20:00h<\/span><\/td>\n<td>\n<p><a href=\"https:\/\/kellertheater-lindenhof.ch\/content\/?event=nils-althaus-aussetzer\"><img loading=\"lazy\" decoding=\"async\" alt=\"\" class=\"alignright size-thumbnail wp-image-2310\" height=\"150\" src=\"https:\/\/kellertheater-lindenhof.ch\/content\/wp-content\/uploads\/2018\/04\/nils-althaus-150x150.png\" width=\"150\" \/><\/a><span style=\"color: rgb(0, 128, 0);\"><strong><span style=\"font-size:14px;\">Nils Althaus \u2013 \u201cAussetzer\u201d&nbsp;<\/span> &#8211;&nbsp;&nbsp;Kabarettsolo mit Liedern<\/strong> &nbsp;<\/span><\/p>\n<p><span style=\"color: rgb(0, 128, 0);\">Wir funktionieren. Eine ge\u00f6lte Maschine im globalen Wettbewerb. Ein Rennen um die besten Pl\u00e4tze. Nils Althaus rennt mit. Sprachlich virtuos, musikalisch, vielseitig \u2013 der Charmante unter den B\u00f6sen. Und dann das, Nils Althaus hat einen Aussetzer.<\/span><\/p>\n<p><a href=\"https:\/\/kellertheater-lindenhof.ch\/content\/?event=nils-althaus-aussetzer\">[Weiter lesen]<\/a><\/p>\n<\/td>\n<\/tr>\n<tr>\n<td><span style=\"color: rgb(0, 128, 0);\">Sonntag,<br \/>\n\t\t\t\t28.Oktober<br \/>\n\t\t\t\t15:30h<\/span><\/td>\n<td>\n<p><a href=\"https:\/\/kellertheater-lindenhof.ch\/content\/?event=das-sams-eine-woche-voller-samstage\"><img loading=\"lazy\" decoding=\"async\" alt=\"\" class=\"alignright size-thumbnail wp-image-2312\" height=\"150\" src=\"https:\/\/kellertheater-lindenhof.ch\/content\/wp-content\/uploads\/2018\/04\/das-sams-150x150.png\" width=\"150\" \/><\/a><span style=\"color: rgb(0, 128, 0);\"><span style=\"font-size:14px;\"><strong>Das Sams \u2013 eine Woche voller Samstage<\/strong><\/span><br \/>\n\t\t\t\t\tDas bekannte Abenteuer f\u00fcr Kinder ab 5 Jahren von Paul Maars, neu auf der B\u00fchne \u2013 Nach dem Grosserfolg mit Pettersson und Findus haben&nbsp;in dieser Saison zwei Kindervorstellungen&nbsp;ins Programm aufgenommen. Das &#8222;SAMS&#8220; und am 24. M\u00e4rz 2019 &#8222;Zottelkralle&#8220;. Beide St\u00fccke gespielt vom \u201eTheater aus dem schwarzen Wald\u201c.<\/span><\/p>\n<p><strong>Eintritt: Kollekte<\/strong><\/p>\n<p><a href=\"https:\/\/kellertheater-lindenhof.ch\/content\/?event=das-sams-eine-woche-voller-samstage\">[Weiter lesen]<\/a><\/p>\n<\/td>\n<\/tr>\n<tr>\n<td><span style=\"color: rgb(0, 128, 0);\">Samstag,<br \/>\n\t\t\t\t10.November<br \/>\n\t\t\t\t20:00h<\/span><\/td>\n<td>\n<p><a href=\"https:\/\/kellertheater-lindenhof.ch\/content\/?event=sijamais-kriminell\"><img loading=\"lazy\" decoding=\"async\" alt=\"\" class=\"alignright size-thumbnail wp-image-2314\" height=\"150\" src=\"https:\/\/kellertheater-lindenhof.ch\/content\/wp-content\/uploads\/2018\/04\/siJamais-150x150.jpg\" width=\"150\" \/><\/a><span style=\"color: rgb(0, 128, 0);\"><span style=\"font-size:14px;\"><strong>SiJamais \u201ekriminell\u201c<\/strong><\/span><br \/>\n\t\t\t\t\tDrei charakterstarke, kom\u00f6diantische Musikerinnen mit Klarinette, Klavier, Kontrabass und 3 goldenen Kehlen, Musikalische Massnahme f\u00fcr Vorbestrafte und Unbedarfte. Olala \u2013 ein Frauentrio hinter Gittern!?! Von der Kleinkunst zerrieben hatten sich die Musikerinnen im Streit getrennt. Doch auf der Suche nach einem glamour\u00f6sen Leben schlitterten sie allesamt auf die schiefe Bahn. Nun finden sie sich in der derselben Zelle wieder. Eine gemeinere Strafe h\u00e4tte sich das Schicksal nicht ausdenken k\u00f6nnen. Das t\u00f6nt doch schwer nach Zickenkrieg!<\/span><\/p>\n<p><a href=\"https:\/\/kellertheater-lindenhof.ch\/content\/?event=sijamais-kriminell\">[Weiter lesen]<\/a><\/p>\n<\/td>\n<\/tr>\n<tr>\n<td><span style=\"color: rgb(0, 128, 0);\">Freitag,<br \/>\n\t\t\t\t23.November<br \/>\n\t\t\t\t20:00h<\/span><\/td>\n<td>\n<p><a href=\"https:\/\/kellertheater-lindenhof.ch\/content\/?event=simon-chen-n-n\"><img loading=\"lazy\" decoding=\"async\" alt=\"\" class=\"alignright size-thumbnail wp-image-2413\" height=\"150\" src=\"https:\/\/kellertheater-lindenhof.ch\/content\/wp-content\/uploads\/2018\/04\/SimonChen-150x150.jpg\" width=\"150\" \/><\/a><span style=\"color: rgb(0, 128, 0);\"><span style=\"font-size:14px;\"><strong>Simon Chen &#8222;TYPISCH!&#8220;<\/strong><\/span><br \/>\n\t\t\t\t\tIm zweiten Kabarettprogramm von Simon Chen wird t\u00fcchtig \u00fcber den Kamm geschert, ohne aber den Einzelfall und andere Minderheiten zu verschonen. Denn wir alle &#8211; ganz generellgesagt &#8211; k\u00e4mpfen auf individuelle Art und Weise mit Pauschalisierungen und Vorurteilen, denken entweder schwarz oder weiss oder stolpern \u00fcber l\u00e4stige Graustufen. Wer schon lange keinen Elternabend mehr erlebt hat oder sich von einem Erfolgscoach erniedrigen lassen m\u00f6chte, sollte sich diesen Abend gefallen lassen &#8230;&nbsp;<\/span><\/p>\n<p><a href=\"https:\/\/kellertheater-lindenhof.ch\/content\/?event=simon-chen-n-n\">[Weiter lesen]<\/a><\/p>\n<\/td>\n<\/tr>\n<tr>\n<td><span style=\"color: rgb(0, 128, 0);\">Samstag,<br \/>\n\t\t\t\t8.Dezember<br \/>\n\t\t\t\t20:00h<\/span><\/td>\n<td>\n<p><a href=\"https:\/\/kellertheater-lindenhof.ch\/content\/?event=dguelsha-adilji-zeigt-ihre-schnaegg\"><img loading=\"lazy\" decoding=\"async\" alt=\"\" class=\"alignright size-thumbnail wp-image-2316\" height=\"150\" src=\"https:\/\/kellertheater-lindenhof.ch\/content\/wp-content\/uploads\/2018\/04\/Guelsha_Adilji-150x150.jpg\" width=\"150\" \/><\/a><span style=\"color: rgb(0, 128, 0);\"><span style=\"font-size:14px;\"><strong>D\u2019G\u00fclsha Adilji \u2013 \u201ezeigt ihre Schn\u00e4gg\u201c<\/strong><\/span><br \/>\n\t\t\t\t\tNach einer steilen aber diskreten Karriere als Moderatorin und Social-Media-Star ist es an der Zeit, in Kontakt mit echten Menschen zu treten. Facebook und Klick-baiting ade, die Quoten-Ostschweizerin wagt sich auf die Kleinkunstb\u00fchne. Die Entdeckung es Jahres.&nbsp;<\/span><\/p>\n<p><a href=\"https:\/\/kellertheater-lindenhof.ch\/content\/?event=dguelsha-adilji-zeigt-ihre-schnaegg\">[Weiter lesen]<\/a><\/p>\n<\/td>\n<\/tr>\n<tr>\n<td><span style=\"color: rgb(0, 128, 0);\">Montag,<br \/>\n\t\t\t\t31.Dezember<br \/>\n\t\t\t\t19:30h<\/span><\/td>\n<td>\n<p><a href=\"https:\/\/kellertheater-lindenhof.ch\/content\/?event=silvester-duocalva\"><img loading=\"lazy\" decoding=\"async\" alt=\"\" class=\"alignright size-thumbnail wp-image-2320\" height=\"150\" src=\"https:\/\/kellertheater-lindenhof.ch\/content\/wp-content\/uploads\/2018\/04\/DuoCalva-150x150.jpg\" width=\"150\" \/><\/a><\/p>\n<p><span style=\"font-size:18px;\"><span style=\"color:#FF0000;\">Die Vorstellung ist ausverkauft!<\/span><\/span><\/p>\n<p><span style=\"color: rgb(0, 128, 0);\"><span style=\"font-size:14px;\"><strong>Silvester \u2013 \u201cDuoCalva\u201d<\/strong><\/span><\/span><br \/>\n\t\t\t\t\t<span style=\"color: rgb(0, 128, 0);\">Feiern Sie mit uns und dem \u201eDuoCalva\u201c SILVESTER.<br \/>\n\t\t\t\t\tPreis, wie immer inkl. Essen und aller Getr\u00e4nke: CHF 110.00<\/span><\/p>\n<p><a href=\"https:\/\/kellertheater-lindenhof.ch\/content\/?event=silvester-duocalva\">[Weiter lesen | Buchen]<\/a><\/p>\n<\/td>\n<\/tr>\n<tr>\n<td colspan=\"2\"><span style=\"color: rgb(0, 128, 128); font-size: 20px;\"><strong style=\"line-height: 1.6em;\">Programm 2019<\/strong><\/span><\/td>\n<\/tr>\n<tr>\n<td><span style=\"color: rgb(0, 128, 128);\">Dienstag,<br \/>\n\t\t\t\t1. Januar, ab 20:30h<br \/>\n\t\t\t\tFreitag,<br \/>\n\t\t\t\t11. Januar, ab 20:00h<\/span><\/td>\n<td>\n<p><img loading=\"lazy\" decoding=\"async\" alt=\"\" class=\"alignright size-thumbnail wp-image-2354\" height=\"150\" src=\"https:\/\/kellertheater-lindenhof.ch\/content\/wp-content\/uploads\/2018\/04\/Fasnacht-2019-150x150.jpg\" width=\"150\" \/><span style=\"font-size:16px;\"><span style=\"color:#FF0000;\"><strong>Zweimal Fasnacht im KTL&nbsp;<\/strong><\/span><\/span><\/p>\n<p><span style=\"color: rgb(0, 128, 128);\"><span style=\"font-size:14px;\"><strong>Dienstag, 1. Januar 2019 \u2013 20:30h<\/strong><\/span><br \/>\n\t\t\t\t\tEr\u00f6ffnung der Fasnacht im KTL mit allen Schnitzelb\u00e4nken, mit Bistrobestuhlung.<br \/>\n\t\t\t\t\t<strong>Eintrittspreis: CHF 12.- <\/strong>inkl. 1 Getr\u00e4nk ihrer&nbsp;Wahl.<\/span><\/p>\n<p><span style=\"color: rgb(0, 128, 128);\"><span style=\"font-size:14px;\"><strong>Freitag, 11. Januar 2019 \u2013 20:00h<\/strong><\/span><br \/>\n\t\t\t\t\tDer traditionelle Schnitzelbank Abend &#8211; Nachlese.<br \/>\n\t\t\t\t\t<span style=\"font-size:14px;\"><strong>Eintrittspreis: Kollekte<\/strong><\/span><\/span><\/p>\n<p><a href=\"#\">[Keine Buchung m\u00f6glich!]<\/a><\/p>\n<\/td>\n<\/tr>\n<tr>\n<td><span style=\"color: rgb(0, 128, 128);\">Samstag,<br \/>\n\t\t\t\t26.Januar<br \/>\n\t\t\t\t20:00h<\/span><\/td>\n<td>\n<p><a href=\"https:\/\/kellertheater-lindenhof.ch\/content\/?event=daniel-ziegler-der-bassimist\"><img loading=\"lazy\" decoding=\"async\" alt=\"\" class=\"alignright size-thumbnail wp-image-2322\" height=\"150\" src=\"https:\/\/kellertheater-lindenhof.ch\/content\/wp-content\/uploads\/2018\/04\/Daniel_Ziegler-150x150.jpg\" width=\"150\" \/><\/a><\/p>\n<p><span style=\"color: rgb(0, 128, 128);\"><strong>Daniel Ziegler \u2013 \u201eDer Bassimist\u201c<\/strong><br \/>\n\t\t\t\t\tWer kennt ihn nicht, den Appenzeller Daniel Ziegler, der als Bassist von \u201eGiacobbo\/M\u00fcller\u201c etwa so viel Lebensfreude verspr\u00fchte wie ein leerer Deo Spray. Und jetzt kommt diese \u201egeballte Ladung Fr\u00f6hlichkeit\u201c abendf\u00fcllend und solo im Kellertheater Lindenhof auf uns zu.<\/span><\/p>\n<p><a href=\"https:\/\/kellertheater-lindenhof.ch\/content\/?event=daniel-ziegler-der-bassimist\">[Weiter lesen]<\/a><\/p>\n<\/td>\n<\/tr>\n<tr>\n<td><span style=\"color: rgb(0, 128, 128);\">Donnerstag,<br \/>\n\t\t\t\t14.Februar<br \/>\n\t\t\t\t20:00h<\/span><\/td>\n<td>\n<p><a href=\"https:\/\/kellertheater-lindenhof.ch\/content\/?event=zum-valentinstag-der-biss-in-den-apfel\"><img loading=\"lazy\" decoding=\"async\" alt=\"\" class=\"alignright size-thumbnail wp-image-2324\" height=\"150\" src=\"https:\/\/kellertheater-lindenhof.ch\/content\/wp-content\/uploads\/2018\/04\/brigitte_hirsig-150x150.jpg\" width=\"150\" \/><\/a><span style=\"color: rgb(0, 128, 128);\"><strong>Zum Valentinstag &nbsp;<\/strong><\/span><\/p>\n<p><span style=\"color: rgb(0, 128, 128);\"><strong>Brigitte Hirsig&nbsp; &#8211;&nbsp; \u201eDer Biss in den Apfel\u201c<\/strong><br \/>\n\t\t\t\t\tM\u00e4rchen und Geschichten \u00fcber die Liebe, erz\u00e4hlt und musikalisch begleitet von Brigitte Hirsig \u2013 Im neuen M\u00e4rchenprogramm geht es um die Liebe zwischen Mann und Frau. Es gibt erstaunliche Verwandlungen, \u00fcberraschende L\u00f6sungen und auch zwei Geschichten, die an jedem Abend neu erz\u00e4hlt werden, je nachdem welche W\u00f6rter das Publikum in den Geschichtentopf legt&#8230;..<\/span><\/p>\n<p><a href=\"https:\/\/kellertheater-lindenhof.ch\/content\/?event=zum-valentinstag-der-biss-in-den-apfel\">[Weiter lesen | Buchen]<\/a><\/p>\n<\/td>\n<\/tr>\n<tr>\n<td><span style=\"color: rgb(0, 128, 128);\">Freitag,<br \/>\n\t\t\t\t22.Februar<br \/>\n\t\t\t\t20:00h<\/span><\/td>\n<td>\n<p><a href=\"https:\/\/kellertheater-lindenhof.ch\/content\/?event=ben-vatter-gvaetterle\"><img loading=\"lazy\" decoding=\"async\" alt=\"\" class=\"alignright size-thumbnail wp-image-2326\" height=\"150\" src=\"https:\/\/kellertheater-lindenhof.ch\/content\/wp-content\/uploads\/2018\/04\/Ben_Vatter-150x150.jpg\" width=\"150\" \/><\/a><span style=\"color: rgb(0, 128, 128);\"><strong>Ben Vatter \u2013 Gv\u00e4tterle<\/strong><br \/>\n\t\t\t\t\t\u201eSchabernack, tiefsinniger Humor und Absurdes\u201c \u2013 M\u00f6glicherweise kennen Sie Ben Vatter als Chorleiter, als Arrangeur, als Mundartkolumnist, als Musiklehrer, als Herausgeber des Mani-Matter-Liederbuches, als Fasnachtstrompeter \u2013 oder sogar noch vom Fernsehen, wo er vor zehn Jahren als \u201emutigster Chorleiter der Schweiz\u201c einen Auftritt hatte? Alle Mundartfans kommen hier auf ihre Rechnung.<\/span><\/p>\n<p><a href=\"https:\/\/kellertheater-lindenhof.ch\/content\/?event=ben-vatter-gvaetterle\">[Weiter lesen | Buchen]<\/a><\/p>\n<\/td>\n<\/tr>\n<tr>\n<td><span style=\"color: rgb(0, 128, 128);\">Sonntag,<br \/>\n\t\t\t\t3.M\u00e4rz<br \/>\n\t\t\t\t16:30h<\/span><\/td>\n<td>\n<p><a href=\"https:\/\/kellertheater-lindenhof.ch\/content\/?event=alex-capus-koenigskinder\"><img loading=\"lazy\" decoding=\"async\" alt=\"\" class=\"alignright size-thumbnail wp-image-2459\" height=\"150\" src=\"https:\/\/kellertheater-lindenhof.ch\/content\/wp-content\/uploads\/2018\/12\/alex-campus-150x150.jpg\" width=\"150\" \/><\/a><span style=\"color: rgb(0, 128, 128);\"><strong>Alex Capus, liest aus seinem neuen Roman \u201eK\u00f6nigskinder\u201c,&nbsp;<\/strong><br \/>\n\t\t\t\t\teine wahre Begebenheit vor dem Panorama der Weltgeschichte.<\/span><\/p>\n<p><span style=\"color: rgb(0, 128, 128);\">Alex Capus, geboren in der Normandie, lebt als freier Autor in der Schweiz. 1994 ver\u00f6ffentlichter er seinen ersten Erz\u00e4hlungsband, seitdem sind zahlreiche Romane und Kurzgeschichten von ihm erschienen. &nbsp;Sein Roman \u201eL\u00e9on und Louise\u201c wurde f\u00fcr den Deutschen Buchpreis nominiert.<\/span><\/p>\n<p><a href=\"https:\/\/kellertheater-lindenhof.ch\/content\/?event=alex-capus-koenigskinder\">[Weiter lesen | Buchen]<\/a><\/p>\n<\/td>\n<\/tr>\n<tr>\n<td><span style=\"color: rgb(0, 128, 128);\">Samstag,<br \/>\n\t\t\t\t9.M\u00e4rz<br \/>\n\t\t\t\t20:00h<\/span><\/td>\n<td>\n<p><a href=\"https:\/\/kellertheater-lindenhof.ch\/content\/?event=brigitte-marolf-trio-ds-schoenschte-wo-passiert\"><img loading=\"lazy\" decoding=\"async\" alt=\"\" class=\"alignright size-thumbnail wp-image-2328\" height=\"150\" src=\"https:\/\/kellertheater-lindenhof.ch\/content\/wp-content\/uploads\/2018\/04\/brigitte_marolf-150x150.jpg\" width=\"150\" \/><\/a><span style=\"color: rgb(0, 128, 128);\"><strong>Brigitte Marolf im Quartett &#8211;&nbsp;\u201eDs sch\u00f6nschte wo passiert&#8230;\u201c<\/strong><br \/>\n\t\t\t\t\tBrigitte Marolf, die Frau aus dem Seeland, welche mit ihrer tiefgr\u00fcndigen und einzigartigen Stimme das Publikum hoffnungslos fesselt, bloss um einen Atemzug sp\u00e4ter augenzwinkernd und mit viel Schalk wieder loszulassen. M\u00fchelos schafft die Liedermacherin den Spagat zwischen Melancholie und Leichtigkeit, Tiefe und Optimismus. Brigitte Marolf thematisiert in ihren Liedern das t\u00e4gliche Leben mit all seinen Faszinationen und Frustrationen. Es ist schliesslich nicht so einfach, in der kleinen Schweiz stets reibungslos aneinander vorbeizukommen.<\/span><\/p>\n<p><a href=\"https:\/\/kellertheater-lindenhof.ch\/content\/?event=brigitte-marolf-trio-ds-schoenschte-wo-passiert\">[Weiter lesen | Buchen]<\/a><\/p>\n<\/td>\n<\/tr>\n<tr>\n<td><span style=\"color: rgb(0, 128, 128);\">Samstag,<br \/>\n\t\t\t\t23.M\u00e4rz<br \/>\n\t\t\t\t20:00h<\/span><\/td>\n<td>\n<p><a href=\"https:\/\/kellertheater-lindenhof.ch\/content\/?event=cafe-fertig\"><img loading=\"lazy\" decoding=\"async\" alt=\"\" class=\"alignright size-thumbnail wp-image-2330\" height=\"150\" src=\"https:\/\/kellertheater-lindenhof.ch\/content\/wp-content\/uploads\/2018\/04\/cafe_fertig-150x150.jpg\" width=\"150\" \/><\/a><span style=\"color: rgb(0, 128, 128);\"><strong>\u201eCaf\u00e9 Fertig\u201c &#8211; mit Rahel Matter vom Theater Ariane Winterthur<\/strong><br \/>\n\t\t\t\t\tUnsere Milly war auch einmal j\u00fcnger und wollte die Welt erobern. Sie hatte auch einmal Tr\u00e4ume, das heisst, die hat sie noch: Sie sind einfach etwas kleiner und bescheidener geworden. Zur Eroberung der Welt hat sie ihr Walliser Dorf verlassen und ist nach Z\u00fcrich gezogen. Sie begann als Barmaid, wurde Serviertochter. Die M\u00e4nner? Naja, der Prinz auf dem Schimmel kam nicht herangeritten. Aber sie schlug sich tapfer durch. Und irgendwann war sie nicht mehr so jung, so frisch und so abenteuerlustig. Sie hat die Welt, die Stadt, die tollen M\u00e4nner nicht erobert&#8230;<\/span><\/p>\n<p><a href=\"https:\/\/kellertheater-lindenhof.ch\/content\/?event=cafe-fertig\">[Weiter lesen | Buchen]<\/a><\/p>\n<\/td>\n<\/tr>\n<tr>\n<td><span style=\"color: rgb(0, 128, 128);\">Sonntag,<br \/>\n\t\t\t\t24.M\u00e4rz<br \/>\n\t\t\t\t15:30h<\/span><\/td>\n<td>\n<p><a href=\"https:\/\/kellertheater-lindenhof.ch\/content\/?event=zottelkralle-von-cornelia-funke\"><img loading=\"lazy\" decoding=\"async\" alt=\"\" class=\"alignright size-thumbnail wp-image-2332\" height=\"150\" src=\"https:\/\/kellertheater-lindenhof.ch\/content\/wp-content\/uploads\/2018\/04\/zollkralle-150x150.png\" width=\"150\" \/><\/a><span style=\"color: rgb(0, 128, 128);\"><strong>\u201eZottelkralle\u201c <\/strong>von Cornelia Funke<br \/>\n\t\t\t\t\tKalli w\u00fcnscht sich sehnlich ein Monster. Einen Hamster oder einen Hund, das hat ja jedes Kind. Aber ein schneckenhaftes Monster, das w\u00e4re was. Gl\u00fccklicherweise beschliesst zur gleichen Zeit das Erdmonster Zottelkralle bei Kalle einzuziehen. Dabei geht es drunter und dr\u00fcber im Hause bei Kalli.<\/span><\/p>\n<p><strong>Eintritt: Kollekte<\/strong><\/p>\n<p><a href=\"https:\/\/kellertheater-lindenhof.ch\/content\/?event=zottelkralle-von-cornelia-funke\">[Weiter lesen | Buchen]<\/a><\/p>\n<\/td>\n<\/tr>\n<\/tbody>\n<\/table>\n<p style=\"font-size: 13px;\">&nbsp;<\/p>\n<p><span style=\"font-size: 16px;\">Das KTL wird von vielen Freunden, Firmen und Mitgliedern sowie der <a href=\"http:\/\/www.ernst-goehner-stiftung.ch\/\" target=\"_blank\" rel=\"noopener noreferrer\">Ernst G\u00f6hner Stiftung<\/a> und dem <a href=\"http:\/\/www.migros-kulturprozent.ch\/\" target=\"_blank\" rel=\"noopener noreferrer\">Migros-Kulturprozent<\/a> unterst\u00fctzt. <\/span><\/p>\n<p><span style=\"font-size: 16px;\"><strong>Vielen Dank an alle&nbsp;unsere G\u00f6nner ob <\/strong><\/span><span style=\"font-size:20px;\"><strong>gross<\/strong><\/span><span style=\"font-size: 16px;\"><strong> oder <\/strong><\/span><span style=\"font-size:12px;\"><strong>klein<\/strong><\/span><span style=\"font-size: 16px;\"><strong>!<\/strong><\/span><\/p>\n","protected":false},"excerpt":{"rendered":"<p>Wir freuen uns, Ihnen das neue Programm des KTL zu pr\u00e4sentieren! T\u00fcr\u00f6ffnung ist immer um 19:15h also 45 Minuten&nbsp;vor Vorstellungsbeginn. Die Sitzpl\u00e4tze werden nach Eingang der Reservationen vergeben. Preise: Erwachsene CHF 30.00\/35.00, Jugendliche\/Studenten CHF 20.00 (sofern nicht&nbsp;anders deklariert). Abo f\u00fcr &hellip; <a href=\"https:\/\/kellertheater-lindenhof.ch\/content\/?page_id=2307\">Weiterlesen <span class=\"meta-nav\">&rarr;<\/span><\/a><\/p>\n","protected":false},"author":8,"featured_media":0,"parent":4,"menu_order":0,"comment_status":"closed","ping_status":"closed","template":"","meta":{"footnotes":""},"class_list":["post-2307","page","type-page","status-publish","hentry"],"_links":{"self":[{"href":"https:\/\/kellertheater-lindenhof.ch\/content\/index.php?rest_route=\/wp\/v2\/pages\/2307","targetHints":{"allow":["GET"]}}],"collection":[{"href":"https:\/\/kellertheater-lindenhof.ch\/content\/index.php?rest_route=\/wp\/v2\/pages"}],"about":[{"href":"https:\/\/kellertheater-lindenhof.ch\/content\/index.php?rest_route=\/wp\/v2\/types\/page"}],"author":[{"embeddable":true,"href":"https:\/\/kellertheater-lindenhof.ch\/content\/index.php?rest_route=\/wp\/v2\/users\/8"}],"replies":[{"embeddable":true,"href":"https:\/\/kellertheater-lindenhof.ch\/content\/index.php?rest_route=%2Fwp%2Fv2%2Fcomments&post=2307"}],"version-history":[{"count":49,"href":"https:\/\/kellertheater-lindenhof.ch\/content\/index.php?rest_route=\/wp\/v2\/pages\/2307\/revisions"}],"predecessor-version":[{"id":2586,"href":"https:\/\/kellertheater-lindenhof.ch\/content\/index.php?rest_route=\/wp\/v2\/pages\/2307\/revisions\/2586"}],"up":[{"embeddable":true,"href":"https:\/\/kellertheater-lindenhof.ch\/content\/index.php?rest_route=\/wp\/v2\/pages\/4"}],"wp:attachment":[{"href":"https:\/\/kellertheater-lindenhof.ch\/content\/index.php?rest_route=%2Fwp%2Fv2%2Fmedia&parent=2307"}],"curies":[{"name":"wp","href":"https:\/\/api.w.org\/{rel}","templated":true}]}}