{"id":2403,"date":"2018-06-03T15:04:58","date_gmt":"2018-06-03T15:04:58","guid":{"rendered":"https:\/\/kellertheater-lindenhof.ch\/content\/?page_id=2403"},"modified":"2024-06-24T08:13:33","modified_gmt":"2024-06-24T08:13:33","slug":"datenschutzerklaerung","status":"publish","type":"page","link":"https:\/\/kellertheater-lindenhof.ch\/content\/?page_id=2403","title":{"rendered":"Datenschutzerkl\u00e4rung"},"content":{"rendered":"<h2>Allgemeiner Hinweis und Pflichtinformationen<\/h2>\n<p>Benennung der verantwortlichen Stelle:<\/p>\n<p>Daniel Meile,&nbsp; Aarbergstrasse 1, 3294 B\u00fcren a. A., Schweiz<br \/>\nFunktion: Co-Pr\u00e4sident<br \/>\n<a href=\"mailto:info@kellertheater-lindenhof.ch?subject=Anfrage%20zu%20Datenschutz\">info@kellertheater-lindenhof.ch<\/a><\/p>\n<p>Per 25. Mai 2018 trat das Generelle Recht des Datenschutzes in ganz Europa in Kraft. Ziel dieses Gesetzes ist es alle ihre pers\u00f6nlichen Daten zu sch\u00fctzen, d.h. Informationen die es erlauben w\u00fcrden sie zu identifizieren. Bei einer Reservation sammeln wir ihre Daten sowohl in einer verschl\u00fcsselten Datenbank als auch in einer separaten&nbsp;Liste. Diese Liste enth\u00e4lt lediglich ihren Namen, Adresse und E-Mail-Adresse. Diese Adressen verwenden wir lediglich um sie \u00fcber die Aktivit\u00e4ten des Kellertheaters Lindenhof in B\u00fcren a.A. zu informieren. Wir best\u00e4tigen hiermit, dass ihre Adressen niemals an Dritte zur Einsicht weitergegeben werden. Ohne ihre Antwort gehen wir davon aus, dass sie damit einverstanden sind, weiterhin Informationen \u00fcber unsere Vorstellungen und \u00fcber das Theater im Allgemeinen zu erhalten.<\/p>\n<p>Wir sammeln und speichern Informationen, die Sie uns bei einer Buchung \u00fcbermitteln, um Ihre gew\u00fcnschten Pl\u00e4tze bei unserer Veranstaltung zu reservieren und eine Anwesenheitsliste zu f\u00fchren.<\/p>\n<p>Wir sammeln und speichern Informationen, die Sie uns \u00fcber Veranstaltungen (und entsprechende Orte) \u00fcbermitteln, die Sie auf unserer Website ver\u00f6ffentlichen m\u00f6chten.<\/p>\n<p>Wir k\u00f6nnen Cookies verwenden, um Informationen \u00fcber eine laufende Buchung sowie etwaige Fehler-\/Best\u00e4tigungsmeldungen w\u00e4hrend der \u00dcbermittlung oder Verwaltung Ihrer Veranstaltungen und Orte vor\u00fcbergehend zu speichern.<\/p>\n<p>Wir erinnern sie daran, dass sie diese Vereinbarung jederzeit per Mail an <a href=\"mailto:info@kellertheater-lindenhof.ch?subject=Annulierung%20Newsletter\">info@kellertheater-lindenhof.ch<\/a> annullieren k\u00f6nnen. F\u00fcr weitere Informationen stehen wir Ihnen jederzeit gerne zur Verf\u00fcgung.<\/p>\n<h2 class=\"font_2 wixui-rich-text__text\">Verwendung von Google Maps<\/h2>\n<p class=\"font_8 wixui-rich-text__text\">Diese Website nutzt das Angebot von Google Maps. Dadurch k\u00f6nnen wir Ihnen interaktive Karten direkt in der Website anzeigen und erm\u00f6glichen Ihnen die komfortable Nutzung der Karten-Funktion. Durch den Besuch auf der Website erh\u00e4lt Google die Information, dass Sie die entsprechende Unterseite unserer Website aufgerufen haben. Dies erfolgt unabh\u00e4ngig davon, ob Google ein Nutzerkonto bereitstellt, \u00fcber das Sie eingeloggt sind, oder ob kein Nutzerkonto besteht. Wenn Sie bei Google eingeloggt sind, werden Ihre Daten direkt Ihrem Konto zugeordnet. Wenn Sie die Zuordnung mit Ihrem Profil bei Google nicht w\u00fcnschen, m\u00fcssen Sie sich vor Aktivierung des Buttons ausloggen. Google speichert Ihre Daten als Nutzungsprofile und nutzt sie f\u00fcr Zwecke der Werbung, Marktforschung und\/oder bedarfsgerechten Gestaltung seiner Website. Eine solche Auswertung erfolgt insbesondere (selbst f\u00fcr nicht eingeloggte Nutzer) zur Erbringung von bedarfsgerechter Werbung und um andere Nutzer des sozialen Netzwerks \u00fcber Ihre Aktivit\u00e4ten auf unserer Website zu informieren. Ihnen steht ein Widerspruchsrecht zu gegen die Bildung dieser Nutzerprofile, wobei Sie sich zur Aus\u00fcbung dessen an Google richten m\u00fcssen. Weitere Informationen zu Zweck und Umfang der Datenerhebung und ihrer Verarbeitung durch Google erhalten Sie neben weiteren Informationen zu Ihren diesbez\u00fcglichen Rechten und Einstellungsm\u00f6glichkeiten zum Schutze Ihrer Privatsph\u00e4re unter:&nbsp;<span class=\"wixui-rich-text__text\"><a class=\"wixui-rich-text__text\" href=\"http:\/\/www.google.de\/intl\/de\/policies\/privacy\" target=\"_blank\" rel=\"noreferrer noopener\">www.google.de\/intl\/de\/policies\/privacy<\/a><\/span><\/p>\n<h2 class=\"font_2 wixui-rich-text__text\">Datenschutzerkl\u00e4rung f\u00fcr Google Analytics<\/h2>\n<p class=\"font_8 wixui-rich-text__text\">Diese Website benutzt Google Analytics, einen Webanalysedienst der Google Ireland Limited. Wenn der Verantwortliche f\u00fcr die Datenverarbeitung auf dieser Website ausserhalb des Europ\u00e4ischen Wirtschaftsraumes oder der Schweiz sitzt, dann erfolgt die Google Analytics Datenverarbeitung durch Google LLC. Google LLC und Google Ireland Limited werden nachfolgend \u00abGoogle\u00bb genannt.<\/p>\n<p class=\"font_8 wixui-rich-text__text\">\u00dcber die gewonnenen Statistiken k\u00f6nnen wir unser Angebot verbessern und f\u00fcr Sie als Nutzer interessanter ausgestalten. Diese Website verwendet Google Analytics zudem f\u00fcr eine ger\u00e4te\u00fcbergreifende Analyse von Besucherstr\u00f6men, die \u00fcber eine User-ID durchgef\u00fchrt wird. Sofern Sie \u00fcber ein Google-Benutzerkonto verf\u00fcgen, k\u00f6nnen Sie in den dortigen Einstellungen unter \u00abMeine Daten\u00bb, \u00abpers\u00f6nliche Daten\u00bb die ger\u00e4te\u00fcbergreifende Analyse Ihrer Nutzung deaktivieren.<\/p>\n<p class=\"font_8 wixui-rich-text__text\">Rechtsgrundlage f\u00fcr die Nutzung von Google Analytics ist Art. 6 Abs. 1 S. 1 lit. f DS-GVO. Die im Rahmen von Google Analytics von Ihrem Browser \u00fcbermittelte IP-Adresse wird nicht mit anderen Daten von Google zusammengef\u00fchrt. Wir weisen Sie darauf hin, dass auf dieser Website Google Analytics um den Code \u00ab_anonymizeIp();\u00bb erweitert wurde, um eine anonymisierte Erfassung von IP-Adressen zu gew\u00e4hrleisten. Dadurch werden IP-Adressen gek\u00fcrzt weiterverarbeitet, eine Personenbeziehbarkeit kann damit ausgeschlossen werden. Soweit den \u00fcber Sie erhobenen Daten ein Personenbezug zukommt, wird dieser also sofort ausgeschlossen und die personenbezogenen Daten damit umgehend gel\u00f6scht.<\/p>\n<p class=\"font_8 wixui-rich-text__text\">Nur in Ausnahmef\u00e4llen wird die volle IP-Adresse an einen Server von Google in den USA \u00fcbertragen und dort gek\u00fcrzt. Im Auftrag des Betreibers dieser Website wird Google diese Informationen benutzen, um Ihre Nutzung der Website auszuwerten, um Reports \u00fcber die Websitenaktivit\u00e4ten zusammenzustellen und um weitere mit der Websitennutzung und der Internetnutzung verbundene Dienstleistungen gegen\u00fcber dem Websitenbetreiber zu erbringen.<\/p>\n<p class=\"font_8 wixui-rich-text__text\">Google Analytics verwendet Cookies. Die durch den Cookie erzeugten Informationen \u00fcber Ihre Benutzung dieser Website werden in der Regel an einen Server von Google in den USA \u00fcbertragen und dort gespeichert. Sie k\u00f6nnen die Speicherung der Cookies durch eine entsprechende Einstellung Ihrer Browser-Software verhindern; wir weisen Sie jedoch darauf hin, dass Sie in diesem Fall gegebenenfalls nicht s\u00e4mtliche Funktionen dieser Website vollumf\u00e4nglich werden nutzen k\u00f6nnen. Sie k\u00f6nnen dar\u00fcber hinaus die Erfassung der durch das Cookie erzeugten und auf Ihre Nutzung der Website bezogenen Daten (inkl. Ihrer IP-Adresse) an Google sowie die Verarbeitung dieser Daten durch Google verhindern, indem sie das unter dem folgenden Link verf\u00fcgbare Browser-Plugin herunterladen und installieren:&nbsp;<span class=\"wixui-rich-text__text\"><a class=\"wixui-rich-text__text\" href=\"https:\/\/www.swissanwalt.ch\/de\/gaoptout.aspx\" target=\"_blank\" rel=\"noreferrer noopener\">Google Analytics deaktivieren<\/a><\/span>.<\/p>\n<p class=\"font_8 wixui-rich-text__text\">Ausserdem k\u00f6nnen Sie die Nutzung von Google Analytics auch verhindern, indem sie auf diesen Link klicken:&nbsp;<span class=\"wixui-rich-text__text\"><a class=\"wixui-rich-text__text\" href=\"https:\/\/tools.google.com\/dlpage\/gaoptout?hl=de\" target=\"_blank\" rel=\"noreferrer noopener\">Google Analytics deaktivieren<\/a><\/span>. Hierdurch wird ein sog. opt-out Cookie auf ihrem Datentr\u00e4ger gespeichert, der die Verarbeitung personenbezogener Daten durch Google Analytics verhindert. Bitte beachten Sie, dass bei einem L\u00f6schen s\u00e4mtlicher Cookies auf Ihrem Endger\u00e4t auch diese Opt-out-Cookies gel\u00f6scht werden, d.h., dass Sie erneut die Opt-out-Cookies setzen m\u00fcssen, wenn Sie weiterhin diese Form der Datenerhebung verhindern wollen. Die Opt-out-Cookies sind pro Browser und Rechner\/Endger\u00e4t gesetzt und m\u00fcssen daher f\u00fcr jeden Browser, Rechner oder anderes Endger\u00e4t gesondert aktiviert werden.<\/p>\n<p><strong>Aktualisiert am 4.9.23<\/strong><br \/>\nDaniel Meile<\/p>\n","protected":false},"excerpt":{"rendered":"<p>Allgemeiner Hinweis und Pflichtinformationen Benennung der verantwortlichen Stelle: Daniel Meile,&nbsp; Aarbergstrasse 1, 3294 B\u00fcren a. A., Schweiz Funktion: Co-Pr\u00e4sident info@kellertheater-lindenhof.ch Per 25. Mai 2018 trat das Generelle Recht des Datenschutzes in ganz Europa in Kraft. Ziel dieses Gesetzes ist es &hellip; <a href=\"https:\/\/kellertheater-lindenhof.ch\/content\/?page_id=2403\">Weiterlesen <span class=\"meta-nav\">&rarr;<\/span><\/a><\/p>\n","protected":false},"author":8,"featured_media":0,"parent":119,"menu_order":99,"comment_status":"closed","ping_status":"closed","template":"","meta":{"footnotes":""},"class_list":["post-2403","page","type-page","status-publish","hentry"],"_links":{"self":[{"href":"https:\/\/kellertheater-lindenhof.ch\/content\/index.php?rest_route=\/wp\/v2\/pages\/2403","targetHints":{"allow":["GET"]}}],"collection":[{"href":"https:\/\/kellertheater-lindenhof.ch\/content\/index.php?rest_route=\/wp\/v2\/pages"}],"about":[{"href":"https:\/\/kellertheater-lindenhof.ch\/content\/index.php?rest_route=\/wp\/v2\/types\/page"}],"author":[{"embeddable":true,"href":"https:\/\/kellertheater-lindenhof.ch\/content\/index.php?rest_route=\/wp\/v2\/users\/8"}],"replies":[{"embeddable":true,"href":"https:\/\/kellertheater-lindenhof.ch\/content\/index.php?rest_route=%2Fwp%2Fv2%2Fcomments&post=2403"}],"version-history":[{"count":5,"href":"https:\/\/kellertheater-lindenhof.ch\/content\/index.php?rest_route=\/wp\/v2\/pages\/2403\/revisions"}],"predecessor-version":[{"id":3497,"href":"https:\/\/kellertheater-lindenhof.ch\/content\/index.php?rest_route=\/wp\/v2\/pages\/2403\/revisions\/3497"}],"up":[{"embeddable":true,"href":"https:\/\/kellertheater-lindenhof.ch\/content\/index.php?rest_route=\/wp\/v2\/pages\/119"}],"wp:attachment":[{"href":"https:\/\/kellertheater-lindenhof.ch\/content\/index.php?rest_route=%2Fwp%2Fv2%2Fmedia&parent=2403"}],"curies":[{"name":"wp","href":"https:\/\/api.w.org\/{rel}","templated":true}]}}