{"id":2515,"date":"2019-04-30T16:07:30","date_gmt":"2019-04-30T16:07:30","guid":{"rendered":"https:\/\/kellertheater-lindenhof.ch\/content\/?page_id=2515"},"modified":"2025-06-01T08:23:06","modified_gmt":"2025-06-01T08:23:06","slug":"aktuelles-programm","status":"publish","type":"page","link":"https:\/\/kellertheater-lindenhof.ch\/content\/?page_id=2515","title":{"rendered":"Aktuelles Programm"},"content":{"rendered":"\n<ul class=\"wp-block-list\">\n<li>Die Pl\u00e4tz sind nummeriert und werden nach dem Reservationseingang zugeteilt.<\/li>\n\n\n\n<li>Die G\u00e4ste mit Abos sitzen immer am gleichen Platz im vorderen Bereich.&nbsp;&nbsp;<\/li>\n\n\n\n<li>Die T\u00fcr\u00f6ffnung ist um 19.15 Uhr und die Vorstellung beginnt um 20.00 Uhr<\/li>\n\n\n\n<li>Sehr gerne bedienen wir Sie vor und nach der Vorstellung an der Bar.<\/li>\n\n\n\n<li>Die Preise sind f\u00fcr Erwachsene in der Regel CHF 35.- und f\u00fcr Studierende und Sch\u00fclerinnen und Sch\u00fcler CHF 25.-<\/li>\n<\/ul>\n\n\n\n<h2 class=\"wp-block-heading\"><\/h2>\n\n\n\n<p><em><strong><div class=\"em em-view-container\" id=\"em-view-1027473195\" data-view=\"list\">\r\n\t<div class=\"em-list em-events-list\" id=\"em-events-list-1027473195\" data-view-id=\"1027473195\">\r\n\t08.05.2026 ab 20:00 &#8211; <a href=\"https:\/\/kellertheater-lindenhof.ch\/content\/?event=freitag-quizabend-im-kellertheater\">Freitag: Quizabend im Kellertheater<\/a> <\/strong><a href=\"https:\/\/kellertheater-lindenhof.ch\/content\/?event=freitag-quizabend-im-kellertheater\" style=\"float: right; padding-left: 10px; padding-bottom: 10px;\"><img loading=\"lazy\" decoding=\"async\" width=\"150\" height=\"150\" src=\"https:\/\/kellertheater-lindenhof.ch\/content\/wp-content\/uploads\/2026\/01\/keller-quiz-KTL-150x150.png\" class=\"attachment-150x150 size-150x150 wp-post-image\" alt=\"Freitag: Quizabend im Kellertheater\" \/><\/a><br><p>Am Freitag, 8. Mai 2026 wird das Kellertheater erstmals zur Quiz-Arena. Mit dem Kellerquiz erwartet euch ein unterhaltsamer Quizabend im Stil eines klassischen Pubquiz. Im Team m\u00fcsst ihr Fragen zu Allgemeinwissen, Kultur, Geografie, Geschichte und weiteren Kategorien beantworten. Gefordert sind Grips, Teamgeist und etwas Gl\u00fcck.<\/p>\n<p><\/em><a href=\"https:\/\/kellertheater-lindenhof.ch\/content\/?event=freitag-quizabend-im-kellertheater\">[Mehr erfahren | Buchen]<\/a>\n<p><em><strong>11.09.2026 ab 20:00 &#8211; <a href=\"https:\/\/kellertheater-lindenhof.ch\/content\/?event=freitag-muesluem-helfetisch\">Freitag: M\u00fcsl\u00fcm, Helfetisch<\/a> <\/strong><a href=\"https:\/\/kellertheater-lindenhof.ch\/content\/?event=freitag-muesluem-helfetisch\" style=\"float: right; padding-left: 10px; padding-bottom: 10px;\"><img loading=\"lazy\" decoding=\"async\" width=\"150\" height=\"150\" src=\"https:\/\/kellertheater-lindenhof.ch\/content\/wp-content\/uploads\/2026\/03\/muesluem-150x150.jpg\" class=\"attachment-150x150 size-150x150 wp-post-image\" alt=\"Freitag: M\u00fcsl\u00fcm, Helfetisch\" \/><\/a><br><p>Guete Morgen Schweiz, heute geht eine neue Sonne auf! Im Osten, versteht sich. Sie bescheint das Relief der H\u00fcgel und Berge und es glitzern die Autobahnen in den T\u00e4lern. Die Postautos bringen Liebesbriefe, die Steuerverwaltung hat frei und in der Kehrichtverbrennung verrauchen die b\u00f6sen Gedanken emissionslos. Wer h\u00e4tte das gedacht \u2014 die Schweiz, das beste [&#8230;]<\/p>\n<p><\/em><a href=\"https:\/\/kellertheater-lindenhof.ch\/content\/?event=freitag-muesluem-helfetisch\">[Mehr erfahren | Buchen]<\/a>\n<p><em><strong>16.10.2026 ab 20:00 &#8211; <a href=\"https:\/\/kellertheater-lindenhof.ch\/content\/?event=freitag-esther-hasler-7-auf-einen-streich\">Freitag: Esther Hasler - 7 auf einen Streich!<\/a> <\/strong><a href=\"https:\/\/kellertheater-lindenhof.ch\/content\/?event=freitag-esther-hasler-7-auf-einen-streich\" style=\"float: right; padding-left: 10px; padding-bottom: 10px;\"><img loading=\"lazy\" decoding=\"async\" width=\"150\" height=\"150\" src=\"https:\/\/kellertheater-lindenhof.ch\/content\/wp-content\/uploads\/2026\/03\/esther-hasler-150x150.jpg\" class=\"attachment-150x150 size-150x150 wp-post-image\" alt=\"Freitag: Esther Hasler - 7 auf einen Streich!\" \/><\/a><br><p>Das 7. Solost\u00fcck von und mit Esther Hasler Fliegen f\u00fcr den Frieden. \u00dcber den R\u00f6stigraben und um die ganze Welt. Ein funkelndes Feuerwerk voller Pianopoesie. Sophie philosophiert, Marie-Chantal findet die Liebe und der Bio-Zuchtlachs sein Gl\u00fcck. Es ist nie zu sp\u00e4t zum Tr\u00e4umen. Lassen Sie sich \u00fcberraschen. Bet\u00f6rendes Klavierkabarett, frech und schwarzhumorig. Eine Hommage an [&#8230;]<\/p>\n<p><\/em><a href=\"https:\/\/kellertheater-lindenhof.ch\/content\/?event=freitag-esther-hasler-7-auf-einen-streich\">[Mehr erfahren | Buchen]<\/a>\n<p><em><strong>31.10.2026 ab 20:00 &#8211; <a href=\"https:\/\/kellertheater-lindenhof.ch\/content\/?event=samstag-benedikt-meyer-plusquamperfekt-kurioses-von-vorgestern\">Samstag: Benedikt Meyer, Plusquamperfekt: Kurioses von vorgestern<\/a> <\/strong><a href=\"https:\/\/kellertheater-lindenhof.ch\/content\/?event=samstag-benedikt-meyer-plusquamperfekt-kurioses-von-vorgestern\" style=\"float: right; padding-left: 10px; padding-bottom: 10px;\"><img loading=\"lazy\" decoding=\"async\" width=\"150\" height=\"150\" src=\"https:\/\/kellertheater-lindenhof.ch\/content\/wp-content\/uploads\/2026\/03\/benedikt-meyer-150x150.jpg\" class=\"attachment-150x150 size-150x150 wp-post-image\" alt=\"Samstag: Benedikt Meyer, Plusquamperfekt: Kurioses von vorgestern\" \/><\/a><br><p>Mit seinem \u00abHistorischen Kabarett\u00bb hat Benedikt Meyer ein neues Genre erfunden. Nun filousophiert der Historiker in \u00abPlusquamperfekt\u00bb mit feinem Schalk \u00fcber Wilhelm Tells Verwandlungen, unsere Liebe zum Automobil und unsere Obsession mit der Frage, wer in der Steinzeit eigentlich die H\u00f6hle aufger\u00e4umt hat. Mit dem Zeppelin geht\u2019s in poetische H\u00f6hen, Schmetterlinge ver\u00e4ndern die Welt und [&#8230;]<\/p>\n<p><\/em><a href=\"https:\/\/kellertheater-lindenhof.ch\/content\/?event=samstag-benedikt-meyer-plusquamperfekt-kurioses-von-vorgestern\">[Mehr erfahren | Buchen]<\/a>\n<p><em><strong>13.11.2026 ab 20:00 &#8211; <a href=\"https:\/\/kellertheater-lindenhof.ch\/content\/?event=freitag-barbara-hutzenlaub-sprechstunde\">Freitag: Barbara Hutzenlaub - \u201eSprechstunde\u201c<\/a> <\/strong><a href=\"https:\/\/kellertheater-lindenhof.ch\/content\/?event=freitag-barbara-hutzenlaub-sprechstunde\" style=\"float: right; padding-left: 10px; padding-bottom: 10px;\"><img loading=\"lazy\" decoding=\"async\" width=\"150\" height=\"150\" src=\"https:\/\/kellertheater-lindenhof.ch\/content\/wp-content\/uploads\/2026\/03\/barbara-hutzenlaub-150x150.jpg\" class=\"attachment-150x150 size-150x150 wp-post-image\" alt=\"Freitag: Barbara Hutzenlaub - \u201eSprechstunde\u201c\" \/><\/a><br><p>Das Gesundheitswesen kr\u00e4nkelt. Ich kann helfen! Nach meinem Blitz-Studium finde ich zusammen mit meiner Sprechstundenhil-fe Coco Chantal f\u00fcr jede L\u00f6sung das passen-de Problem. Ich biete Gruppen-Therapien f\u00fcr Laktoseintolerante, Intervall-Singles und anonyme Zalando-Opfer. Weiter behandle ich Menschen mit zu kleinem Fussabdruck oder Comedy-Allergie. Meine Salsar\u00fcckf\u00fch-rungen sind legend\u00e4r. Guter Rat ist teuer? Nicht bei mir! Nach zwei [&#8230;]<\/p>\n<p><\/em><a href=\"https:\/\/kellertheater-lindenhof.ch\/content\/?event=freitag-barbara-hutzenlaub-sprechstunde\">[Mehr erfahren | Buchen]<\/a>\n<p><em><strong>05.12.2026 ab 20:00 &#8211; <a href=\"https:\/\/kellertheater-lindenhof.ch\/content\/?event=samstag-hart-auf-hart-sie-sagen-stopp\">Samstag: Hart auf Hart, Sie sagen Stopp<\/a> <\/strong><a href=\"https:\/\/kellertheater-lindenhof.ch\/content\/?event=samstag-hart-auf-hart-sie-sagen-stopp\" style=\"float: right; padding-left: 10px; padding-bottom: 10px;\"><img loading=\"lazy\" decoding=\"async\" width=\"150\" height=\"150\" src=\"https:\/\/kellertheater-lindenhof.ch\/content\/wp-content\/uploads\/2026\/03\/hart-auf-hart-150x150.jpg\" class=\"attachment-150x150 size-150x150 wp-post-image\" alt=\"Samstag: Hart auf Hart, Sie sagen Stopp\" \/><\/a><br><p>Ein Tag, zwei Menschen, zwei Mentalit\u00e4ten, ein Alltag. Autorin und Autor erz\u00e4hlen von tats\u00e4chlichen und unm\u00f6glichen Begegnungen. Er joggt forsch durch den Tag, er ist Schweizer. Sie sitzt zur\u00fcckhaltend im Wartezimmer, sie ist Deutsche. \u2013 Moment. Da stimmt was nicht\u2026 Egal. F\u00fcr sie und ihn wird es ein Streifzug durch menschliche Abgr\u00fcnde mit zuweilen geistigen [&#8230;]<\/p>\n<p><\/em><a href=\"https:\/\/kellertheater-lindenhof.ch\/content\/?event=samstag-hart-auf-hart-sie-sagen-stopp\">[Mehr erfahren | Buchen]<\/a>\n<p><em><strong>\t<\/div>\r\n<\/div> <\/strong><\/em>\n<p>&nbsp;<\/p>\n","protected":false},"excerpt":{"rendered":"<p>&nbsp;<\/p>\n","protected":false},"author":8,"featured_media":0,"parent":4,"menu_order":0,"comment_status":"closed","ping_status":"closed","template":"","meta":{"footnotes":""},"class_list":["post-2515","page","type-page","status-publish","hentry"],"_links":{"self":[{"href":"https:\/\/kellertheater-lindenhof.ch\/content\/index.php?rest_route=\/wp\/v2\/pages\/2515","targetHints":{"allow":["GET"]}}],"collection":[{"href":"https:\/\/kellertheater-lindenhof.ch\/content\/index.php?rest_route=\/wp\/v2\/pages"}],"about":[{"href":"https:\/\/kellertheater-lindenhof.ch\/content\/index.php?rest_route=\/wp\/v2\/types\/page"}],"author":[{"embeddable":true,"href":"https:\/\/kellertheater-lindenhof.ch\/content\/index.php?rest_route=\/wp\/v2\/users\/8"}],"replies":[{"embeddable":true,"href":"https:\/\/kellertheater-lindenhof.ch\/content\/index.php?rest_route=%2Fwp%2Fv2%2Fcomments&post=2515"}],"version-history":[{"count":59,"href":"https:\/\/kellertheater-lindenhof.ch\/content\/index.php?rest_route=\/wp\/v2\/pages\/2515\/revisions"}],"predecessor-version":[{"id":3737,"href":"https:\/\/kellertheater-lindenhof.ch\/content\/index.php?rest_route=\/wp\/v2\/pages\/2515\/revisions\/3737"}],"up":[{"embeddable":true,"href":"https:\/\/kellertheater-lindenhof.ch\/content\/index.php?rest_route=\/wp\/v2\/pages\/4"}],"wp:attachment":[{"href":"https:\/\/kellertheater-lindenhof.ch\/content\/index.php?rest_route=%2Fwp%2Fv2%2Fmedia&parent=2515"}],"curies":[{"name":"wp","href":"https:\/\/api.w.org\/{rel}","templated":true}]}}