{"id":28,"date":"2012-06-04T13:38:11","date_gmt":"2012-06-04T13:38:11","guid":{"rendered":"http:\/\/kellertheater-lindenhof.ch\/content\/?page_id=28"},"modified":"2013-11-11T19:42:20","modified_gmt":"2013-11-11T19:42:20","slug":"geschichte","status":"publish","type":"page","link":"https:\/\/kellertheater-lindenhof.ch\/content\/?page_id=28","title":{"rendered":"Theater"},"content":{"rendered":"<p><em>Es handelt sich hier um den Originaltext aus dem Buch \u201eB\u00fcren im Bild &#8211; Fredy Stotzer, Hornerbl\u00e4tter 2007\u201c, Vereinigung f\u00fcr Heimatpflege B\u00fcren.<\/em><\/p>\n<p><strong>Fredy Stotzer und sein Kellertheater<\/strong><\/p>\n<p>Das Leben wird bekanntlich oftmals mit einem Baum symbolisiert; auf Fredy Stotzer trifft dieses Bild besonders gut zu: B\u00fcren und das St\u00e4dtchen als Wurzelwerk, die Familie als Stamm, die Fotografie, die Welt des Theaters und des Jazz als die tragenden \u00c4ste. Und wer besagtes Bild in seiner Gesamtheit betrachtet, ist angetan von seiner Ausstrahlungskraft und seiner einmaligen unverkennbaren Erscheinung.<\/p>\n<p>Fredy Stotzer hatte Zeit seines Lebens eine Affinit\u00e4t zum Theater. Wie im Vorwort beschrieben, gab ihm sein Beruf das Gef\u00fchl, wie im Theater immer in der ersten Reihe sitzen zu d\u00fcrfen. Eigentlich nur logisch, dass er es nicht unterliess, von dieser ersten Reihe aus auch noch den letzten Schritt zu nehmen, n\u00e4mlich denjenigen auf die Bretter, die die Welt bedeuten. Verschiedentlich hatte er zum Beispiel bei B\u00fcrens Vereinen die Regie bei deren Theateranl\u00e4ssen inne. Legend\u00e4r sind auch die Auftritte am B\u00fcre N\u00f6ijohr geworden, zum Beispiel in der Rolle als Arzt zusammen mit Werner Stotzer oder \u2013 ganz seinem Metier verpflichtet \u2013 als Fotograf, wobei die vermeintlich geschossenen Bilder dann ganz andere Szenen \u2013durchaus nicht nur gern gesehene \u2013 zeigten. Seiner Vorliebe zur Kleintheaterkunst konnte er dann 1965 nachleben als er am Kirchturmbasar im \u201eCabaret T\u00fcrmliwil\u201c im Keller des Schlosses B\u00fcren mitwirkte. Der damalige Erfolg war durchschlagend. Trotz einer Vielzahl von Auff\u00fchrungen fanden bis am Schluss des dreit\u00e4gigen Festes bei Weitem nicht alle einen Platz, um das gelungene Spektakel zu geniessen.<\/p>\n<p><img decoding=\"async\" alt=\"\" src=\"http:\/\/kellertheater-lindenhof.ch\/content\/wp-content\/uploads\/2012\/10\/fredy.png\" style=\"width: 450px; height: 326px;\" \/><br \/>\n\tDiese Gruppe gab die Idee zum Betrieb eines Kellertheaters: Fredy Stotzer, Werner Stotzer-Lenggenhager, Rosemarie Weibel, Erna Habl\u00fctzel, Beat Habl\u00fctzel, Hansruedi Weibel (v.l.n.r)<\/p>\n<p>Diese Produktion mochte wohl der definitive Ausl\u00f6ser f\u00fcr die Schaffung des Kellertheaters gewesen sein. Es dauerte allerdings nach dem Schlossauftritt dreizehn Jahre bis Fredy Stotzer sein Theater er\u00f6ffnete und im <strong>Lindenhof<\/strong> die erste Auff\u00fchrung \u00fcber die B\u00fchne ging. Nicht ganz einfach gestaltete sich n\u00e4mlich die L\u00f6sung der Raumfrage. Die Hoffnung, dass sich bei der Schlossrenovation in den fr\u00fchen 70-er Jahren eine M\u00f6glichkeit auftat, zerschlug sich. Im Lindenhof B\u00fcren wurde Fredy Stotzer schliesslich f\u00fcndig. Mit 130 St\u00fchlen \u00e0 FR. 20.-, die er von einer Glarner Stuhlfabrik erstehen konnte, ein paar weitere Utensilien und einigen Donatoren im R\u00fccken startete er sein Vorhaben im M\u00e4rz 1978. Die erste Veranstaltung, die von den Bowler Hats aus Lyss bestritten wurde, fand beim Publikum eine begeisterte Aufnahme. Fredy Stotzer sah sich best\u00e4tigt, dass ein Kulturangebot in dieser Richtung in B\u00fcren einem Bed\u00fcrfnis entsprach. Eine wertvolle Unterst\u00fctzung f\u00fcr den Betrieb war ihm seine Frau Heidi. Dank der Unterst\u00fctzung durch eine Gruppe von Sponsoren wie dem Gemeinn\u00fctzigen Frauenverein B\u00fcren, der Einwohner- und Burgergemeinde und einigen Privatpersonen konnte das Kellertheater bis auf den heutigen Tag auch finanziell \u00fcberleben. Nur am Rande sei vermerkt, dass Fredy Stotzer letztendlich auch das rechnungsm\u00e4ssige Risiko des Theaterbetriebes immer selber trug. Aus dem ersten Jahr Kellertheater wurde ein zweites und mittlerweilen steht das urspr\u00fcnglich als Einjahres-Versuch&nbsp; vorgesehene Vorhaben kurz davor, seinen 35. Geburtstag zu feiern. An die 250 Vorstellungen bereicherten in diesen drei Jahrzehnten B\u00fcrens Kulturleben nachhaltig.<\/p>\n","protected":false},"excerpt":{"rendered":"<p>Es handelt sich hier um den Originaltext aus dem Buch \u201eB\u00fcren im Bild &#8211; Fredy Stotzer, Hornerbl\u00e4tter 2007\u201c, Vereinigung f\u00fcr Heimatpflege B\u00fcren. Fredy Stotzer und sein Kellertheater Das Leben wird bekanntlich oftmals mit einem Baum symbolisiert; auf Fredy Stotzer trifft &hellip; <a href=\"https:\/\/kellertheater-lindenhof.ch\/content\/?page_id=28\">Weiterlesen <span class=\"meta-nav\">&rarr;<\/span><\/a><\/p>\n","protected":false},"author":8,"featured_media":0,"parent":1011,"menu_order":5,"comment_status":"closed","ping_status":"closed","template":"","meta":{"footnotes":""},"class_list":["post-28","page","type-page","status-publish","hentry"],"_links":{"self":[{"href":"https:\/\/kellertheater-lindenhof.ch\/content\/index.php?rest_route=\/wp\/v2\/pages\/28","targetHints":{"allow":["GET"]}}],"collection":[{"href":"https:\/\/kellertheater-lindenhof.ch\/content\/index.php?rest_route=\/wp\/v2\/pages"}],"about":[{"href":"https:\/\/kellertheater-lindenhof.ch\/content\/index.php?rest_route=\/wp\/v2\/types\/page"}],"author":[{"embeddable":true,"href":"https:\/\/kellertheater-lindenhof.ch\/content\/index.php?rest_route=\/wp\/v2\/users\/8"}],"replies":[{"embeddable":true,"href":"https:\/\/kellertheater-lindenhof.ch\/content\/index.php?rest_route=%2Fwp%2Fv2%2Fcomments&post=28"}],"version-history":[{"count":29,"href":"https:\/\/kellertheater-lindenhof.ch\/content\/index.php?rest_route=\/wp\/v2\/pages\/28\/revisions"}],"predecessor-version":[{"id":1017,"href":"https:\/\/kellertheater-lindenhof.ch\/content\/index.php?rest_route=\/wp\/v2\/pages\/28\/revisions\/1017"}],"up":[{"embeddable":true,"href":"https:\/\/kellertheater-lindenhof.ch\/content\/index.php?rest_route=\/wp\/v2\/pages\/1011"}],"wp:attachment":[{"href":"https:\/\/kellertheater-lindenhof.ch\/content\/index.php?rest_route=%2Fwp%2Fv2%2Fmedia&parent=28"}],"curies":[{"name":"wp","href":"https:\/\/api.w.org\/{rel}","templated":true}]}}