{"id":317,"date":"2012-10-29T11:58:39","date_gmt":"2012-10-29T11:58:39","guid":{"rendered":"http:\/\/kellertheater-lindenhof.ch\/content\/?page_id=317"},"modified":"2024-04-27T06:56:17","modified_gmt":"2024-04-27T06:56:17","slug":"medien","status":"publish","type":"page","link":"https:\/\/kellertheater-lindenhof.ch\/content\/?page_id=317","title":{"rendered":"Medien"},"content":{"rendered":"<p><span style=\"font-size: 20px;\"><strong>Kleinkunst im Keller<\/strong><\/span><br \/>\n\t<span style=\"font-size: 16px;\">B\u00fcren Das Kellertheater Lindenhof wird wieder zum Leben erweckt. Die neuen Besitzer sammeln Geld, bauen um und wollen n\u00e4chsten Oktober wieder er\u00f6ffnen.<img decoding=\"async\" alt=\"\" src=\"http:\/\/kellertheater-lindenhof.ch\/content\/wp-content\/uploads\/2012\/11\/foto_kl.png\" style=\"width: 694px; height: 1041px;\" \/><\/span><\/p>\n<p>Dodo Hug, das Cabaret Rohrspatzen, Lorenz Keiser, die Acapickels&#8230; Das ist nur ein kleiner Ausschnitt aus drei Jahrzehnten Kellertheater Lindenhof in B\u00fcren. 30 Jahre lang bestimmte Fredy Stotzer das Programm im Alleingang als Intendant, Direktor, Kassier und Abwart des Theaters. Als er 2008 verstarb, blieben die St\u00fchle leer und der Vorhang geschlossen.<\/p>\n<p>Nun soll der Lindenhof-Keller wiederbelebt werden. Peter und Christine Wunderli kauften das im Jahre 2012. In erster Linie kauften sie die sch\u00fctzenswerte Villa (siehe Infobox) als Immobilie, denn sie enth\u00e4lt sechs gut erhaltene Wohnungen. In Erinnerungen schwelgend, fokussierten sie sich immer mehr auf den Keller, denn Wunderlis waren fr\u00fcher selber begeisterte Theater-Besucher. Sie bedauerten die Schliessung des \u00abLindenhofs\u00bb. \u00abEs gibt kaum mehr einen Platz f\u00fcr die Kultur in B\u00fcren\u00bb, sagt Peter Wunderli.&nbsp;<\/p>\n<p><strong>Gesucht: 60 000 Franken<\/strong><br \/>\n\tIn einem ersten Schritt renovieren Wunderlis den Keller auf eigene Kosten, mit Beteiligung der Denkmalpflege. \u00abDie W\u00e4nde werden neu verputzt und gestrichen, die B\u00fchne rausgerissen. Wir rechnen mit Renovationskosten von 40 000 Franken\u00bb, sagt Peter Wunderli. Nach der Renovation folgt eine Gesamterneuerung der Infrastruktur: Eine neue B\u00fchne, Licht- und Tonanlagen, rund 100 neue St\u00fchle. Dazu werden eine Toilette und eine Bar eingebaut, beides hat bisher gefehlt. Das alles wird 80 000 bis 100 000 Franken kosten. \u00abUns fehlen jetzt noch 60 000 Franken\u00bb, sagt Peter Wunderli.<\/p>\n<p>Diese Kosten k\u00f6nnen Wunderlis nicht alleine stemmen. Sie haben den Verein Kellertheater Lindenhof gegr\u00fcndet, den Peter Wunderli pr\u00e4sidiert; seine Frau Christine ist neben Gisela Beutler, Helga Inniger, Niklaus Aemmer, Esther Weidmann und Erich Sutter ebenfalls Vorstandsmitglied. Der Verein macht sich nun auf Geldsuche und wird sp\u00e4ter auch das Programm gemeinsam auf die Beine stellen. \u00abWir hoffen auf Gelder aus dem Lotteriefonds, aber auch von der Gemeinde B\u00fcren\u00bb, sagt Peter Wunderli.<\/p>\n<p>B\u00fcrens Gemeindepr\u00e4sidentin Claudia Witschi (SP) steht den Pl\u00e4nen des Vereins positiv gegen\u00fcber. \u00abEs freut mich, dass wieder Leben in das Theater kommt\u00bb, sagt sie. Ende November werde der Verein dem Gemeinderat sein Konzept vorstellen, danach werde sich zeigen, ob die Gemeinde das Projekt unterst\u00fctzt. \u00abWir leisten finanzielle Beitr\u00e4ge an die B\u00fcrener Vereine, deshalb kann ich mir vorstellen, den Theater-Verein in \u00e4hnlichem Rahmen zu unterst\u00fctzen\u00bb, sagt Witschi.<\/p>\n<p><strong>Gesucht: Mitglieder<\/strong><br \/>\n\tDer Verein sucht nicht nur von Seiten der Beh\u00f6rden Unterst\u00fctzung, sondern auch von Privatpersonen und vom lokalen Gewerbe. \u00abDas Ziel ist, bis Ende Jahr 100 Vereinsmitglieder zu gewinnen und 200 bis Ende n\u00e4chsten Jahres \u00bb, sagt Peter Wunderli. Eine Einzelmitgliedschaft kostet 50 Fanken, 80 f\u00fcr Paare und 250 Franken f\u00fcr Firmen. In der Bev\u00f6lkerung sei das Echo laut Wunderli sehr positiv. Dem Verein sei es sehr wichtig, in der Bev\u00f6lkerung breit abgest\u00fctzt zu sein. \u00abFr\u00fcher hing das Theater von einer Einzelperson ab, das soll sich nun \u00e4ndern\u00bb, sagt Peter Wunderli.<\/p>\n<p>Im Oktober n\u00e4chsten Jahres soll sich der Vorhang in B\u00fcren wieder \u00f6ffnen. Der Verein w\u00fcnscht sich ein abwechslungsreiches Kleinkunst-Programm. \u00ab\u00c4hnlich, wie es fr\u00fcher&nbsp;der Fall war\u00bb, sagt Peter Wunderli. Um Kontakte mit den K\u00fcnstlern kn\u00fcpfen zu k\u00f6nnen, ist der Verein der Kleintheatervereinigung KTV beigetreten.<\/p>\n<p>Peter Wunderli hofft, dass irgendwann eine eigene Theatergruppe gegr\u00fcndet wird, die im \u00abLindenhof\u00bb ihr Haustheater hat. Besonders gern auf die B\u00fcrener B\u00fchne holen m\u00f6chte er Michael Elsener, Susanne Kunz oder Pedro Lenz. Weniger vorstellen kann er sich eine \u00abRock Night\u00bb im Lindenhof. \u00abDas w\u00e4re wohl zu laut f\u00fcr diesen Ort. Doch die Musik soll nicht zu kurz kommen\u00bb, sagt er.<\/p>\n<p>F\u00fcr die Er\u00f6ffnung schwebt dem Verein ein Potpurri aus mehreren K\u00fcnstlern vor. \u00abDoch daran denke ich im Moment noch nicht\u00bb, so Peter Wunderli.<br \/>\n\t<span style=\"font-size: 9px;\">Bericht von Andrea Butorin (Bieler Tagblatt vom 09.11.2012) | Als <a href=\"http:\/\/www.bielertagblatt.ch\/nachrichten\/seeland\/kleinkunst-im-keller\" target=\"_blank\" rel=\"noopener\">Orignialquelle <\/a>oder <a href=\"http:\/\/kellertheater-lindenhof.ch\/content\/wp-content\/uploads\/2012\/11\/Kleinkunst-im-Keller-Bieler-Tagblatt.pdf\" target=\"_blank\" rel=\"noopener\">PDF <\/a>lesen.<\/span><\/p>\n<p><strong><span style=\"font-size: 20px;\">Telebielingue Interview mit Vereinspr\u00e4sidenten<\/span><\/strong><\/p>\n<p><iframe loading=\"lazy\" allowfullscreen=\"\" frameborder=\"0\" height=\"315\" src=\"http:\/\/www.youtube.com\/embed\/IldqpTqr_yM\" width=\"560\"><\/iframe><br \/>\n\t<span style=\"font-size: 9px;\">Quelle: Telebielingue Sendung vom 4.11.2012&nbsp;<a href=\"http:\/\/www.telebielingue.ch\/media\/broadcast\/2012\/11\/2012_11_04_Info_D_PL.mp4\" target=\"_blank\" rel=\"noopener\">(Link zur Originalsendung)<\/a><\/span>.<\/p>\n<table align=\"right\" border=\"0\" cellpadding=\"1\" cellspacing=\"1\" style=\"width: 100%;\">\n<tbody>\n<tr>\n<td style=\"text-align: right;\"><a href=\"http:\/\/kellertheater-lindenhof.ch\/content\/?p=855\">Archiv<\/a><\/td>\n<\/tr>\n<\/tbody>\n<\/table>\n<p>&nbsp;<\/p>\n","protected":false},"excerpt":{"rendered":"<p>Kleinkunst im Keller B\u00fcren Das Kellertheater Lindenhof wird wieder zum Leben erweckt. Die neuen Besitzer sammeln Geld, bauen um und wollen n\u00e4chsten Oktober wieder er\u00f6ffnen. Dodo Hug, das Cabaret Rohrspatzen, Lorenz Keiser, die Acapickels&#8230; Das ist nur ein kleiner Ausschnitt &hellip; <a href=\"https:\/\/kellertheater-lindenhof.ch\/content\/?page_id=317\">Weiterlesen <span class=\"meta-nav\">&rarr;<\/span><\/a><\/p>\n","protected":false},"author":8,"featured_media":0,"parent":153,"menu_order":5,"comment_status":"closed","ping_status":"closed","template":"","meta":{"footnotes":""},"class_list":["post-317","page","type-page","status-publish","hentry"],"_links":{"self":[{"href":"https:\/\/kellertheater-lindenhof.ch\/content\/index.php?rest_route=\/wp\/v2\/pages\/317","targetHints":{"allow":["GET"]}}],"collection":[{"href":"https:\/\/kellertheater-lindenhof.ch\/content\/index.php?rest_route=\/wp\/v2\/pages"}],"about":[{"href":"https:\/\/kellertheater-lindenhof.ch\/content\/index.php?rest_route=\/wp\/v2\/types\/page"}],"author":[{"embeddable":true,"href":"https:\/\/kellertheater-lindenhof.ch\/content\/index.php?rest_route=\/wp\/v2\/users\/8"}],"replies":[{"embeddable":true,"href":"https:\/\/kellertheater-lindenhof.ch\/content\/index.php?rest_route=%2Fwp%2Fv2%2Fcomments&post=317"}],"version-history":[{"count":37,"href":"https:\/\/kellertheater-lindenhof.ch\/content\/index.php?rest_route=\/wp\/v2\/pages\/317\/revisions"}],"predecessor-version":[{"id":3304,"href":"https:\/\/kellertheater-lindenhof.ch\/content\/index.php?rest_route=\/wp\/v2\/pages\/317\/revisions\/3304"}],"up":[{"embeddable":true,"href":"https:\/\/kellertheater-lindenhof.ch\/content\/index.php?rest_route=\/wp\/v2\/pages\/153"}],"wp:attachment":[{"href":"https:\/\/kellertheater-lindenhof.ch\/content\/index.php?rest_route=%2Fwp%2Fv2%2Fmedia&parent=317"}],"curies":[{"name":"wp","href":"https:\/\/api.w.org\/{rel}","templated":true}]}}