{"id":425,"date":"2012-11-30T13:04:18","date_gmt":"2012-11-30T13:04:18","guid":{"rendered":"http:\/\/kellertheater-lindenhof.ch\/content\/?page_id=425"},"modified":"2013-12-04T16:42:26","modified_gmt":"2013-12-04T16:42:26","slug":"plane-renovation","status":"publish","type":"page","link":"https:\/\/kellertheater-lindenhof.ch\/content\/?page_id=425","title":{"rendered":"Pl\u00e4ne Renovation"},"content":{"rendered":"<p>Sie finden hier die Pl\u00e4ne die f\u00fcr das Baugesuch eingegeben wurden. Sie k\u00f6nnen die Pl\u00e4ne anklicken und anschauen oder ausdrucken.<\/p>\n<p>Als n\u00e4chster Schritt erfolgt nun die Renovation des Kellers im Januar 2013, d.h. reinigen, entsalzen, erg\u00e4nzen und 2 x streichen. Der Sandsteinboden wird ebenfalls erg\u00e4nzt und ausgefugt. Der Kalkputz und die Restaurierung erfolg im Einvernehmen mit der Kant. Denkmalpflege.<\/p>\n<table align=\"center\" border=\"0\" cellpadding=\"1\" cellspacing=\"1\" style=\"width: 500px;\">\n<tbody>\n<tr>\n<td><a href=\"http:\/\/kellertheater-lindenhof.ch\/content\/wp-content\/uploads\/2012\/12\/grundriss_Schnitt_1_100Teil1.pdf\" target=\"_blank\"><img decoding=\"async\" alt=\"\" src=\"http:\/\/kellertheater-lindenhof.ch\/content\/wp-content\/uploads\/2012\/12\/querschnitt_01.png\" style=\"width: 400px; height: 150px;\" \/><\/a><\/td>\n<\/tr>\n<tr>\n<td>&nbsp;<\/td>\n<\/tr>\n<tr>\n<td><a href=\"http:\/\/kellertheater-lindenhof.ch\/content\/wp-content\/uploads\/2012\/11\/grundriss_Schnitt_1_100Teil2.pdf\" target=\"_blank\"><img decoding=\"async\" alt=\"\" src=\"http:\/\/kellertheater-lindenhof.ch\/content\/wp-content\/uploads\/2012\/11\/schnitt-seite2.png\" style=\"width: 400px; height: 150px;\" \/><\/a><br \/>\n\t\t\t\t&nbsp;<\/td>\n<\/tr>\n<\/tbody>\n<\/table>\n<p>&nbsp;<\/p>\n","protected":false},"excerpt":{"rendered":"<p>Sie finden hier die Pl\u00e4ne die f\u00fcr das Baugesuch eingegeben wurden. Sie k\u00f6nnen die Pl\u00e4ne anklicken und anschauen oder ausdrucken. Als n\u00e4chster Schritt erfolgt nun die Renovation des Kellers im Januar 2013, d.h. reinigen, entsalzen, erg\u00e4nzen und 2 x streichen. &hellip; <a href=\"https:\/\/kellertheater-lindenhof.ch\/content\/?page_id=425\">Weiterlesen <span class=\"meta-nav\">&rarr;<\/span><\/a><\/p>\n","protected":false},"author":8,"featured_media":0,"parent":153,"menu_order":2,"comment_status":"closed","ping_status":"closed","template":"","meta":{"footnotes":""},"class_list":["post-425","page","type-page","status-publish","hentry"],"_links":{"self":[{"href":"https:\/\/kellertheater-lindenhof.ch\/content\/index.php?rest_route=\/wp\/v2\/pages\/425","targetHints":{"allow":["GET"]}}],"collection":[{"href":"https:\/\/kellertheater-lindenhof.ch\/content\/index.php?rest_route=\/wp\/v2\/pages"}],"about":[{"href":"https:\/\/kellertheater-lindenhof.ch\/content\/index.php?rest_route=\/wp\/v2\/types\/page"}],"author":[{"embeddable":true,"href":"https:\/\/kellertheater-lindenhof.ch\/content\/index.php?rest_route=\/wp\/v2\/users\/8"}],"replies":[{"embeddable":true,"href":"https:\/\/kellertheater-lindenhof.ch\/content\/index.php?rest_route=%2Fwp%2Fv2%2Fcomments&post=425"}],"version-history":[{"count":11,"href":"https:\/\/kellertheater-lindenhof.ch\/content\/index.php?rest_route=\/wp\/v2\/pages\/425\/revisions"}],"predecessor-version":[{"id":1110,"href":"https:\/\/kellertheater-lindenhof.ch\/content\/index.php?rest_route=\/wp\/v2\/pages\/425\/revisions\/1110"}],"up":[{"embeddable":true,"href":"https:\/\/kellertheater-lindenhof.ch\/content\/index.php?rest_route=\/wp\/v2\/pages\/153"}],"wp:attachment":[{"href":"https:\/\/kellertheater-lindenhof.ch\/content\/index.php?rest_route=%2Fwp%2Fv2%2Fmedia&parent=425"}],"curies":[{"name":"wp","href":"https:\/\/api.w.org\/{rel}","templated":true}]}}