{"id":53,"date":"2023-11-26T12:42:58","date_gmt":"2023-11-26T12:42:58","guid":{"rendered":"http:\/\/kellertheater-lindenhof.ch\/content\/?page_id=53"},"modified":"2026-05-15T09:17:17","modified_gmt":"2026-05-15T09:17:17","slug":"home","status":"publish","type":"page","link":"https:\/\/kellertheater-lindenhof.ch\/content\/","title":{"rendered":"Liebe Freundinnen und Freunde des Kellertheaters Lindenhof"},"content":{"rendered":"\n<p class=\"has-text-align-center\"><\/p>\n\n\n\n<figure class=\"wp-block-gallery has-nested-images columns-default is-cropped wp-block-gallery-1 is-layout-flex wp-block-gallery-is-layout-flex\">\n<figure class=\"wp-block-image size-large\"><a href=\"https:\/\/kellertheater-lindenhof.ch\/content\/wp-content\/uploads\/2025\/02\/image.png\"><img loading=\"lazy\" decoding=\"async\" width=\"266\" height=\"265\" data-id=\"3652\" src=\"https:\/\/kellertheater-lindenhof.ch\/content\/wp-content\/uploads\/2025\/02\/image.png\" alt=\"\" class=\"wp-image-3652\" srcset=\"https:\/\/kellertheater-lindenhof.ch\/content\/wp-content\/uploads\/2025\/02\/image.png 266w, https:\/\/kellertheater-lindenhof.ch\/content\/wp-content\/uploads\/2025\/02\/image-150x150.png 150w\" sizes=\"auto, (max-width: 266px) 100vw, 266px\" \/><\/a><\/figure>\n\n\n\n<figure class=\"wp-block-image size-large\"><a href=\"https:\/\/kellertheater-lindenhof.ch\/content\/wp-content\/uploads\/2025\/12\/image.png\"><img loading=\"lazy\" decoding=\"async\" width=\"256\" height=\"258\" data-id=\"3864\" src=\"https:\/\/kellertheater-lindenhof.ch\/content\/wp-content\/uploads\/2025\/12\/image.png\" alt=\"\" class=\"wp-image-3864\" srcset=\"https:\/\/kellertheater-lindenhof.ch\/content\/wp-content\/uploads\/2025\/12\/image.png 256w, https:\/\/kellertheater-lindenhof.ch\/content\/wp-content\/uploads\/2025\/12\/image-150x150.png 150w\" sizes=\"auto, (max-width: 256px) 100vw, 256px\" \/><\/a><\/figure>\n<\/figure>\n\n\n\n<p><br><strong>Herzlichen Dank an alle, welche uns in der vergangenen, erfolgreichen Spielzeit unterst\u00fctzt haben.<\/strong> Ohne  Vereinsmitglieder,Sponsorinnen und Sponsoren, Besucherinnen und Besucher sowie die Auftretenden aus nah und fern w\u00e4ren die tollen Kleinkunstabende im Kellertheater Lindenhof nicht m\u00f6glich.<\/p>\n\n\n\n<p><strong>Der Start zur neuen Spielzeit 2026\/2027 wird am Freitag, 11. September 2026 erfolgen. <\/strong>F\u00fcr alle Vorstellungen der n\u00e4chsten Spielzeit k\u00f6nnen Sie bereits Pl\u00e4tze reservieren.<br><strong>Weitere Informationen zum erneut vielf\u00e4ltigen Angebot finden Sie auf dieser Homepage unter dem aktuellen Programm.<\/strong><\/p>\n\n\n\n<p class=\"has-text-align-left\"><strong>Bevor wir in die neue Spielzeit starten, finden im Juni die Schultheater der Schule B\u00fcren auf unserer B\u00fchne statt.<\/strong> Besonders gespannt sind wir auf den Auftritt der M\u00e4dchen und Buben des Kindergartens.<strong><br><\/strong><br><strong>Das Kellertheater ist nicht barrierefrei und nur \u00fcber eine Aussentreppe zu erreichen.<\/strong> Wir k\u00f6nnen das leider nicht \u00e4ndern. Telefonieren Sie uns doch bitte im Zweifelsfall vor einer Reservation damit wir die Situation miteinander besprechen k\u00f6nnen (077 529 51 09).<\/p>\n\n\n\n<p>Wir w\u00fcnschen Ihnen allen einen sch\u00f6nen Sommer und freuen uns, Sie ab September 2026 wieder bei uns begr\u00fcssen zu d\u00fcrfen.<\/p>\n\n\n\n<p>Ihr Team KTL<br>Claudia W., Daniel, Christine S., Claudia R., Andreas, Veronika M., Esther, Renate, Delia, Markus, Marcel, Lukas, Lena, Veronika B., Christine W.<\/p>\n\n\n\n<p class=\"has-text-align-center\"><br><\/p>\n\n\n\n<hr class=\"wp-block-separator has-alpha-channel-opacity\"\/>\n\n\n\n<div class=\"wp-block-columns is-layout-flex wp-container-core-columns-is-layout-9d6595d7 wp-block-columns-is-layout-flex\">\n<div class=\"wp-block-column is-layout-flow wp-block-column-is-layout-flow\" style=\"flex-basis:100%\">\n<div class=\"wp-block-group is-nowrap is-layout-flex wp-container-core-group-is-layout-ad2f72ca wp-block-group-is-layout-flex\"><\/div>\n<\/div>\n<\/div>\n\n\n\n<p><\/p>\n\n\n\n<table dir=\"ltr\" style=\"width: 100%; line-height: 1.6em; color: #008000;\" border=\"0\" cellspacing=\"1\" cellpadding=\"1\" align=\"left\">\n<tbody>\n<tr>\n<td><em><strong><strong style=\"line-height: 1.6em;\">N\u00e4chste Veranstaltungen:<\/strong><\/strong><\/em><\/td>\n<\/tr>\n<\/tbody>\n<\/table>\n<!-- Event Manager List Event Manager List Event Manager List Event Manager List Event Manager List Event Manager List -->\n<p><em><strong><div class=\"em em-view-container\" id=\"em-view-1015568087\" data-view=\"list\">\r\n\t<div class=\"em-list em-events-list\" id=\"em-events-list-1015568087\" data-view-id=\"1015568087\">\r\n\t11.09.2026 um 20:00 &#8211; <a href=\"https:\/\/kellertheater-lindenhof.ch\/content\/?event=freitag-muesluem-helfetisch\">Freitag: M\u00fcsl\u00fcm, Helfetisch<\/a> <\/strong><br><a href=\"https:\/\/kellertheater-lindenhof.ch\/content\/?event=freitag-muesluem-helfetisch\" style=\"float: right; padding-left: 10px; padding-bottom: 20px;\"><img loading=\"lazy\" decoding=\"async\" width=\"150\" height=\"150\" src=\"https:\/\/kellertheater-lindenhof.ch\/content\/wp-content\/uploads\/2026\/03\/muesluem-150x150.jpg\" class=\"attachment-150x150 size-150x150 wp-post-image\" alt=\"Freitag: M\u00fcsl\u00fcm, Helfetisch\" \/><\/a><br><p>Guete Morgen Schweiz, heute geht eine neue Sonne auf! Im Osten, versteht sich. Sie bescheint das Relief der H\u00fcgel und Berge und es glitzern die Autobahnen in den T\u00e4lern. Die Postautos bringen Liebesbriefe, die Steuerverwaltung hat frei und in der Kehrichtverbrennung verrauchen die b\u00f6sen Gedanken emissionslos. Wer h\u00e4tte das gedacht \u2014 die Schweiz, das beste [&#8230;]<\/p>\n<\/em><\/p><p><a href=\"https:\/\/kellertheater-lindenhof.ch\/content\/?event=freitag-muesluem-helfetisch\">&gt; [Mehr erfahren | Buchen]<\/a><br><br><\/p><p>\n<\/p><p><em><strong>16.10.2026 um 20:00 &#8211; <a href=\"https:\/\/kellertheater-lindenhof.ch\/content\/?event=freitag-esther-hasler-7-auf-einen-streich\">Freitag: Esther Hasler - 7 auf einen Streich!<\/a> <\/strong><br><a href=\"https:\/\/kellertheater-lindenhof.ch\/content\/?event=freitag-esther-hasler-7-auf-einen-streich\" style=\"float: right; padding-left: 10px; padding-bottom: 20px;\"><img loading=\"lazy\" decoding=\"async\" width=\"150\" height=\"150\" src=\"https:\/\/kellertheater-lindenhof.ch\/content\/wp-content\/uploads\/2026\/03\/esther-hasler-150x150.jpg\" class=\"attachment-150x150 size-150x150 wp-post-image\" alt=\"Freitag: Esther Hasler - 7 auf einen Streich!\" \/><\/a><br><p>Das 7. Solost\u00fcck von und mit Esther Hasler Fliegen f\u00fcr den Frieden. \u00dcber den R\u00f6stigraben und um die ganze Welt. Ein funkelndes Feuerwerk voller Pianopoesie. Sophie philosophiert, Marie-Chantal findet die Liebe und der Bio-Zuchtlachs sein Gl\u00fcck. Es ist nie zu sp\u00e4t zum Tr\u00e4umen. Lassen Sie sich \u00fcberraschen. Bet\u00f6rendes Klavierkabarett, frech und schwarzhumorig. Eine Hommage an [&#8230;]<\/p>\n<\/em><\/p><p><a href=\"https:\/\/kellertheater-lindenhof.ch\/content\/?event=freitag-esther-hasler-7-auf-einen-streich\">&gt; [Mehr erfahren | Buchen]<\/a><br><br><\/p><p>\n<\/p><p><em><strong>31.10.2026 um 20:00 &#8211; <a href=\"https:\/\/kellertheater-lindenhof.ch\/content\/?event=samstag-benedikt-meyer-plusquamperfekt-kurioses-von-vorgestern\">Samstag: Benedikt Meyer, Plusquamperfekt: Kurioses von vorgestern<\/a> <\/strong><br><a href=\"https:\/\/kellertheater-lindenhof.ch\/content\/?event=samstag-benedikt-meyer-plusquamperfekt-kurioses-von-vorgestern\" style=\"float: right; padding-left: 10px; padding-bottom: 20px;\"><img loading=\"lazy\" decoding=\"async\" width=\"150\" height=\"150\" src=\"https:\/\/kellertheater-lindenhof.ch\/content\/wp-content\/uploads\/2026\/03\/benedikt-meyer-150x150.jpg\" class=\"attachment-150x150 size-150x150 wp-post-image\" alt=\"Samstag: Benedikt Meyer, Plusquamperfekt: Kurioses von vorgestern\" \/><\/a><br><p>Mit seinem \u00abHistorischen Kabarett\u00bb hat Benedikt Meyer ein neues Genre erfunden. Nun filousophiert der Historiker in \u00abPlusquamperfekt\u00bb mit feinem Schalk \u00fcber Wilhelm Tells Verwandlungen, unsere Liebe zum Automobil und unsere Obsession mit der Frage, wer in der Steinzeit eigentlich die H\u00f6hle aufger\u00e4umt hat. Mit dem Zeppelin geht\u2019s in poetische H\u00f6hen, Schmetterlinge ver\u00e4ndern die Welt und [&#8230;]<\/p>\n<\/em><\/p><p><a href=\"https:\/\/kellertheater-lindenhof.ch\/content\/?event=samstag-benedikt-meyer-plusquamperfekt-kurioses-von-vorgestern\">&gt; [Mehr erfahren | Buchen]<\/a><br><br><\/p><p>\n<\/p><p><em><strong>\t<\/div>\r\n<\/div> <\/strong><\/em><\/p>\n<!-- Event Manager List Event Manager List Event Manager List Event Manager List Event Manager List Event Manager List -->\n<table dir=\"ltr\" style=\"width: 100%; line-height: 1.6em; color: #008000;\" border=\"0\" cellspacing=\"1\" cellpadding=\"1\" align=\"left\">\n<tbody>\n<tr>\n<td><em><strong><strong style=\"line-height: 1.6em;\">Parkpl\u00e4tze finden Sie beim Bahnhof B\u00fcren a.A., nur 3 Gehminuten vom Theater entfernt. Auch im St\u00e4dtli selbst befinden sich viele Parkm\u00f6glichkeiten.<\/strong><\/strong><\/em><\/td>\n<\/tr>\n<\/tbody>\n<\/table>\n<p><em><strong><strong style=\"line-height: 1.6em;\"><iframe loading=\"lazy\" src=\"http:\/\/regiohelden.de\/google-maps\/map.php?height=450&amp;hl=de&amp;q=Aarbergstrasse%201%2C%203294%20B%C3%BCren%20an%20der%20Aare%2C%20Schweiz+(Kellertheater%20Lindenhof)&amp;ie=UTF8&amp;t=&amp;z=14&amp;iwloc=A&amp;output=embed\" width=\"100%\" height=\"450\" frameborder=\"0\" marginwidth=\"0\" marginheight=\"0\" scrolling=\"no\">&amp;amp;amp;amp;amp;amp;amp;amp;amp;amp;amp;amp;amp;amp;amp;amp;amp;amp;amp;amp;amp;amp;amp;amp;amp;amp;amp;amp;amp;amp;amp;amp;amp;amp;amp;amp;amp;amp;amp;amp;amp;amp;amp;amp;amp;amp;amp;amp;amp;amp;amp;amp;amp;amp;amp;amp;amp;amp;amp;amp;amp;amp;amp;amp;amp;amp;amp;amp;amp;amp;amp;amp;amp;amp;amp;amp;amp;amp;amp;amp;amp;amp;amp;amp;amp;amp;amp;amp;amp;amp;amp;amp;amp;amp;amp;amp;amp;amp;amp;amp;amp;amp;amp;amp;amp;amp;amp;amp;amp;amp;amp;amp;amp;amp;amp;amp;amp;amp;amp;amp;amp;amp;amp;amp;amp;amp;amp;amp;amp;amp;amp;amp;amp;amp;amp;amp;amp;amp;amp;amp;amp;amp;amp;amp;amp;amp;amp;amp;amp;amp;amp;amp;amp;amp;amp;amp;amp;amp;amp;amp;amp;amp;amp;amp;amp;amp;amp;amp;amp;amp;amp;amp;amp;amp;amp;amp;amp;amp;amp;amp;amp;amp;amp;amp;amp;amp;amp;amp;amp;amp;amp;amp;amp;amp;amp;amp;amp;amp;amp;amp;amp;amp;amp;amp;amp;amp;amp;amp;amp;amp;amp;amp;amp;amp;amp;amp;amp;amp;amp;amp;amp;amp;amp;amp;amp;amp;amp;amp;amp;amp;amp;amp;amp;amp;amp;amp;amp;amp;amp;amp;amp;amp;amp;amp;amp;amp;amp;amp;amp;amp;amp;amp;amp;amp;amp;amp;amp;amp;amp;amp;amp;amp;amp;amp;amp;amp;amp;amp;amp;amp;amp;amp;amp;amp;amp;amp;amp;amp;amp;amp;amp;amp;amp;amp;amp;amp;amp;amp;amp;amp;amp;amp;amp;amp;amp;amp;amp;amp;amp;amp;amp;amp;amp;amp;amp;amp;amp;amp;amp;amp;amp;amp;amp;amp;amp;amp;lt;a style=&#8220;font-size: 9px;&#8220; data-cke-saved-href=&#8220;http:\/\/www.regiohelden.de\/google-maps\/&#8220; href=&#8220;http:\/\/www.regiohelden.de\/google-maps\/&#8220; style=&#8220;font-size: 9px;&#8220;&amp;amp;amp;amp;amp;amp;amp;amp;amp;amp;amp;amp;amp;amp;amp;amp;amp;amp;amp;amp;amp;amp;amp;amp;amp;amp;amp;amp;amp;amp;amp;amp;amp;amp;amp;amp;amp;amp;amp;amp;amp;amp;amp;amp;amp;amp;amp;amp;amp;amp;amp;amp;amp;amp;amp;amp;amp;amp;amp;amp;amp;amp;amp;amp;amp;amp;amp;amp;amp;amp;amp;amp;amp;amp;amp;amp;amp;amp;amp;amp;amp;amp;amp;amp;amp;amp;amp;amp;amp;amp;amp;amp;amp;amp;amp;amp;amp;amp;amp;amp;amp;amp;amp;amp;amp;amp;amp;amp;amp;amp;amp;amp;amp;amp;amp;amp;amp;amp;amp;amp;amp;amp;amp;amp;amp;amp;amp;amp;amp;amp;amp;amp;amp;amp;amp;amp;amp;amp;amp;amp;amp;amp;amp;amp;amp;amp;amp;amp;amp;amp;amp;amp;amp;amp;amp;amp;amp;amp;amp;amp;amp;amp;amp;amp;amp;amp;amp;amp;amp;amp;amp;amp;amp;amp;amp;amp;amp;amp;amp;amp;amp;amp;amp;amp;amp;amp;amp;amp;amp;amp;amp;amp;amp;amp;amp;amp;amp;amp;amp;amp;amp;amp;amp;amp;amp;amp;amp;amp;amp;amp;amp;amp;amp;amp;amp;amp;amp;amp;amp;amp;amp;amp;amp;amp;amp;amp;amp;amp;amp;amp;amp;amp;amp;amp;amp;amp;amp;amp;amp;amp;amp;amp;amp;amp;amp;amp;amp;amp;amp;amp;amp;amp;amp;amp;amp;amp;amp;amp;amp;amp;amp;amp;amp;amp;amp;amp;amp;amp;amp;amp;amp;amp;amp;amp;amp;amp;amp;amp;amp;amp;amp;amp;amp;amp;amp;amp;amp;amp;amp;amp;amp;amp;amp;amp;amp;amp;amp;amp;amp;amp;amp;amp;amp;amp;amp;amp;amp;amp;amp;amp;amp;amp;amp;amp;amp;amp;gt;Google Maps Generator&amp;amp;amp;amp;amp;amp;amp;amp;amp;amp;amp;amp;amp;amp;amp;amp;amp;amp;amp;amp;amp;amp;amp;amp;amp;amp;amp;amp;amp;amp;amp;amp;amp;amp;amp;amp;amp;amp;amp;amp;amp;amp;amp;amp;amp;amp;amp;amp;amp;amp;amp;amp;amp;amp;amp;amp;amp;amp;amp;amp;amp;amp;amp;amp;amp;amp;amp;amp;amp;amp;amp;amp;amp;amp;amp;amp;amp;amp;amp;amp;amp;amp;amp;amp;amp;amp;amp;amp;amp;amp;amp;amp;amp;amp;amp;amp;amp;amp;amp;amp;amp;amp;amp;amp;amp;amp;amp;amp;amp;amp;amp;amp;amp;amp;amp;amp;amp;amp;amp;amp;amp;amp;amp;amp;amp;amp;amp;amp;amp;amp;amp;amp;amp;amp;amp;amp;amp;amp;amp;amp;amp;amp;amp;amp;amp;amp;amp;amp;amp;amp;amp;amp;amp;amp;amp;amp;amp;amp;amp;amp;amp;amp;amp;amp;amp;amp;amp;amp;amp;amp;amp;amp;amp;amp;amp;amp;amp;amp;amp;amp;amp;amp;amp;amp;amp;amp;amp;amp;amp;amp;amp;amp;amp;amp;amp;amp;amp;amp;amp;amp;amp;amp;amp;amp;amp;amp;amp;amp;amp;amp;amp;amp;amp;amp;amp;amp;amp;amp;amp;amp;amp;amp;amp;amp;amp;amp;amp;amp;amp;amp;amp;amp;amp;amp;amp;amp;amp;amp;amp;amp;amp;amp;amp;amp;amp;amp;amp;amp;amp;amp;amp;amp;amp;amp;amp;amp;amp;amp;amp;amp;amp;amp;amp;amp;amp;amp;amp;amp;amp;amp;amp;amp;amp;amp;amp;amp;amp;amp;amp;amp;amp;amp;amp;amp;amp;amp;amp;amp;amp;amp;amp;amp;amp;amp;amp;amp;amp;amp;amp;amp;amp;amp;amp;amp;amp;amp;amp;amp;amp;amp;amp;amp;amp;amp;amp;amp;lt;\/a&amp;amp;amp;amp;amp;amp;amp;amp;amp;amp;amp;amp;amp;amp;amp;amp;amp;amp;amp;amp;amp;amp;amp;amp;amp;amp;amp;amp;amp;amp;amp;amp;amp;amp;amp;amp;amp;amp;amp;amp;amp;amp;amp;amp;amp;amp;amp;amp;amp;amp;amp;amp;amp;amp;amp;amp;amp;amp;amp;amp;amp;amp;amp;amp;amp;amp;amp;amp;amp;amp;amp;amp;amp;amp;amp;amp;amp;amp;amp;amp;amp;amp;amp;amp;amp;amp;amp;amp;amp;amp;amp;amp;amp;amp;amp;amp;amp;amp;amp;amp;amp;amp;amp;amp;amp;amp;amp;amp;amp;amp;amp;amp;amp;amp;amp;amp;amp;amp;amp;amp;amp;amp;amp;amp;amp;amp;amp;amp;amp;amp;amp;amp;amp;amp;amp;amp;amp;amp;amp;amp;amp;amp;amp;amp;amp;amp;amp;amp;amp;amp;amp;amp;amp;amp;amp;amp;amp;amp;amp;amp;amp;amp;amp;amp;amp;amp;amp;amp;amp;amp;amp;amp;amp;amp;amp;amp;amp;amp;amp;amp;amp;amp;amp;amp;amp;amp;amp;amp;amp;amp;amp;amp;amp;amp;amp;amp;amp;amp;amp;amp;amp;amp;amp;amp;amp;amp;amp;amp;amp;amp;amp;amp;amp;amp;amp;amp;amp;amp;amp;amp;amp;amp;amp;amp;amp;amp;amp;amp;amp;amp;amp;amp;amp;amp;amp;amp;amp;amp;amp;amp;amp;amp;amp;amp;amp;amp;amp;amp;amp;amp;amp;amp;amp;amp;amp;amp;amp;amp;amp;amp;amp;amp;amp;amp;amp;amp;amp;amp;amp;amp;amp;amp;amp;amp;amp;amp;amp;amp;amp;amp;amp;amp;amp;amp;amp;amp;amp;amp;amp;amp;amp;amp;amp;amp;amp;amp;amp;amp;amp;amp;amp;amp;amp;amp;amp;amp;amp;amp;amp;amp;amp;amp;amp;amp;amp;amp;gt; by &amp;amp;amp;amp;amp;amp;amp;amp;amp;amp;amp;amp;amp;amp;amp;amp;amp;amp;amp;amp;amp;amp;amp;amp;amp;amp;amp;amp;amp;amp;amp;amp;amp;amp;amp;amp;amp;amp;amp;amp;amp;amp;amp;amp;amp;amp;amp;amp;amp;amp;amp;amp;amp;amp;amp;amp;amp;amp;amp;amp;amp;amp;amp;amp;amp;amp;amp;amp;amp;amp;amp;amp;amp;amp;amp;amp;amp;amp;amp;amp;amp;amp;amp;amp;amp;amp;amp;amp;amp;amp;amp;amp;amp;amp;amp;amp;amp;amp;amp;amp;amp;amp;amp;amp;amp;amp;amp;amp;amp;amp;amp;amp;amp;amp;amp;amp;amp;amp;amp;amp;amp;amp;amp;amp;amp;amp;amp;amp;amp;amp;amp;amp;amp;amp;amp;amp;amp;amp;amp;amp;amp;amp;amp;amp;amp;amp;amp;amp;amp;amp;amp;amp;amp;amp;amp;amp;amp;amp;amp;amp;amp;amp;amp;amp;amp;amp;amp;amp;amp;amp;amp;amp;amp;amp;amp;amp;amp;amp;amp;amp;amp;amp;amp;amp;amp;amp;amp;amp;amp;amp;amp;amp;amp;amp;amp;amp;amp;amp;amp;amp;amp;amp;amp;amp;amp;amp;amp;amp;amp;amp;amp;amp;amp;amp;amp;amp;amp;amp;amp;amp;amp;amp;amp;amp;amp;amp;amp;amp;amp;amp;amp;amp;amp;amp;amp;amp;amp;amp;amp;amp;amp;amp;amp;amp;amp;amp;amp;amp;amp;amp;amp;amp;amp;amp;amp;amp;amp;amp;amp;amp;amp;amp;amp;amp;amp;amp;amp;amp;amp;amp;amp;amp;amp;amp;amp;amp;amp;amp;amp;amp;amp;amp;amp;amp;amp;amp;amp;amp;amp;amp;amp;amp;amp;amp;amp;amp;amp;amp;amp;amp;amp;amp;amp;amp;amp;amp;amp;amp;amp;amp;amp;amp;amp;amp;amp;amp;lt;a data-cke-saved-href=&#8220;http:\/\/www.regiohelden.de\/&#8220; href=&#8220;http:\/\/www.regiohelden.de\/&#8220;&amp;amp;amp;amp;amp;amp;amp;amp;amp;amp;amp;amp;amp;amp;amp;amp;amp;amp;amp;amp;amp;amp;amp;amp;amp;amp;amp;amp;amp;amp;amp;amp;amp;amp;amp;amp;amp;amp;amp;amp;amp;amp;amp;amp;amp;amp;amp;amp;amp;amp;amp;amp;amp;amp;amp;amp;amp;amp;amp;amp;amp;amp;amp;amp;amp;amp;amp;amp;amp;amp;amp;amp;amp;amp;amp;amp;amp;amp;amp;amp;amp;amp;amp;amp;amp;amp;amp;amp;amp;amp;amp;amp;amp;amp;amp;amp;amp;amp;amp;amp;amp;amp;amp;amp;amp;amp;amp;amp;amp;amp;amp;amp;amp;amp;amp;amp;amp;amp;amp;amp;amp;amp;amp;amp;amp;amp;amp;amp;amp;amp;amp;amp;amp;amp;amp;amp;amp;amp;amp;amp;amp;amp;amp;amp;amp;amp;amp;amp;amp;amp;amp;amp;amp;amp;amp;amp;amp;amp;amp;amp;amp;amp;amp;amp;amp;amp;amp;amp;amp;amp;amp;amp;amp;amp;amp;amp;amp;amp;amp;amp;amp;amp;amp;amp;amp;amp;amp;amp;amp;amp;amp;amp;amp;amp;amp;amp;amp;amp;amp;amp;amp;amp;amp;amp;amp;amp;amp;amp;amp;amp;amp;amp;amp;amp;amp;amp;amp;amp;amp;amp;amp;amp;amp;amp;amp;amp;amp;amp;amp;amp;amp;amp;amp;amp;amp;amp;amp;amp;amp;amp;amp;amp;amp;amp;amp;amp;amp;amp;amp;amp;amp;amp;amp;amp;amp;amp;amp;amp;amp;amp;amp;amp;amp;amp;amp;amp;amp;amp;amp;amp;amp;amp;amp;amp;amp;amp;amp;amp;amp;amp;amp;amp;amp;amp;amp;amp;amp;amp;amp;amp;amp;amp;amp;amp;amp;amp;amp;amp;amp;amp;amp;amp;amp;amp;amp;amp;amp;amp;amp;amp;amp;amp;amp;amp;amp;amp;gt;RegioHelden&amp;amp;amp;amp;amp;amp;amp;amp;amp;amp;amp;amp;amp;amp;amp;amp;amp;amp;amp;amp;amp;amp;amp;amp;amp;amp;amp;amp;amp;amp;amp;amp;amp;amp;amp;amp;amp;amp;amp;amp;amp;amp;amp;amp;amp;amp;amp;amp;amp;amp;amp;amp;amp;amp;amp;amp;amp;amp;amp;amp;amp;amp;amp;amp;amp;amp;amp;amp;amp;amp;amp;amp;amp;amp;amp;amp;amp;amp;amp;amp;amp;amp;amp;amp;amp;amp;amp;amp;amp;amp;amp;amp;amp;amp;amp;amp;amp;amp;amp;amp;amp;amp;amp;amp;amp;amp;amp;amp;amp;amp;amp;amp;amp;amp;amp;amp;amp;amp;amp;amp;amp;amp;amp;amp;amp;amp;amp;amp;amp;amp;amp;amp;amp;amp;amp;amp;amp;amp;amp;amp;amp;amp;amp;amp;amp;amp;amp;amp;amp;amp;amp;amp;amp;amp;amp;amp;amp;amp;amp;amp;amp;amp;amp;amp;amp;amp;amp;amp;amp;amp;amp;amp;amp;amp;amp;amp;amp;amp;amp;amp;amp;amp;amp;amp;amp;amp;amp;amp;amp;amp;amp;amp;amp;amp;amp;amp;amp;amp;amp;amp;amp;amp;amp;amp;amp;amp;amp;amp;amp;amp;amp;amp;amp;amp;amp;amp;amp;amp;amp;amp;amp;amp;amp;amp;amp;amp;amp;amp;amp;amp;amp;amp;amp;amp;amp;amp;amp;amp;amp;amp;amp;amp;amp;amp;amp;amp;amp;amp;amp;amp;amp;amp;amp;amp;amp;amp;amp;amp;amp;amp;amp;amp;amp;amp;amp;amp;amp;amp;amp;amp;amp;amp;amp;amp;amp;amp;amp;amp;amp;amp;amp;amp;amp;amp;amp;amp;amp;amp;amp;amp;amp;amp;amp;amp;amp;amp;amp;amp;amp;amp;amp;amp;amp;amp;amp;amp;amp;amp;amp;amp;amp;amp;amp;amp;amp;amp;lt;\/a&amp;amp;amp;amp;amp;amp;amp;amp;amp;amp;amp;amp;amp;amp;amp;amp;amp;amp;amp;amp;amp;amp;amp;amp;amp;amp;amp;amp;amp;amp;amp;amp;amp;amp;amp;amp;amp;amp;amp;amp;amp;amp;amp;amp;amp;amp;amp;amp;amp;amp;amp;amp;amp;amp;amp;amp;amp;amp;amp;amp;amp;amp;amp;amp;amp;amp;amp;amp;amp;amp;amp;amp;amp;amp;amp;amp;amp;amp;amp;amp;amp;amp;amp;amp;amp;amp;amp;amp;amp;amp;amp;amp;amp;amp;amp;amp;amp;amp;amp;amp;amp;amp;amp;amp;amp;amp;amp;amp;amp;amp;amp;amp;amp;amp;amp;amp;amp;amp;amp;amp;amp;amp;amp;amp;amp;amp;amp;amp;amp;amp;amp;amp;amp;amp;amp;amp;amp;amp;amp;amp;amp;amp;amp;amp;amp;amp;amp;amp;amp;amp;amp;amp;amp;amp;amp;amp;amp;amp;amp;amp;amp;amp;amp;amp;amp;amp;amp;amp;amp;amp;amp;amp;amp;amp;amp;amp;amp;amp;amp;amp;amp;amp;amp;amp;amp;amp;amp;amp;amp;amp;amp;amp;amp;amp;amp;amp;amp;amp;amp;amp;amp;amp;amp;amp;amp;amp;amp;amp;amp;amp;amp;amp;amp;amp;amp;amp;amp;amp;amp;amp;amp;amp;amp;amp;amp;amp;amp;amp;amp;amp;amp;amp;amp;amp;amp;amp;amp;amp;amp;amp;amp;amp;amp;amp;amp;amp;amp;amp;amp;amp;amp;amp;amp;amp;amp;amp;amp;amp;amp;amp;amp;amp;amp;amp;amp;amp;amp;amp;amp;amp;amp;amp;amp;amp;amp;amp;amp;amp;amp;amp;amp;amp;amp;amp;amp;amp;amp;amp;amp;amp;amp;amp;amp;amp;amp;amp;amp;amp;amp;amp;amp;amp;amp;amp;amp;amp;amp;amp;amp;amp;amp;amp;amp;amp;amp;amp;gt;<\/iframe><\/strong><\/strong><\/em><\/p>\n\n\n\n<p><a href=\"https:\/\/kellertheater-lindenhof.ch\/content\/?page_id=2515\">&gt; [Alle Veranstaltungen sehen]<\/a><\/p>\n\n\n\n<p><strong>Anmelden f\u00fcr Newsletter<\/strong><\/p>\n\n\n<script>(function() {\n\twindow.mc4wp = window.mc4wp || {\n\t\tlisteners: [],\n\t\tforms: {\n\t\t\ton: function(evt, cb) {\n\t\t\t\twindow.mc4wp.listeners.push(\n\t\t\t\t\t{\n\t\t\t\t\t\tevent   : evt,\n\t\t\t\t\t\tcallback: cb\n\t\t\t\t\t}\n\t\t\t\t);\n\t\t\t}\n\t\t}\n\t}\n})();\n<\/script><!-- Mailchimp for WordPress v4.12.5 - https:\/\/wordpress.org\/plugins\/mailchimp-for-wp\/ --><form id=\"mc4wp-form-1\" class=\"mc4wp-form mc4wp-form-3403\" method=\"post\" data-id=\"3403\" data-name=\"Newsletter\" ><div class=\"mc4wp-form-fields\"><table width=\"100%\">\r\n    <tr>\r\n        <td>\r\n            <label>Ihr Name<\/label>\r\n        <\/td>\r\n        <td>\r\n            <input type=\"text\" name=\"FNAME\" required=\"\">\r\n        <\/td>\r\n    <\/tr>\r\n    <tr>\r\n        <td>\r\n            <label>Ihre E-Mail-Adresse:<\/label>\r\n        <\/td>\r\n        <td>\r\n            <input type=\"email\" name=\"EMAIL\" placeholder=\"ihre@mailadresse.ch\" required \/>\r\n        <\/td>\r\n    <\/tr>\r\n    <tr>\r\n        <td colspan=\"2\">\r\n            <input type=\"submit\" value=\"Abonnieren\">\r\n        <\/td>\r\n    <\/tr>\r\n<\/table>\r\n<\/div><label style=\"display: none !important;\">Wenn du ein Mensch bist, lasse das Feld leer: <input type=\"text\" name=\"_mc4wp_honeypot\" value=\"\" tabindex=\"-1\" autocomplete=\"off\" \/><\/label><input type=\"hidden\" name=\"_mc4wp_timestamp\" value=\"1778919454\" \/><input type=\"hidden\" name=\"_mc4wp_form_id\" value=\"3403\" \/><input type=\"hidden\" name=\"_mc4wp_form_element_id\" value=\"mc4wp-form-1\" \/><div class=\"mc4wp-response\"><\/div><\/form><!-- \/ Mailchimp for WordPress Plugin -->","protected":false},"excerpt":{"rendered":"<p>Herzlichen Dank an alle, welche uns in der vergangenen, erfolgreichen Spielzeit unterst\u00fctzt haben. Ohne Vereinsmitglieder,Sponsorinnen und Sponsoren, Besucherinnen und Besucher sowie die Auftretenden aus nah und fern w\u00e4ren die tollen Kleinkunstabende im Kellertheater Lindenhof nicht m\u00f6glich. Der Start zur neuen &hellip; <a href=\"https:\/\/kellertheater-lindenhof.ch\/content\/\">Weiterlesen <span class=\"meta-nav\">&rarr;<\/span><\/a><\/p>\n","protected":false},"author":8,"featured_media":0,"parent":0,"menu_order":0,"comment_status":"closed","ping_status":"closed","template":"","meta":{"footnotes":""},"class_list":["post-53","page","type-page","status-publish","hentry"],"_links":{"self":[{"href":"https:\/\/kellertheater-lindenhof.ch\/content\/index.php?rest_route=\/wp\/v2\/pages\/53","targetHints":{"allow":["GET"]}}],"collection":[{"href":"https:\/\/kellertheater-lindenhof.ch\/content\/index.php?rest_route=\/wp\/v2\/pages"}],"about":[{"href":"https:\/\/kellertheater-lindenhof.ch\/content\/index.php?rest_route=\/wp\/v2\/types\/page"}],"author":[{"embeddable":true,"href":"https:\/\/kellertheater-lindenhof.ch\/content\/index.php?rest_route=\/wp\/v2\/users\/8"}],"replies":[{"embeddable":true,"href":"https:\/\/kellertheater-lindenhof.ch\/content\/index.php?rest_route=%2Fwp%2Fv2%2Fcomments&post=53"}],"version-history":[{"count":668,"href":"https:\/\/kellertheater-lindenhof.ch\/content\/index.php?rest_route=\/wp\/v2\/pages\/53\/revisions"}],"predecessor-version":[{"id":3982,"href":"https:\/\/kellertheater-lindenhof.ch\/content\/index.php?rest_route=\/wp\/v2\/pages\/53\/revisions\/3982"}],"wp:attachment":[{"href":"https:\/\/kellertheater-lindenhof.ch\/content\/index.php?rest_route=%2Fwp%2Fv2%2Fmedia&parent=53"}],"curies":[{"name":"wp","href":"https:\/\/api.w.org\/{rel}","templated":true}]}}